{"id":9,"date":"2019-03-31T18:39:05","date_gmt":"2019-03-31T16:39:05","guid":{"rendered":"http:\/\/happybus.pl\/?page_id=9"},"modified":"2024-02-06T14:10:59","modified_gmt":"2024-02-06T13:10:59","slug":"o-nas","status":"publish","type":"page","link":"https:\/\/happybus.pl\/index.php\/o-nas\/","title":{"rendered":"O NAS"},"content":{"rendered":"<div class=\"ui-row row\">\n <div   class=\"ui-column span9\"><div class=\"ui--title ui--animation ui--title-bordered text-left\"><div class=\"ui--title-holder\"><h3 class=\"ui--title-text\">O NAS<\/h3><div style=\"border-color: #0e7bdd !important;\" class=\"ui--title-borders ui--title-border-left\"><\/div><div style=\"border-color: #0e7bdd !important;\" class=\"ui--title-borders ui--title-border-right\"><\/div><\/div><\/div><div class=\"auto-format ui--animation\"><p style=\"text-align: justify;\">Jeste\u015bmy firm\u0105 z olbrzymim potencja\u0142em, dzia\u0142aj\u0105c\u0105 na rynku turystycznym od 1994 roku. Posiadamy wpis do Rejestru Organizator\u00f3w Turystyki Wojew\u00f3dztwa Dolno\u015bl\u0105skiego pod numerem <strong>443\/33\/2010 oraz Gwarancj\u0119 Ubezpieczeniow\u0105 Towarzystwa Ubezpieczeniowego \u201e SIGNAL IDUNA POLSKA<\/strong>, co uprawnia nas do organizowania w pe\u0142nym zakresie imprez turystycznych na terenie ca\u0142ej Europy.<\/p>\n<p><strong>Nasza firma zrodzi\u0142a si\u0119 z osobistej pasji do podr\u00f3\u017cy!<br \/>\nStale si\u0119 rozwijamy, poszerzamy zakres dzia\u0142ania i szukamy nowych wyzwa\u0144<\/strong><br \/>\n<strong>Zawsze uwa\u017cali\u015bmy, za Hansem Christianem Andersenem, \u017ce &#8221; Kto podr\u00f3\u017cuje ten dwa razy \u017cyje&#8221;<\/strong><em><\/em><br \/>\nNaszymi atutami s\u0105 <strong>kreatywno\u015b\u0107, elastyczno\u015b\u0107 i otwarto\u015b\u0107<\/strong> na potrzeby i mo\u017cliwo\u015bci naszych Klient\u00f3w<\/p>\n<p style=\"text-align: justify;\">Organizujemy:<\/p>\n<ul>\n<li>wycieczki objazdowe do najpi\u0119kniejszych miejsc w Polsce i w Europie<\/li>\n<li>wycieczki samolotowe<\/li>\n<li> wycieczki szkolne<\/li>\n<li>zielone szko\u0142y<\/li>\n<li>pielgrzymki<\/li>\n<li>wyjazdy integracyjne dla firm<\/li>\n<li> wczasy<\/li>\n<li>obozy m\u0142odzie\u017cowe.<\/li>\n<\/ul>\n<p>Posiadamy w\u0142asn\u0105 flot\u0119 <strong>komfortowych, nowoczesnych autokar\u00f3w<\/strong> spe\u0142niaj\u0105cych najwy\u017csze normy bezpiecze\u0144stwa i ekologii.<br \/>\nGwarantujemy naszym Klientom najkorzystniejsze ceny i profesjonaln\u0105 obs\u0142ug\u0119 na najwy\u017cszym poziomie. Dzia\u0142aj\u0105c z pasj\u0105 i zaanga\u017cowaniem, przy wykorzystaniu naszego dotychczasowego do\u015bwiadczenia w bran\u017cy turystycznej, praktyki w pilota\u017cu wycieczek i w\u0142asnego taboru autokarowego. <strong>Zapewniamy Pa\u0144stwu us\u0142ug\u0119 najlepszej jako\u015bci!<\/strong><\/p>\n<p style=\"text-align: justify;\">Oferujemy r\u00f3wnie\u017c us\u0142ugi w zakresie ubezpiecze\u0144 podr\u00f3\u017cnych, zar\u00f3wno dla os\u00f3b indywidualnych, jak i dla grup zorganizowanych.<br \/>\n<strong>Jako touroperator pragniemy przyczyni\u0107 si\u0119 do spe\u0142nienia Pa\u0144stwa marze\u0144 o emocjonuj\u0105cych i niezapomnianych podr\u00f3\u017cach.<br \/>\n<em>Jak pisa\u0142 Ryszard Kapu\u015bci\u0144ski: &#8222;Wszak istnieje co\u015b takiego jak zara\u017cenie podr\u00f3\u017c\u0105 i jest to rodzaj choroby w gruncie rzeczy nieuleczalnej&#8221;<br \/>\nPozw\u00f3lmy sobie na to!<\/em><br \/>\n<em>Serdecznie zapraszamy do wsp\u00f3\u0142pracy !<\/strong><\/em><br \/>\n<strong>Sta\u0142ym Klientom zapewniamy atrakcyjne rabaty!<\/strong><em><\/em><br \/>\nPosiadamy wszelkie wymagane zezwolenia, certyfikaty i licencje.<br \/>\nJeste\u015bmy cz\u0142onkiem Dolno\u015bl\u0105skiego Stowarzyszenia Przewo\u017anik\u00f3w Mi\u0119dzynarodowych oraz Dolno\u015bl\u0105skiej Izby Turystyki.<\/p>\n<\/div><div id=\"ui--gallery-1\" class=\"ui--gallery ui--pass\" data-columns=\"5\"><div class=\"unstyled-all clearfix ui--gallery-wrapper columns-5 \"><div class=\"ui--carousel clearfix\" data-options=\"{&quot;effect&quot;:&quot;&quot;,&quot;auto_rotate&quot;:&quot;1&quot;,&quot;animation_loop&quot;:true,&quot;arrows&quot;:true,&quot;rotate_time&quot;:0,&quot;animate&quot;:true}\"><div class=\"slides\"><div class=\"ui-fluid-columns ui-fluid-columns-5 ui-row row\">\n <div   class=\"ui-column ui-fluid-column\"><div class=\"ui--gallery-item ui--animation\"><div class=\"inner\"><a href=\"https:\/\/happybus.pl\/wp-content\/uploads\/2024\/02\/Zagrzeb1.jpg\" target=\"_blank\" data-rel=\"prettyPhoto[ui--gallery-1]\"><img decoding=\"async\" src=\"https:\/\/happybus.pl\/wp-content\/uploads\/2024\/02\/Zagrzeb1-500x500.jpg\" class=\"\" alt=\"O NAS\"\/><div class=\"ui--gallery-overlay\"><div class=\"center\"><span class=\"btn btn-normal btn-icon-left btn-grey ui--animation\" href=\"#\" style=\"\"><i class=\"ui--icon fontawesome-fullscreen\"><\/i><\/span> <\/div><\/div><\/a><\/div><\/div><\/div> \n\n <div   class=\"ui-column ui-fluid-column\"><div class=\"ui--gallery-item ui--animation\"><div class=\"inner\"><a href=\"https:\/\/happybus.pl\/wp-content\/uploads\/2024\/02\/Drezno2.jpg\" target=\"_blank\" data-rel=\"prettyPhoto[ui--gallery-1]\"><img decoding=\"async\" src=\"https:\/\/happybus.pl\/wp-content\/uploads\/2024\/02\/Drezno2-500x500.jpg\" class=\"\" alt=\"O NAS\"\/><div class=\"ui--gallery-overlay\"><div class=\"center\"><span class=\"btn btn-normal btn-icon-left btn-grey ui--animation\" href=\"#\" style=\"\"><i class=\"ui--icon fontawesome-fullscreen\"><\/i><\/span> <\/div><\/div><\/a><\/div><\/div><\/div> \n\n <div   class=\"ui-column ui-fluid-column\"><div class=\"ui--gallery-item ui--animation\"><div class=\"inner\"><a href=\"https:\/\/happybus.pl\/wp-content\/uploads\/2024\/02\/Wieden3.jpg\" target=\"_blank\" data-rel=\"prettyPhoto[ui--gallery-1]\"><img decoding=\"async\" src=\"https:\/\/happybus.pl\/wp-content\/uploads\/2024\/02\/Wieden3-500x500.jpg\" class=\"\" alt=\"O NAS\"\/><div class=\"ui--gallery-overlay\"><div class=\"center\"><span class=\"btn btn-normal btn-icon-left btn-grey ui--animation\" href=\"#\" style=\"\"><i class=\"ui--icon fontawesome-fullscreen\"><\/i><\/span> <\/div><\/div><\/a><\/div><\/div><\/div> \n\n <div   class=\"ui-column ui-fluid-column\"><div class=\"ui--gallery-item ui--animation\"><div class=\"inner\"><a href=\"https:\/\/happybus.pl\/wp-content\/uploads\/2024\/02\/Tallin.jpg\" target=\"_blank\" data-rel=\"prettyPhoto[ui--gallery-1]\"><img decoding=\"async\" src=\"https:\/\/happybus.pl\/wp-content\/uploads\/2024\/02\/Tallin-500x500.jpg\" class=\"\" alt=\"O NAS\"\/><div class=\"ui--gallery-overlay\"><div class=\"center\"><span class=\"btn btn-normal btn-icon-left btn-grey ui--animation\" href=\"#\" style=\"\"><i class=\"ui--icon fontawesome-fullscreen\"><\/i><\/span> <\/div><\/div><\/a><\/div><\/div><\/div> \n\n <div   class=\"ui-column ui-fluid-column last\"><div class=\"ui--gallery-item ui--animation\"><div class=\"inner\"><a href=\"https:\/\/happybus.pl\/wp-content\/uploads\/2019\/04\/phoca_thumb_l_alpy27.jpg\" target=\"_blank\" data-rel=\"prettyPhoto[ui--gallery-1]\"><img decoding=\"async\" src=\"https:\/\/happybus.pl\/wp-content\/uploads\/2019\/04\/phoca_thumb_l_alpy27-500x500.jpg\" class=\"\" alt=\"O NAS\"\/><div class=\"ui--gallery-overlay\"><div class=\"center\"><span class=\"btn btn-normal btn-icon-left btn-grey ui--animation\" href=\"#\" style=\"\"><i class=\"ui--icon fontawesome-fullscreen\"><\/i><\/span> <\/div><\/div><\/a><\/div><\/div><\/div> \n\n<\/div> \n<div class=\"ui-fluid-columns ui-fluid-columns-5 ui-row row\">\n <div   class=\"ui-column ui-fluid-column\"><div class=\"ui--gallery-item ui--animation\"><div class=\"inner\"><a href=\"https:\/\/happybus.pl\/wp-content\/uploads\/2024\/02\/paryz10.jpg\" target=\"_blank\" data-rel=\"prettyPhoto[ui--gallery-1]\"><img decoding=\"async\" src=\"https:\/\/happybus.pl\/wp-content\/uploads\/2024\/02\/paryz10-500x500.jpg\" class=\"\" alt=\"O NAS\"\/><div class=\"ui--gallery-overlay\"><div class=\"center\"><span class=\"btn btn-normal btn-icon-left btn-grey ui--animation\" href=\"#\" style=\"\"><i class=\"ui--icon fontawesome-fullscreen\"><\/i><\/span> <\/div><\/div><\/a><\/div><\/div><\/div> \n\n <div   class=\"ui-column ui-fluid-column\"><div class=\"ui--gallery-item ui--animation\"><div class=\"inner\"><a href=\"https:\/\/happybus.pl\/wp-content\/uploads\/2024\/02\/Gruzja-33.jpg\" target=\"_blank\" data-rel=\"prettyPhoto[ui--gallery-1]\"><img decoding=\"async\" src=\"https:\/\/happybus.pl\/wp-content\/uploads\/2024\/02\/Gruzja-33-500x500.jpg\" class=\"\" alt=\"O NAS\"\/><div class=\"ui--gallery-overlay\"><div class=\"center\"><span class=\"btn btn-normal btn-icon-left btn-grey ui--animation\" href=\"#\" style=\"\"><i class=\"ui--icon fontawesome-fullscreen\"><\/i><\/span> <\/div><\/div><\/a><\/div><\/div><\/div> \n\n <div   class=\"ui-column ui-fluid-column\"><div class=\"ui--gallery-item ui--animation\"><div class=\"inner\"><a href=\"https:\/\/happybus.pl\/wp-content\/uploads\/2024\/02\/paryz.jpg\" target=\"_blank\" data-rel=\"prettyPhoto[ui--gallery-1]\"><img decoding=\"async\" src=\"https:\/\/happybus.pl\/wp-content\/uploads\/2024\/02\/paryz-500x500.jpg\" class=\"\" alt=\"O NAS\"\/><div class=\"ui--gallery-overlay\"><div class=\"center\"><span class=\"btn btn-normal btn-icon-left btn-grey ui--animation\" href=\"#\" style=\"\"><i class=\"ui--icon fontawesome-fullscreen\"><\/i><\/span> <\/div><\/div><\/a><\/div><\/div><\/div> \n\n <div   class=\"ui-column ui-fluid-column\"><div class=\"ui--gallery-item ui--animation\"><div class=\"inner\"><a href=\"https:\/\/happybus.pl\/wp-content\/uploads\/2024\/02\/Florencja3.jpg\" target=\"_blank\" data-rel=\"prettyPhoto[ui--gallery-1]\"><img decoding=\"async\" src=\"https:\/\/happybus.pl\/wp-content\/uploads\/2024\/02\/Florencja3-500x500.jpg\" class=\"\" alt=\"O NAS\"\/><div class=\"ui--gallery-overlay\"><div class=\"center\"><span class=\"btn btn-normal btn-icon-left btn-grey ui--animation\" href=\"#\" style=\"\"><i class=\"ui--icon fontawesome-fullscreen\"><\/i><\/span> <\/div><\/div><\/a><\/div><\/div><\/div> \n\n<\/div> \n<\/div><\/div><\/div><div class=\"clearfix\"><\/div><\/div><div class=\"ui--title ui--animation ui--title-bordered text-left\"><div class=\"ui--title-holder\"><h3 class=\"ui--title-text\">NASZE AUTOKARY<\/h3><div style=\"border-color: #0e7bdd !important;\" class=\"ui--title-borders ui--title-border-left\"><\/div><div style=\"border-color: #0e7bdd !important;\" class=\"ui--title-borders ui--title-border-right\"><\/div><\/div><\/div><div class=\"auto-format ui--animation\"><p><strong>VOLVO 9700, rok. prod. 2018<\/strong><\/p>\n<ul>\n<li>Liczba miejsc 55+1+1<\/li>\n<li>NORMA ekologiczna EURO 6<\/li>\n<li>Autokar komfortowy, wysoko pok\u0142adowy, trzyosiowy, klasy *****<\/li>\n<\/ul>\n<p><strong>MERCEDES BENZ TRAVEGO, rok. prod. 2017<\/strong><\/p>\n<ul>\n<li>Liczba miejsc 53+1+1<\/li>\n<li>NORMA ekologiczna EURO 6<\/li>\n<li>Autokar komfortowy, wysoko pok\u0142adowy, trzyosiowy, klasy *****<\/li>\n<\/ul>\n<\/div><div class=\"ui--title ui--animation ui--title-bordered text-left\"><div class=\"ui--title-holder\"><h4 class=\"ui--title-text\">Wyposa\u017cenie<\/h4><div style=\"border-color: #0e7bdd !important;\" class=\"ui--title-borders ui--title-border-left\"><\/div><div style=\"border-color: #0e7bdd !important;\" class=\"ui--title-borders ui--title-border-right\"><\/div><\/div><\/div><div class=\"ui-row row\">\n <div   class=\"ui-column span6\"><ul class=\"ui--list list-font-icon parent-1\"><li class=\"child-1 total-6 ui--animation\"><i class=\"list-icon 14px fontawesome-ok\" style=\"color: #0e7bdd !important;\"><\/i>klimatyzacja<\/li><li class=\"child-2 total-6 ui--animation\"><i class=\"list-icon 14px fontawesome-ok\" style=\"color: #0e7bdd !important;\"><\/i>wc<\/li><li class=\"child-3 total-6 ui--animation\"><i class=\"list-icon 14px fontawesome-ok\" style=\"color: #0e7bdd !important;\"><\/i>caffe-bar<\/li><li class=\"child-4 total-6 ui--animation\"><i class=\"list-icon 14px fontawesome-ok\" style=\"color: #0e7bdd !important;\"><\/i>DVD\/video<\/li><li class=\"child-5 total-6 ui--animation\"><i class=\"list-icon 14px fontawesome-ok\" style=\"color: #0e7bdd !important;\"><\/i>nag\u0142o\u015bnienie<\/li><li class=\"child-6 total-6 ui--animation\"><i class=\"list-icon 14px fontawesome-ok\" style=\"color: #0e7bdd !important;\"><\/i>indywidualne o\u015bwietlenie<\/li>  <\/ul><\/div> \n\n <div   class=\"ui-column span6\"><ul class=\"ui--list list-font-icon parent-2\"><li class=\"child-1 total-6 ui--animation\"><i class=\"list-icon 14px fontawesome-ok\" style=\"color: #0e7bdd !important;\"><\/i>monitory LCD<\/li><li class=\"child-2 total-6 ui--animation\"><i class=\"list-icon 14px fontawesome-ok\" style=\"color: #0e7bdd !important;\"><\/i>wygodne, regulowane siedzenia<\/li><li class=\"child-3 total-6 ui--animation\"><i class=\"list-icon 14px fontawesome-ok\" style=\"color: #0e7bdd !important;\"><\/i>pasy bezpiecze\u0144stwa na wszystkich fotelach<\/li><li class=\"child-4 total-6 ui--animation\"><i class=\"list-icon 14px fontawesome-ok\" style=\"color: #0e7bdd !important;\"><\/i>du\u017ce i pojemne luki baga\u017cowe<\/li><li class=\"child-5 total-6 ui--animation\"><i class=\"list-icon 14px fontawesome-ok\" style=\"color: #0e7bdd !important;\"><\/i>dodatkowe baga\u017cniki na narty<\/li><li class=\"child-6 total-6 ui--animation\"><i class=\"list-icon 14px fontawesome-ok\" style=\"color: #0e7bdd !important;\"><\/i>przestronne, nowoczesne wn\u0119trze<\/li>  <\/ul><\/div> \n\n<\/div> \n<div id=\"ui--gallery-2\" class=\"ui--gallery ui--pass\" data-columns=\"5\"><div class=\"unstyled-all clearfix ui--gallery-wrapper columns-5 \"><div class=\"ui-fluid-columns ui-fluid-columns-5 ui-row row\">\n <div   class=\"ui-column ui-fluid-column\"><div class=\"ui--gallery-item ui--animation\"><div class=\"inner\"><a href=\"https:\/\/happybus.pl\/wp-content\/uploads\/2019\/04\/dsc_0724.jpg\" target=\"_blank\" data-rel=\"prettyPhoto[ui--gallery-2]\"><img decoding=\"async\" src=\"https:\/\/happybus.pl\/wp-content\/uploads\/2019\/04\/dsc_0724-500x500.jpg\" class=\"\" alt=\"O NAS\"\/><div class=\"ui--gallery-overlay\"><div class=\"center\"><span class=\"btn btn-normal btn-icon-left btn-grey ui--animation\" href=\"#\" style=\"\"><i class=\"ui--icon fontawesome-fullscreen\"><\/i><\/span> <\/div><\/div><\/a><\/div><\/div><\/div> \n\n<\/div> \n<\/div><div class=\"clearfix\"><\/div><\/div><\/div> \n\n <div   class=\"ui-column span3\"><div class=\"ui--image-wrap clearfix text-center ui--block\" style=\"margin-bottom: 10px;\"><a href=\"https:\/\/happybus.pl\/index.php\/wycieczki-objazdowe-2\/\"><img decoding=\"async\"  id=\"ui--image-1\" class=\"ui--image ui--animation\" src=\"https:\/\/happybus.pl\/wp-content\/uploads\/2024\/02\/Wycieczki-objazdowe1-1.jpg\" alt=\"Chorwacja-1\" title=\"Chorwacja-1\" data-at2x=\"\"\/><\/a><\/div><div class=\"ui--image-wrap clearfix text-center ui--block\" style=\"margin-bottom: 10px;\"><a href=\"https:\/\/happybus.pl\/index.php\/dla-firm\/\"><img decoding=\"async\"  id=\"ui--image-2\" class=\"ui--image ui--animation\" src=\"https:\/\/happybus.pl\/wp-content\/uploads\/2024\/02\/Integracyjne1-1.jpg\" alt=\"Wycieczki-objazdowe-1\" title=\"Wycieczki-objazdowe-1\" data-at2x=\"\"\/><\/a><\/div><div class=\"ui--image-wrap clearfix text-center ui--block\" style=\"margin-bottom: 10px;\"><a href=\"https:\/\/happybus.pl\/index.php\/wycieczki-promem\/\"><img decoding=\"async\"  id=\"ui--image-3\" class=\"ui--image ui--animation\" src=\"https:\/\/happybus.pl\/wp-content\/uploads\/2024\/02\/promem1-1.jpg\" alt=\"Majowka-1\" title=\"Majowka-1\" data-at2x=\"\"\/><\/a><\/div><div class=\"ui--image-wrap clearfix text-center ui--block\" style=\"margin-bottom: 10px;\"><a href=\"https:\/\/happybus.pl\/index.php\/wycieczki-szkolne-2\/\"><img decoding=\"async\"  id=\"ui--image-4\" class=\"ui--image ui--animation\" src=\"https:\/\/happybus.pl\/wp-content\/uploads\/2024\/02\/szkolne-1.jpg\" alt=\"wycieczki_dla_grup\" title=\"wycieczki_dla_grup\" data-at2x=\"\"\/><\/a><\/div><div class=\"ui--image-wrap clearfix text-center ui--block\" style=\"margin-bottom: 10px;\"><a href=\"https:\/\/happybus.com.pl\/\"><img decoding=\"async\"  id=\"ui--image-5\" class=\"ui--image ui--animation\" src=\"https:\/\/happybus.pl\/wp-content\/uploads\/2024\/02\/wynajem-autokarow-1.jpg\" alt=\"\" title=\"\" data-at2x=\"\"\/><\/a><\/div><\/div> \n\n<\/div> \n<div  class=\"fullwidth-content ui--section clearfix\"><div  class=\"ui--section-content\"><div class=\"container\">\n\t\t\t<div class=\"gmap-wrapper ui--animation gmap-fullwidth fullwidth-content clearfix\" style=\"margin-bottom: -20px;  height: 400px;\">\n\t\t\t\t<div class=\"gmap-wrap-holder\" style=\"height: 400px;\"><\/div>\n\t\t\t\t<div id=\"gmap-HmEv\" class=\"gmap clearfix\" style=\"height: 400px;\" data-gmap-options=\"{&quot;zoom&quot;:15,&quot;maptype&quot;:&quot;ROADMAP&quot;,&quot;doubleclickzoom&quot;:true,&quot;scrollwheel&quot;:true,&quot;address&quot;:&quot;&quot;,&quot;latitude&quot;:51.22673,&quot;longitude&quot;:17.47667,&quot;markers&quot;:[{&quot;html&quot;:&quot;&quot;,&quot;address&quot;:&quot;&quot;,&quot;latitude&quot;:51.22673,&quot;longitude&quot;:17.47667,&quot;popup&quot;:false}],&quot;controls&quot;:false,&quot;stylers&quot;:[{&quot;stylers&quot;:[{&quot;hue&quot;:&quot;#0e7bdd&quot;}]},{&quot;featureType&quot;:&quot;road&quot;,&quot;elementType&quot;:&quot;geometry&quot;,&quot;stylers&quot;:[{&quot;visibility&quot;:&quot;simplified&quot;},{&quot;lightness&quot;:50}]},[],[],[]]}\"><\/div>\n\t\t\t\t\n\t\t\t<\/div>\n\t\t\t<\/div><\/div><\/div><!-- \/.fullwidth-container -->","protected":false},"excerpt":{"rendered":"<p>O NASJeste\u015bmy firm\u0105 z olbrzymim potencja\u0142em, dzia\u0142aj\u0105c\u0105 na rynku turystycznym od 1994 roku. Posiadamy wpis do Rejestru Organizator\u00f3w Turystyki Wojew\u00f3dztwa Dolno\u015bl\u0105skiego pod numerem 443\/33\/2010 oraz Gwarancj\u0119 Ubezpieczeniow\u0105 Towarzystwa Ubezpieczeniowego \u201e SIGNAL IDUNA POLSKA, co uprawnia nas do organizowania w pe\u0142nym zakresie imprez turystycznych na terenie ca\u0142ej Europy. Nasza firma zrodzi\u0142a si\u0119 z osobistej pasji do podr\u00f3\u017cy! Stale si\u0119 rozwijamy, poszerzamy zakres dzia\u0142ania i szukamy nowych wyzwa\u0144 Zawsze uwa\u017cali\u015bmy, za Hansem Christianem Andersenem, \u017ce &#8221; Kto [&hellip;]<\/p>\n","protected":false},"author":1,"featured_media":0,"parent":0,"menu_order":0,"comment_status":"closed","ping_status":"closed","template":"","meta":{"footnotes":""},"yoast_head":"<!-- This site is optimized with the Yoast SEO plugin v21.7 - https:\/\/yoast.com\/wordpress\/plugins\/seo\/ -->\n<title>O NAS - HAPPY BUS - OLE\u015aNICA<\/title>\n<meta name=\"robots\" content=\"index, follow, max-snippet:-1, max-image-preview:large, max-video-preview:-1\" \/>\n<link rel=\"canonical\" href=\"https:\/\/happybus.pl\/index.php\/o-nas\/\" \/>\n<meta property=\"og:locale\" content=\"pl_PL\" \/>\n<meta property=\"og:type\" content=\"article\" \/>\n<meta property=\"og:title\" content=\"O NAS - HAPPY BUS - OLE\u015aNICA\" \/>\n<meta property=\"og:description\" content=\"O NASJeste\u015bmy firm\u0105 z olbrzymim potencja\u0142em, dzia\u0142aj\u0105c\u0105 na rynku turystycznym od 1994 roku. Posiadamy wpis do Rejestru Organizator\u00f3w Turystyki Wojew\u00f3dztwa Dolno\u015bl\u0105skiego pod numerem 443\/33\/2010 oraz Gwarancj\u0119 Ubezpieczeniow\u0105 Towarzystwa Ubezpieczeniowego \u201e SIGNAL IDUNA POLSKA, co uprawnia nas do organizowania w pe\u0142nym zakresie imprez turystycznych na terenie ca\u0142ej Europy. Nasza firma zrodzi\u0142a si\u0119 z osobistej pasji do podr\u00f3\u017cy! Stale si\u0119 rozwijamy, poszerzamy zakres dzia\u0142ania i szukamy nowych wyzwa\u0144 Zawsze uwa\u017cali\u015bmy, za Hansem Christianem Andersenem, \u017ce &#8221; Kto [&hellip;]\" \/>\n<meta property=\"og:url\" content=\"https:\/\/happybus.pl\/index.php\/o-nas\/\" \/>\n<meta property=\"og:site_name\" content=\"HAPPY BUS - OLE\u015aNICA\" \/>\n<meta property=\"article:modified_time\" content=\"2024-02-06T13:10:59+00:00\" \/>\n<meta name=\"twitter:card\" content=\"summary_large_image\" \/>\n<meta name=\"twitter:label1\" content=\"Szacowany czas czytania\" \/>\n\t<meta name=\"twitter:data1\" content=\"4 minuty\" \/>\n<script type=\"application\/ld+json\" class=\"yoast-schema-graph\">{\"@context\":\"https:\/\/schema.org\",\"@graph\":[{\"@type\":\"WebPage\",\"@id\":\"https:\/\/happybus.pl\/index.php\/o-nas\/\",\"url\":\"https:\/\/happybus.pl\/index.php\/o-nas\/\",\"name\":\"O NAS - HAPPY BUS - OLE\u015aNICA\",\"isPartOf\":{\"@id\":\"https:\/\/happybus.pl\/#website\"},\"datePublished\":\"2019-03-31T16:39:05+00:00\",\"dateModified\":\"2024-02-06T13:10:59+00:00\",\"breadcrumb\":{\"@id\":\"https:\/\/happybus.pl\/index.php\/o-nas\/#breadcrumb\"},\"inLanguage\":\"pl-PL\",\"potentialAction\":[{\"@type\":\"ReadAction\",\"target\":[\"https:\/\/happybus.pl\/index.php\/o-nas\/\"]}]},{\"@type\":\"BreadcrumbList\",\"@id\":\"https:\/\/happybus.pl\/index.php\/o-nas\/#breadcrumb\",\"itemListElement\":[{\"@type\":\"ListItem\",\"position\":1,\"name\":\"Strona g\u0142\u00f3wna\",\"item\":\"https:\/\/happybus.pl\/\"},{\"@type\":\"ListItem\",\"position\":2,\"name\":\"O NAS\"}]},{\"@type\":\"WebSite\",\"@id\":\"https:\/\/happybus.pl\/#website\",\"url\":\"https:\/\/happybus.pl\/\",\"name\":\"HAPPY BUS - OLE\u015aNICA\",\"description\":\"Wycieczki Krajowe i Zgarniczne\",\"potentialAction\":[{\"@type\":\"SearchAction\",\"target\":{\"@type\":\"EntryPoint\",\"urlTemplate\":\"https:\/\/happybus.pl\/?s={search_term_string}\"},\"query-input\":\"required name=search_term_string\"}],\"inLanguage\":\"pl-PL\"}]}<\/script>\n<!-- \/ Yoast SEO plugin. -->","yoast_head_json":{"title":"O NAS - HAPPY BUS - OLE\u015aNICA","robots":{"index":"index","follow":"follow","max-snippet":"max-snippet:-1","max-image-preview":"max-image-preview:large","max-video-preview":"max-video-preview:-1"},"canonical":"https:\/\/happybus.pl\/index.php\/o-nas\/","og_locale":"pl_PL","og_type":"article","og_title":"O NAS - HAPPY BUS - OLE\u015aNICA","og_description":"O NASJeste\u015bmy firm\u0105 z olbrzymim potencja\u0142em, dzia\u0142aj\u0105c\u0105 na rynku turystycznym od 1994 roku. Posiadamy wpis do Rejestru Organizator\u00f3w Turystyki Wojew\u00f3dztwa Dolno\u015bl\u0105skiego pod numerem 443\/33\/2010 oraz Gwarancj\u0119 Ubezpieczeniow\u0105 Towarzystwa Ubezpieczeniowego \u201e SIGNAL IDUNA POLSKA, co uprawnia nas do organizowania w pe\u0142nym zakresie imprez turystycznych na terenie ca\u0142ej Europy. Nasza firma zrodzi\u0142a si\u0119 z osobistej pasji do podr\u00f3\u017cy! Stale si\u0119 rozwijamy, poszerzamy zakres dzia\u0142ania i szukamy nowych wyzwa\u0144 Zawsze uwa\u017cali\u015bmy, za Hansem Christianem Andersenem, \u017ce &#8221; Kto [&hellip;]","og_url":"https:\/\/happybus.pl\/index.php\/o-nas\/","og_site_name":"HAPPY BUS - OLE\u015aNICA","article_modified_time":"2024-02-06T13:10:59+00:00","twitter_card":"summary_large_image","twitter_misc":{"Szacowany czas czytania":"4 minuty"},"schema":{"@context":"https:\/\/schema.org","@graph":[{"@type":"WebPage","@id":"https:\/\/happybus.pl\/index.php\/o-nas\/","url":"https:\/\/happybus.pl\/index.php\/o-nas\/","name":"O NAS - HAPPY BUS - OLE\u015aNICA","isPartOf":{"@id":"https:\/\/happybus.pl\/#website"},"datePublished":"2019-03-31T16:39:05+00:00","dateModified":"2024-02-06T13:10:59+00:00","breadcrumb":{"@id":"https:\/\/happybus.pl\/index.php\/o-nas\/#breadcrumb"},"inLanguage":"pl-PL","potentialAction":[{"@type":"ReadAction","target":["https:\/\/happybus.pl\/index.php\/o-nas\/"]}]},{"@type":"BreadcrumbList","@id":"https:\/\/happybus.pl\/index.php\/o-nas\/#breadcrumb","itemListElement":[{"@type":"ListItem","position":1,"name":"Strona g\u0142\u00f3wna","item":"https:\/\/happybus.pl\/"},{"@type":"ListItem","position":2,"name":"O NAS"}]},{"@type":"WebSite","@id":"https:\/\/happybus.pl\/#website","url":"https:\/\/happybus.pl\/","name":"HAPPY BUS - OLE\u015aNICA","description":"Wycieczki Krajowe i Zgarniczne","potentialAction":[{"@type":"SearchAction","target":{"@type":"EntryPoint","urlTemplate":"https:\/\/happybus.pl\/?s={search_term_string}"},"query-input":"required name=search_term_string"}],"inLanguage":"pl-PL"}]}},"_links":{"self":[{"href":"https:\/\/happybus.pl\/index.php\/wp-json\/wp\/v2\/pages\/9"}],"collection":[{"href":"https:\/\/happybus.pl\/index.php\/wp-json\/wp\/v2\/pages"}],"about":[{"href":"https:\/\/happybus.pl\/index.php\/wp-json\/wp\/v2\/types\/page"}],"author":[{"embeddable":true,"href":"https:\/\/happybus.pl\/index.php\/wp-json\/wp\/v2\/users\/1"}],"replies":[{"embeddable":true,"href":"https:\/\/happybus.pl\/index.php\/wp-json\/wp\/v2\/comments?post=9"}],"version-history":[{"count":18,"href":"https:\/\/happybus.pl\/index.php\/wp-json\/wp\/v2\/pages\/9\/revisions"}],"predecessor-version":[{"id":3124,"href":"https:\/\/happybus.pl\/index.php\/wp-json\/wp\/v2\/pages\/9\/revisions\/3124"}],"wp:attachment":[{"href":"https:\/\/happybus.pl\/index.php\/wp-json\/wp\/v2\/media?parent=9"}],"curies":[{"name":"wp","href":"https:\/\/api.w.org\/{rel}","templated":true}]}}