{"id":696,"date":"2019-10-05T11:40:17","date_gmt":"2019-10-05T09:40:17","guid":{"rendered":"http:\/\/happybus.pl\/?page_id=696"},"modified":"2024-01-22T13:02:15","modified_gmt":"2024-01-22T12:02:15","slug":"jarmarki-andrzejki","status":"publish","type":"page","link":"https:\/\/happybus.pl\/index.php\/jarmarki-andrzejki\/","title":{"rendered":"JARMARKI \/ ANDRZEJKI"},"content":{"rendered":"<div id=\"blog-1\" class=\"ui--blog ui--blog-wrapper ui--pass\" data-layout=\"mini\" data-columns=\"1\"><div class=\"ui--blog-item ui--animation ui--accent-gradient-hover-parent clearfix layout--mini\"><div class=\"ui--blog-content-wrapper\"><div class=\"ui--blog-header\"><h5 class=\"ui--blog-title entry-title\"><a class=\"ui--blog-link\" href=\"https:\/\/happybus.pl\/index.php\/2025\/09\/25\/jarmark-adwentowy-poczdam\/\">Jarmark Adwentowy POCZDAM<\/a><\/h5><\/div><div class=\"ui--blog-content\">INFORMACJE OG\u00d3LNE\n Rodzaj imprezy: Jarmark adwentowy\nKraj\/miejscowo\u015b\u0107: Niemcy\/Poczdam\nIlo\u015b\u0107 dni: 1\nIlo\u015b\u0107 nocleg\u00f3w:   brak\nTermin:20.12.2025\nWy\u017cywienie:nie dotyczy\nTransport: autokar\nCena: 190,00z\u0142\n \n\n \n \n\n \nKOMUNIKAT UWAGA! WA\u017bNE przed dokonaniem rezerwacji!\nRezerwacji dokonuje si\u0119 automatycznie przez klikni\u0119cie przycisku \u201eRezerwuj\u201d przy wybranym terminie i wype\u0142nienie pojawiaj\u0105cego si\u0119 formularza. Nale\u017cy dok\u0142adnie przeczyta\u0107 i zaznaczy\u0107 odpowiednie pola wyboru przy dobrowolnych ...<\/div><div class=\"ui--blog-readmore more-link\"><a class=\"btn btn-small btn-secondary muted\" href=\"https:\/\/happybus.pl\/index.php\/2025\/09\/25\/jarmark-adwentowy-poczdam\/\">Czytaj wi\u0119cej...<\/a><\/div><\/div><\/div><div class=\"ui--blog-item ui--animation ui--accent-gradient-hover-parent clearfix layout--mini\"><div class=\"ui--blog-content-wrapper\"><div class=\"ui--blog-header\"><h5 class=\"ui--blog-title entry-title\"><a class=\"ui--blog-link\" href=\"https:\/\/happybus.pl\/index.php\/2021\/10\/20\/warszawa-krolewski-ogrod-swiatla\/\">Warszawa- Kr\u00f3lewski Ogr\u00f3d \u015awiat\u0142a<\/a><\/h5><\/div><div class=\"ui--blog-content\">INFORMACJE OG\u00d3LNE\n Rodzaj imprezy: Warszawa- Kr\u00f3lewski Ogr\u00f3d \u015awiat\u0142a\nKraj\/miejscowo\u015b\u0107: Polska\/Warszawa\nIlo\u015b\u0107 dni: 1\nIlo\u015b\u0107 nocleg\u00f3w: nie dotyczy\nTermin: 06.12.2025\nWy\u017cywienie: brak\nTransport: Autokar\nCena: 180z\u0142\n \n\n \n \n\n \nKOMUNIKATUWAGA! WA\u017bNE przed dokonaniem rezerwacji!\nRezerwacji dokonuje si\u0119 automatycznie przez klikni\u0119cie przycisku \u201eRezerwuj\u201d przy wybranym terminie i wype\u0142nienie pojawiaj\u0105cego si\u0119 formularza. Nale\u017cy dok\u0142adnie przeczyta\u0107 i zaznaczy\u0107 odpowiednie pola wyboru przy ...<\/div><div class=\"ui--blog-readmore more-link\"><a class=\"btn btn-small btn-secondary muted\" href=\"https:\/\/happybus.pl\/index.php\/2021\/10\/20\/warszawa-krolewski-ogrod-swiatla\/\">Czytaj wi\u0119cej...<\/a><\/div><\/div><\/div><div class=\"ui--blog-item ui--animation ui--accent-gradient-hover-parent clearfix layout--mini\"><div class=\"ui--blog-content-wrapper\"><div class=\"ui--blog-header\"><h5 class=\"ui--blog-title entry-title\"><a class=\"ui--blog-link\" href=\"https:\/\/happybus.pl\/index.php\/2021\/10\/19\/jarmark-adwentowy-wieden\/\">Jarmark Adwentowy Wiede\u0144<\/a><\/h5><\/div><div class=\"ui--blog-content\">INFORMACJE OG\u00d3LNE\n Rodzaj imprezy: Jarmark Adwentowy Wiede\u0144\nKraj\/miejscowo\u015b\u0107: Austria\/Wiede\u0144\nIlo\u015b\u0107 dni: 1\nIlo\u015b\u0107 nocleg\u00f3w: nie dotyczy\nTermin: 06.12.2025, 20.12.2025\nWy\u017cywienie: brak\nTransport: Autokar\nCena: 245z\u0142\n \n\n \n \n\n \nKOMUNIKATUWAGA! WA\u017bNE przed dokonaniem rezerwacji!\nRezerwacji dokonuje si\u0119 automatycznie przez klikni\u0119cie przycisku \u201eRezerwuj\u201d przy wybranym terminie i wype\u0142nienie pojawiaj\u0105cego si\u0119 formularza. Nale\u017cy dok\u0142adnie przeczyta\u0107 i zaznaczy\u0107 odpowiednie pola wyboru przy ...<\/div><div class=\"ui--blog-readmore more-link\"><a class=\"btn btn-small btn-secondary muted\" href=\"https:\/\/happybus.pl\/index.php\/2021\/10\/19\/jarmark-adwentowy-wieden\/\">Czytaj wi\u0119cej...<\/a><\/div><\/div><\/div><div class=\"ui--blog-item ui--animation ui--accent-gradient-hover-parent clearfix layout--mini last-item\"><div class=\"ui--blog-content-wrapper\"><div class=\"ui--blog-header\"><h5 class=\"ui--blog-title entry-title\"><a class=\"ui--blog-link\" href=\"https:\/\/happybus.pl\/index.php\/2021\/10\/19\/jarmark-adwentowy-drezno\/\">Jarmark Adwentowy Drezno<\/a><\/h5><\/div><div class=\"ui--blog-content\">INFORMACJE OG\u00d3LNE\n Rodzaj imprezy: Jarmark Adwentowy Drezno\nKraj\/miejscowo\u015b\u0107: Niemcy\/Drezno\nIlo\u015b\u0107 dni: 1\nIlo\u015b\u0107 nocleg\u00f3w: nie dotyczy\nTermin: 13.12.2025, 20.12.2025\nWy\u017cywienie: brak\nTransport: Autokar\nCena: 190z\u0142\n \n\n \n \n\n \nKOMUNIKATUWAGA! WA\u017bNE przed dokonaniem rezerwacji!\nRezerwacji dokonuje si\u0119 automatycznie przez klikni\u0119cie przycisku \u201eRezerwuj\u201d przy wybranym terminie i wype\u0142nienie pojawiaj\u0105cego si\u0119 formularza. Nale\u017cy dok\u0142adnie przeczyta\u0107 i zaznaczy\u0107 odpowiednie pola wyboru przy ...<\/div><div class=\"ui--blog-readmore more-link\"><a class=\"btn btn-small btn-secondary muted\" href=\"https:\/\/happybus.pl\/index.php\/2021\/10\/19\/jarmark-adwentowy-drezno\/\">Czytaj wi\u0119cej...<\/a><\/div><\/div><\/div><\/div>","protected":false},"excerpt":{"rendered":"<p>Jarmark Adwentowy POCZDAMINFORMACJE OG\u00d3LNE Rodzaj imprezy: Jarmark adwentowy Kraj\/miejscowo\u015b\u0107: Niemcy\/Poczdam Ilo\u015b\u0107 dni: 1 Ilo\u015b\u0107 nocleg\u00f3w: brak Termin:20.12.2025 Wy\u017cywienie:nie dotyczy Transport: autokar Cena: 190,00z\u0142 KOMUNIKAT UWAGA! WA\u017bNE przed dokonaniem rezerwacji! Rezerwacji dokonuje si\u0119 automatycznie przez klikni\u0119cie przycisku \u201eRezerwuj\u201d przy wybranym terminie i wype\u0142nienie pojawiaj\u0105cego si\u0119 formularza. Nale\u017cy dok\u0142adnie przeczyta\u0107 i zaznaczy\u0107 odpowiednie pola wyboru przy dobrowolnych &#8230;Czytaj wi\u0119cej&#8230;Warszawa- Kr\u00f3lewski Ogr\u00f3d \u015awiat\u0142aINFORMACJE OG\u00d3LNE Rodzaj imprezy: Warszawa- Kr\u00f3lewski Ogr\u00f3d \u015awiat\u0142a Kraj\/miejscowo\u015b\u0107: Polska\/Warszawa Ilo\u015b\u0107 dni: 1 Ilo\u015b\u0107 nocleg\u00f3w: nie [&hellip;]<\/p>\n","protected":false},"author":1,"featured_media":0,"parent":0,"menu_order":0,"comment_status":"closed","ping_status":"closed","template":"","meta":{"footnotes":""},"yoast_head":"<!-- This site is optimized with the Yoast SEO plugin v21.7 - https:\/\/yoast.com\/wordpress\/plugins\/seo\/ -->\n<title>JARMARKI \/ ANDRZEJKI - HAPPY BUS - OLE\u015aNICA<\/title>\n<meta name=\"robots\" content=\"index, follow, max-snippet:-1, max-image-preview:large, max-video-preview:-1\" \/>\n<link rel=\"canonical\" href=\"https:\/\/happybus.pl\/index.php\/jarmarki-andrzejki\/\" \/>\n<meta property=\"og:locale\" content=\"pl_PL\" \/>\n<meta property=\"og:type\" content=\"article\" \/>\n<meta property=\"og:title\" content=\"JARMARKI \/ ANDRZEJKI - HAPPY BUS - OLE\u015aNICA\" \/>\n<meta property=\"og:description\" content=\"Jarmark Adwentowy POCZDAMINFORMACJE OG\u00d3LNE Rodzaj imprezy: Jarmark adwentowy Kraj\/miejscowo\u015b\u0107: Niemcy\/Poczdam Ilo\u015b\u0107 dni: 1 Ilo\u015b\u0107 nocleg\u00f3w: brak Termin:20.12.2025 Wy\u017cywienie:nie dotyczy Transport: autokar Cena: 190,00z\u0142 KOMUNIKAT UWAGA! WA\u017bNE przed dokonaniem rezerwacji! Rezerwacji dokonuje si\u0119 automatycznie przez klikni\u0119cie przycisku \u201eRezerwuj\u201d przy wybranym terminie i wype\u0142nienie pojawiaj\u0105cego si\u0119 formularza. Nale\u017cy dok\u0142adnie przeczyta\u0107 i zaznaczy\u0107 odpowiednie pola wyboru przy dobrowolnych ...Czytaj wi\u0119cej...Warszawa- Kr\u00f3lewski Ogr\u00f3d \u015awiat\u0142aINFORMACJE OG\u00d3LNE Rodzaj imprezy: Warszawa- Kr\u00f3lewski Ogr\u00f3d \u015awiat\u0142a Kraj\/miejscowo\u015b\u0107: Polska\/Warszawa Ilo\u015b\u0107 dni: 1 Ilo\u015b\u0107 nocleg\u00f3w: nie [&hellip;]\" \/>\n<meta property=\"og:url\" content=\"https:\/\/happybus.pl\/index.php\/jarmarki-andrzejki\/\" \/>\n<meta property=\"og:site_name\" content=\"HAPPY BUS - OLE\u015aNICA\" \/>\n<meta property=\"article:modified_time\" content=\"2024-01-22T12:02:15+00:00\" \/>\n<meta name=\"twitter:card\" content=\"summary_large_image\" \/>\n<script type=\"application\/ld+json\" class=\"yoast-schema-graph\">{\"@context\":\"https:\/\/schema.org\",\"@graph\":[{\"@type\":\"WebPage\",\"@id\":\"https:\/\/happybus.pl\/index.php\/jarmarki-andrzejki\/\",\"url\":\"https:\/\/happybus.pl\/index.php\/jarmarki-andrzejki\/\",\"name\":\"JARMARKI \/ ANDRZEJKI - HAPPY BUS - OLE\u015aNICA\",\"isPartOf\":{\"@id\":\"https:\/\/happybus.pl\/#website\"},\"datePublished\":\"2019-10-05T09:40:17+00:00\",\"dateModified\":\"2024-01-22T12:02:15+00:00\",\"breadcrumb\":{\"@id\":\"https:\/\/happybus.pl\/index.php\/jarmarki-andrzejki\/#breadcrumb\"},\"inLanguage\":\"pl-PL\",\"potentialAction\":[{\"@type\":\"ReadAction\",\"target\":[\"https:\/\/happybus.pl\/index.php\/jarmarki-andrzejki\/\"]}]},{\"@type\":\"BreadcrumbList\",\"@id\":\"https:\/\/happybus.pl\/index.php\/jarmarki-andrzejki\/#breadcrumb\",\"itemListElement\":[{\"@type\":\"ListItem\",\"position\":1,\"name\":\"Strona g\u0142\u00f3wna\",\"item\":\"https:\/\/happybus.pl\/\"},{\"@type\":\"ListItem\",\"position\":2,\"name\":\"JARMARKI \/ ANDRZEJKI\"}]},{\"@type\":\"WebSite\",\"@id\":\"https:\/\/happybus.pl\/#website\",\"url\":\"https:\/\/happybus.pl\/\",\"name\":\"HAPPY BUS - OLE\u015aNICA\",\"description\":\"Wycieczki Krajowe i Zgarniczne\",\"potentialAction\":[{\"@type\":\"SearchAction\",\"target\":{\"@type\":\"EntryPoint\",\"urlTemplate\":\"https:\/\/happybus.pl\/?s={search_term_string}\"},\"query-input\":\"required name=search_term_string\"}],\"inLanguage\":\"pl-PL\"}]}<\/script>\n<!-- \/ Yoast SEO plugin. -->","yoast_head_json":{"title":"JARMARKI \/ ANDRZEJKI - HAPPY BUS - OLE\u015aNICA","robots":{"index":"index","follow":"follow","max-snippet":"max-snippet:-1","max-image-preview":"max-image-preview:large","max-video-preview":"max-video-preview:-1"},"canonical":"https:\/\/happybus.pl\/index.php\/jarmarki-andrzejki\/","og_locale":"pl_PL","og_type":"article","og_title":"JARMARKI \/ ANDRZEJKI - HAPPY BUS - OLE\u015aNICA","og_description":"Jarmark Adwentowy POCZDAMINFORMACJE OG\u00d3LNE Rodzaj imprezy: Jarmark adwentowy Kraj\/miejscowo\u015b\u0107: Niemcy\/Poczdam Ilo\u015b\u0107 dni: 1 Ilo\u015b\u0107 nocleg\u00f3w: brak Termin:20.12.2025 Wy\u017cywienie:nie dotyczy Transport: autokar Cena: 190,00z\u0142 KOMUNIKAT UWAGA! WA\u017bNE przed dokonaniem rezerwacji! Rezerwacji dokonuje si\u0119 automatycznie przez klikni\u0119cie przycisku \u201eRezerwuj\u201d przy wybranym terminie i wype\u0142nienie pojawiaj\u0105cego si\u0119 formularza. Nale\u017cy dok\u0142adnie przeczyta\u0107 i zaznaczy\u0107 odpowiednie pola wyboru przy dobrowolnych ...Czytaj wi\u0119cej...Warszawa- Kr\u00f3lewski Ogr\u00f3d \u015awiat\u0142aINFORMACJE OG\u00d3LNE Rodzaj imprezy: Warszawa- Kr\u00f3lewski Ogr\u00f3d \u015awiat\u0142a Kraj\/miejscowo\u015b\u0107: Polska\/Warszawa Ilo\u015b\u0107 dni: 1 Ilo\u015b\u0107 nocleg\u00f3w: nie [&hellip;]","og_url":"https:\/\/happybus.pl\/index.php\/jarmarki-andrzejki\/","og_site_name":"HAPPY BUS - OLE\u015aNICA","article_modified_time":"2024-01-22T12:02:15+00:00","twitter_card":"summary_large_image","schema":{"@context":"https:\/\/schema.org","@graph":[{"@type":"WebPage","@id":"https:\/\/happybus.pl\/index.php\/jarmarki-andrzejki\/","url":"https:\/\/happybus.pl\/index.php\/jarmarki-andrzejki\/","name":"JARMARKI \/ ANDRZEJKI - HAPPY BUS - OLE\u015aNICA","isPartOf":{"@id":"https:\/\/happybus.pl\/#website"},"datePublished":"2019-10-05T09:40:17+00:00","dateModified":"2024-01-22T12:02:15+00:00","breadcrumb":{"@id":"https:\/\/happybus.pl\/index.php\/jarmarki-andrzejki\/#breadcrumb"},"inLanguage":"pl-PL","potentialAction":[{"@type":"ReadAction","target":["https:\/\/happybus.pl\/index.php\/jarmarki-andrzejki\/"]}]},{"@type":"BreadcrumbList","@id":"https:\/\/happybus.pl\/index.php\/jarmarki-andrzejki\/#breadcrumb","itemListElement":[{"@type":"ListItem","position":1,"name":"Strona g\u0142\u00f3wna","item":"https:\/\/happybus.pl\/"},{"@type":"ListItem","position":2,"name":"JARMARKI \/ ANDRZEJKI"}]},{"@type":"WebSite","@id":"https:\/\/happybus.pl\/#website","url":"https:\/\/happybus.pl\/","name":"HAPPY BUS - OLE\u015aNICA","description":"Wycieczki Krajowe i Zgarniczne","potentialAction":[{"@type":"SearchAction","target":{"@type":"EntryPoint","urlTemplate":"https:\/\/happybus.pl\/?s={search_term_string}"},"query-input":"required name=search_term_string"}],"inLanguage":"pl-PL"}]}},"_links":{"self":[{"href":"https:\/\/happybus.pl\/index.php\/wp-json\/wp\/v2\/pages\/696"}],"collection":[{"href":"https:\/\/happybus.pl\/index.php\/wp-json\/wp\/v2\/pages"}],"about":[{"href":"https:\/\/happybus.pl\/index.php\/wp-json\/wp\/v2\/types\/page"}],"author":[{"embeddable":true,"href":"https:\/\/happybus.pl\/index.php\/wp-json\/wp\/v2\/users\/1"}],"replies":[{"embeddable":true,"href":"https:\/\/happybus.pl\/index.php\/wp-json\/wp\/v2\/comments?post=696"}],"version-history":[{"count":2,"href":"https:\/\/happybus.pl\/index.php\/wp-json\/wp\/v2\/pages\/696\/revisions"}],"predecessor-version":[{"id":2714,"href":"https:\/\/happybus.pl\/index.php\/wp-json\/wp\/v2\/pages\/696\/revisions\/2714"}],"wp:attachment":[{"href":"https:\/\/happybus.pl\/index.php\/wp-json\/wp\/v2\/media?parent=696"}],"curies":[{"name":"wp","href":"https:\/\/api.w.org\/{rel}","templated":true}]}}