{"id":658,"date":"2019-10-01T12:19:53","date_gmt":"2019-10-01T10:19:53","guid":{"rendered":"http:\/\/happybus.pl\/?page_id=658"},"modified":"2019-10-01T12:37:36","modified_gmt":"2019-10-01T10:37:36","slug":"zielone-szkoly-krajowe","status":"publish","type":"page","link":"https:\/\/happybus.pl\/index.php\/zielone-szkoly-krajowe\/","title":{"rendered":"ZIELONE SZKO\u0141Y KRAJOWE"},"content":{"rendered":"<div id=\"blog-1\" class=\"ui--blog ui--blog-wrapper ui--pass\" data-layout=\"mini\" data-columns=\"1\"><div class=\"ui--blog-item ui--animation ui--accent-gradient-hover-parent clearfix layout--mini\"><div class=\"ui--blog-content-wrapper\"><div class=\"ui--blog-header\"><h5 class=\"ui--blog-title entry-title\"><a class=\"ui--blog-link\" href=\"https:\/\/happybus.pl\/index.php\/2019\/10\/01\/mazury-5-dni-od-499zl-3\/\">Mazury 5 dni od 550z\u0142<\/a><\/h5><\/div><div class=\"ui--blog-content\">MAZURY\n\nZielona Szko\u0142a\n\n5 dni\n\ncena od 550z\u0142\n\nRamowy program:\n\n1.dzie\u0144:\n\nWyjazd o godz. 6.00. Przejazd do Olsztyna . Zwiedzanie miasta: star\u00f3wka, gotycki zamek kapitu\u0142y warmi\u0144skiej,Muzeum Warmii i Mazur,barokowy Stary Ratusz, Wysoka Brama, gotycka katedra \u015aw. Jakuba, Przejazd do o\u015brodka. Zakwaterowanie. Obiadokolacja. Nocleg\n\n2.dzie\u0144\n\n\u015aniadanie. Przejazd do Gi\u017cycka \u2013 najwi\u0119kszego miasta Krainy Wielkich Jezior Mazurskich, kt\u00f3rego najwi\u0119kszymi atrakcjami ...<\/div><div class=\"ui--blog-readmore more-link\"><a class=\"btn btn-small btn-secondary muted\" href=\"https:\/\/happybus.pl\/index.php\/2019\/10\/01\/mazury-5-dni-od-499zl-3\/\">Czytaj wi\u0119cej...<\/a><\/div><\/div><\/div><div class=\"ui--blog-item ui--animation ui--accent-gradient-hover-parent clearfix layout--mini\"><div class=\"ui--blog-content-wrapper\"><div class=\"ui--blog-header\"><h5 class=\"ui--blog-title entry-title\"><a class=\"ui--blog-link\" href=\"https:\/\/happybus.pl\/index.php\/2019\/10\/01\/bieszczady-5-dni-od-500zl-2\/\">Bieszczady 5 dni od 590z\u0142<\/a><\/h5><\/div><div class=\"ui--blog-content\">BIESZCZADY\n\n5 dni\n\ncena od 590z\u0142\n\nRamowy program:\n\n1.dzie\u0144\n\nWyjazd o godz. 5.00. Przejazd do Wieliczki. Zwiedzanie Kopalni Soli \u201eWieliczka\u201d - jednego z najcenniejszych zabytk\u00f3w kultury materialnej na ziemiach polskich. Przejazd do miejsca zakwaterowania. Obiadokolacja. Nocleg.\n\n2.dzie\u0144.\n\n\u015aniadanie. Wyjazd na wycieczk\u0119 krajoznawcz\u0105 Wielk\u0105 P\u0119tl\u0105 Bieszczadzk\u0105 \u2013 na trasie zwiedzania m.in. Lesko z zachowanymi synagogami i kirkutem oraz ...<\/div><div class=\"ui--blog-readmore more-link\"><a class=\"btn btn-small btn-secondary muted\" href=\"https:\/\/happybus.pl\/index.php\/2019\/10\/01\/bieszczady-5-dni-od-500zl-2\/\">Czytaj wi\u0119cej...<\/a><\/div><\/div><\/div><div class=\"ui--blog-item ui--animation ui--accent-gradient-hover-parent clearfix layout--mini\"><div class=\"ui--blog-content-wrapper\"><div class=\"ui--blog-header\"><h5 class=\"ui--blog-title entry-title\"><a class=\"ui--blog-link\" href=\"https:\/\/happybus.pl\/index.php\/2019\/10\/01\/mazury-5-dni-od-499zl-2\/\">Mazury 5 dni od 550z\u0142<\/a><\/h5><\/div><div class=\"ui--blog-content\">MAZURY\n\nZielona Szko\u0142a\n\n5 dni\n\ncena od 550z\u0142\n\nRamowy program:\n\n1.dzie\u0144:\n\nWyjazd o godz. 6.00. Przejazd do Olsztyna . Zwiedzanie miasta: star\u00f3wka, gotycki zamek kapitu\u0142y warmi\u0144skiej,Muzeum Warmii i Mazur,barokowy Stary Ratusz, Wysoka Brama, gotycka katedra \u015aw. Jakuba, Przejazd do o\u015brodka. Zakwaterowanie. Obiadokolacja. Nocleg\n\n2.dzie\u0144\n\n\u015aniadanie. Przejazd do Gi\u017cycka \u2013 najwi\u0119kszego miasta Krainy Wielkich Jezior Mazurskich, kt\u00f3rego najwi\u0119kszymi atrakcjami ...<\/div><div class=\"ui--blog-readmore more-link\"><a class=\"btn btn-small btn-secondary muted\" href=\"https:\/\/happybus.pl\/index.php\/2019\/10\/01\/mazury-5-dni-od-499zl-2\/\">Czytaj wi\u0119cej...<\/a><\/div><\/div><\/div><div class=\"ui--blog-item ui--animation ui--accent-gradient-hover-parent clearfix layout--mini\"><div class=\"ui--blog-content-wrapper\"><div class=\"ui--blog-header\"><h5 class=\"ui--blog-title entry-title\"><a class=\"ui--blog-link\" href=\"https:\/\/happybus.pl\/index.php\/2019\/10\/01\/mazury-5-dni-od-499zl\/\">Mazury 5 dni od 550z\u0142<\/a><\/h5><\/div><div class=\"ui--blog-content\">MAZURY\n\nZielona Szko\u0142a\n\n5 dni\n\ncena od 550z\u0142\n\nRamowy program:\n\n1.dzie\u0144:\n\nWyjazd o godz. 6.00. Przejazd do Olsztyna . Zwiedzanie miasta: star\u00f3wka, gotycki zamek kapitu\u0142y warmi\u0144skiej,Muzeum Warmii i Mazur,barokowy Stary Ratusz, Wysoka Brama, gotycka katedra \u015aw. Jakuba, Przejazd do o\u015brodka. Zakwaterowanie. Obiadokolacja. Nocleg\n\n2.dzie\u0144\n\n\u015aniadanie. Przejazd do Gi\u017cycka \u2013 najwi\u0119kszego miasta Krainy Wielkich Jezior Mazurskich, kt\u00f3rego najwi\u0119kszymi atrakcjami ...<\/div><div class=\"ui--blog-readmore more-link\"><a class=\"btn btn-small btn-secondary muted\" href=\"https:\/\/happybus.pl\/index.php\/2019\/10\/01\/mazury-5-dni-od-499zl\/\">Czytaj wi\u0119cej...<\/a><\/div><\/div><\/div><div class=\"ui--blog-item ui--animation ui--accent-gradient-hover-parent clearfix layout--mini last-item\"><div class=\"ui--blog-content-wrapper\"><div class=\"ui--blog-header\"><h5 class=\"ui--blog-title entry-title\"><a class=\"ui--blog-link\" href=\"https:\/\/happybus.pl\/index.php\/2019\/10\/01\/bieszczady-5-dni-od-500zl\/\">Bieszczady 5 dni od 590z\u0142<\/a><\/h5><\/div><div class=\"ui--blog-content\">BIESZCZADY\n\n5 dni\n\ncena od 590z\u0142\n\nRamowy program:\n\n1.dzie\u0144\n\nWyjazd o godz. 5.00. Przejazd do Wieliczki. Zwiedzanie Kopalni Soli \u201eWieliczka\u201d - jednego z najcenniejszych zabytk\u00f3w kultury materialnej na ziemiach polskich. Przejazd do miejsca zakwaterowania. Obiadokolacja. Nocleg.\n\n2.dzie\u0144.\n\n\u015aniadanie. Wyjazd na wycieczk\u0119 krajoznawcz\u0105 Wielk\u0105 P\u0119tl\u0105 Bieszczadzk\u0105 \u2013 na trasie zwiedzania m.in. Lesko z zachowanymi synagogami i kirkutem oraz ...<\/div><div class=\"ui--blog-readmore more-link\"><a class=\"btn btn-small btn-secondary muted\" href=\"https:\/\/happybus.pl\/index.php\/2019\/10\/01\/bieszczady-5-dni-od-500zl\/\">Czytaj wi\u0119cej...<\/a><\/div><\/div><\/div><\/div>","protected":false},"excerpt":{"rendered":"<p>Mazury 5 dni od 550z\u0142MAZURY Zielona Szko\u0142a 5 dni cena od 550z\u0142 Ramowy program: 1.dzie\u0144: Wyjazd o godz. 6.00. Przejazd do Olsztyna . Zwiedzanie miasta: star\u00f3wka, gotycki zamek kapitu\u0142y warmi\u0144skiej,Muzeum Warmii i Mazur,barokowy Stary Ratusz, Wysoka Brama, gotycka katedra \u015aw. Jakuba, Przejazd do o\u015brodka. Zakwaterowanie. Obiadokolacja. Nocleg 2.dzie\u0144 \u015aniadanie. Przejazd do Gi\u017cycka \u2013 najwi\u0119kszego miasta Krainy Wielkich Jezior Mazurskich, kt\u00f3rego najwi\u0119kszymi atrakcjami &#8230;Czytaj wi\u0119cej&#8230;Bieszczady 5 dni od 590z\u0142BIESZCZADY 5 dni cena od 590z\u0142 Ramowy program: [&hellip;]<\/p>\n","protected":false},"author":1,"featured_media":0,"parent":0,"menu_order":0,"comment_status":"closed","ping_status":"closed","template":"page-sidebar-left.php","meta":{"footnotes":""},"yoast_head":"<!-- This site is optimized with the Yoast SEO plugin v21.7 - https:\/\/yoast.com\/wordpress\/plugins\/seo\/ -->\n<title>ZIELONE SZKO\u0141Y KRAJOWE - HAPPY BUS - OLE\u015aNICA<\/title>\n<meta name=\"robots\" content=\"index, follow, max-snippet:-1, max-image-preview:large, max-video-preview:-1\" \/>\n<link rel=\"canonical\" href=\"https:\/\/happybus.pl\/index.php\/zielone-szkoly-krajowe\/\" \/>\n<meta property=\"og:locale\" content=\"pl_PL\" \/>\n<meta property=\"og:type\" content=\"article\" \/>\n<meta property=\"og:title\" content=\"ZIELONE SZKO\u0141Y KRAJOWE - HAPPY BUS - OLE\u015aNICA\" \/>\n<meta property=\"og:description\" content=\"Mazury 5 dni od 550z\u0142MAZURY Zielona Szko\u0142a 5 dni cena od 550z\u0142 Ramowy program: 1.dzie\u0144: Wyjazd o godz. 6.00. Przejazd do Olsztyna . Zwiedzanie miasta: star\u00f3wka, gotycki zamek kapitu\u0142y warmi\u0144skiej,Muzeum Warmii i Mazur,barokowy Stary Ratusz, Wysoka Brama, gotycka katedra \u015aw. Jakuba, Przejazd do o\u015brodka. Zakwaterowanie. Obiadokolacja. Nocleg 2.dzie\u0144 \u015aniadanie. Przejazd do Gi\u017cycka \u2013 najwi\u0119kszego miasta Krainy Wielkich Jezior Mazurskich, kt\u00f3rego najwi\u0119kszymi atrakcjami ...Czytaj wi\u0119cej...Bieszczady 5 dni od 590z\u0142BIESZCZADY 5 dni cena od 590z\u0142 Ramowy program: [&hellip;]\" \/>\n<meta property=\"og:url\" content=\"https:\/\/happybus.pl\/index.php\/zielone-szkoly-krajowe\/\" \/>\n<meta property=\"og:site_name\" content=\"HAPPY BUS - OLE\u015aNICA\" \/>\n<meta property=\"article:modified_time\" content=\"2019-10-01T10:37:36+00:00\" \/>\n<meta name=\"twitter:card\" content=\"summary_large_image\" \/>\n<script type=\"application\/ld+json\" class=\"yoast-schema-graph\">{\"@context\":\"https:\/\/schema.org\",\"@graph\":[{\"@type\":\"WebPage\",\"@id\":\"https:\/\/happybus.pl\/index.php\/zielone-szkoly-krajowe\/\",\"url\":\"https:\/\/happybus.pl\/index.php\/zielone-szkoly-krajowe\/\",\"name\":\"ZIELONE SZKO\u0141Y KRAJOWE - HAPPY BUS - OLE\u015aNICA\",\"isPartOf\":{\"@id\":\"https:\/\/happybus.pl\/#website\"},\"datePublished\":\"2019-10-01T10:19:53+00:00\",\"dateModified\":\"2019-10-01T10:37:36+00:00\",\"breadcrumb\":{\"@id\":\"https:\/\/happybus.pl\/index.php\/zielone-szkoly-krajowe\/#breadcrumb\"},\"inLanguage\":\"pl-PL\",\"potentialAction\":[{\"@type\":\"ReadAction\",\"target\":[\"https:\/\/happybus.pl\/index.php\/zielone-szkoly-krajowe\/\"]}]},{\"@type\":\"BreadcrumbList\",\"@id\":\"https:\/\/happybus.pl\/index.php\/zielone-szkoly-krajowe\/#breadcrumb\",\"itemListElement\":[{\"@type\":\"ListItem\",\"position\":1,\"name\":\"Strona g\u0142\u00f3wna\",\"item\":\"https:\/\/happybus.pl\/\"},{\"@type\":\"ListItem\",\"position\":2,\"name\":\"ZIELONE SZKO\u0141Y KRAJOWE\"}]},{\"@type\":\"WebSite\",\"@id\":\"https:\/\/happybus.pl\/#website\",\"url\":\"https:\/\/happybus.pl\/\",\"name\":\"HAPPY BUS - OLE\u015aNICA\",\"description\":\"Wycieczki Krajowe i Zgarniczne\",\"potentialAction\":[{\"@type\":\"SearchAction\",\"target\":{\"@type\":\"EntryPoint\",\"urlTemplate\":\"https:\/\/happybus.pl\/?s={search_term_string}\"},\"query-input\":\"required name=search_term_string\"}],\"inLanguage\":\"pl-PL\"}]}<\/script>\n<!-- \/ Yoast SEO plugin. -->","yoast_head_json":{"title":"ZIELONE SZKO\u0141Y KRAJOWE - HAPPY BUS - OLE\u015aNICA","robots":{"index":"index","follow":"follow","max-snippet":"max-snippet:-1","max-image-preview":"max-image-preview:large","max-video-preview":"max-video-preview:-1"},"canonical":"https:\/\/happybus.pl\/index.php\/zielone-szkoly-krajowe\/","og_locale":"pl_PL","og_type":"article","og_title":"ZIELONE SZKO\u0141Y KRAJOWE - HAPPY BUS - OLE\u015aNICA","og_description":"Mazury 5 dni od 550z\u0142MAZURY Zielona Szko\u0142a 5 dni cena od 550z\u0142 Ramowy program: 1.dzie\u0144: Wyjazd o godz. 6.00. Przejazd do Olsztyna . Zwiedzanie miasta: star\u00f3wka, gotycki zamek kapitu\u0142y warmi\u0144skiej,Muzeum Warmii i Mazur,barokowy Stary Ratusz, Wysoka Brama, gotycka katedra \u015aw. Jakuba, Przejazd do o\u015brodka. Zakwaterowanie. Obiadokolacja. Nocleg 2.dzie\u0144 \u015aniadanie. Przejazd do Gi\u017cycka \u2013 najwi\u0119kszego miasta Krainy Wielkich Jezior Mazurskich, kt\u00f3rego najwi\u0119kszymi atrakcjami ...Czytaj wi\u0119cej...Bieszczady 5 dni od 590z\u0142BIESZCZADY 5 dni cena od 590z\u0142 Ramowy program: [&hellip;]","og_url":"https:\/\/happybus.pl\/index.php\/zielone-szkoly-krajowe\/","og_site_name":"HAPPY BUS - OLE\u015aNICA","article_modified_time":"2019-10-01T10:37:36+00:00","twitter_card":"summary_large_image","schema":{"@context":"https:\/\/schema.org","@graph":[{"@type":"WebPage","@id":"https:\/\/happybus.pl\/index.php\/zielone-szkoly-krajowe\/","url":"https:\/\/happybus.pl\/index.php\/zielone-szkoly-krajowe\/","name":"ZIELONE SZKO\u0141Y KRAJOWE - HAPPY BUS - OLE\u015aNICA","isPartOf":{"@id":"https:\/\/happybus.pl\/#website"},"datePublished":"2019-10-01T10:19:53+00:00","dateModified":"2019-10-01T10:37:36+00:00","breadcrumb":{"@id":"https:\/\/happybus.pl\/index.php\/zielone-szkoly-krajowe\/#breadcrumb"},"inLanguage":"pl-PL","potentialAction":[{"@type":"ReadAction","target":["https:\/\/happybus.pl\/index.php\/zielone-szkoly-krajowe\/"]}]},{"@type":"BreadcrumbList","@id":"https:\/\/happybus.pl\/index.php\/zielone-szkoly-krajowe\/#breadcrumb","itemListElement":[{"@type":"ListItem","position":1,"name":"Strona g\u0142\u00f3wna","item":"https:\/\/happybus.pl\/"},{"@type":"ListItem","position":2,"name":"ZIELONE SZKO\u0141Y KRAJOWE"}]},{"@type":"WebSite","@id":"https:\/\/happybus.pl\/#website","url":"https:\/\/happybus.pl\/","name":"HAPPY BUS - OLE\u015aNICA","description":"Wycieczki Krajowe i Zgarniczne","potentialAction":[{"@type":"SearchAction","target":{"@type":"EntryPoint","urlTemplate":"https:\/\/happybus.pl\/?s={search_term_string}"},"query-input":"required name=search_term_string"}],"inLanguage":"pl-PL"}]}},"_links":{"self":[{"href":"https:\/\/happybus.pl\/index.php\/wp-json\/wp\/v2\/pages\/658"}],"collection":[{"href":"https:\/\/happybus.pl\/index.php\/wp-json\/wp\/v2\/pages"}],"about":[{"href":"https:\/\/happybus.pl\/index.php\/wp-json\/wp\/v2\/types\/page"}],"author":[{"embeddable":true,"href":"https:\/\/happybus.pl\/index.php\/wp-json\/wp\/v2\/users\/1"}],"replies":[{"embeddable":true,"href":"https:\/\/happybus.pl\/index.php\/wp-json\/wp\/v2\/comments?post=658"}],"version-history":[{"count":2,"href":"https:\/\/happybus.pl\/index.php\/wp-json\/wp\/v2\/pages\/658\/revisions"}],"predecessor-version":[{"id":679,"href":"https:\/\/happybus.pl\/index.php\/wp-json\/wp\/v2\/pages\/658\/revisions\/679"}],"wp:attachment":[{"href":"https:\/\/happybus.pl\/index.php\/wp-json\/wp\/v2\/media?parent=658"}],"curies":[{"name":"wp","href":"https:\/\/api.w.org\/{rel}","templated":true}]}}