{"id":54,"date":"2019-03-31T21:50:58","date_gmt":"2019-03-31T19:50:58","guid":{"rendered":"http:\/\/happybus.pl\/?page_id=54"},"modified":"2019-04-01T00:50:55","modified_gmt":"2019-03-31T22:50:55","slug":"zielone-szkoly","status":"publish","type":"page","link":"https:\/\/happybus.pl\/index.php\/zielone-szkoly\/","title":{"rendered":"Zielone Szko\u0142y"},"content":{"rendered":"<div class=\"auto-format ui--animation\"><p><strong>Zapraszamy do wsp\u00f3\u0142pracy szko\u0142y podstawowe, gimnazja i szko\u0142y ponadgimnazjalne!<\/strong><\/p>\n<ul>\n<li>Oferujemy pe\u0142en zakres us\u0142ug w zakresie przygotowania wyjazd\u00f3w kilkudniowych o charakterze &#8222;zielonej szko\u0142y&#8221;, \u0142\u0105cz\u0105cych zwiedzanie z wypoczynkiem i zabaw\u0105! Ka\u017cd\u0105 ofert\u0119  dostosujemy do oczekiwa\u0144 i mo\u017cliwo\u015bci finansowych grupy.U\u015bmiech<\/li>\n<li>Proponujemy wycieczki krajowe i zagraniczne z atrakcyjnym programem, realizowanym przez profesjonalnych pilot\u00f3w i przewodnik\u00f3w.<\/li>\n<li>Gwarantujemy najwy\u017csz\u0105 jako\u015b\u0107 us\u0142ug i najni\u017csze ceny!<\/li>\n<li><strong>Dla sta\u0142ych Klient\u00f3w atrakcyjne zni\u017cki!<\/strong><\/li>\n<\/ul>\n<\/div>","protected":false},"excerpt":{"rendered":"<p>Zapraszamy do wsp\u00f3\u0142pracy szko\u0142y podstawowe, gimnazja i szko\u0142y ponadgimnazjalne! Oferujemy pe\u0142en zakres us\u0142ug w zakresie przygotowania wyjazd\u00f3w kilkudniowych o charakterze &#8222;zielonej szko\u0142y&#8221;, \u0142\u0105cz\u0105cych zwiedzanie z wypoczynkiem i zabaw\u0105! Ka\u017cd\u0105 ofert\u0119 dostosujemy do oczekiwa\u0144 i mo\u017cliwo\u015bci finansowych grupy.U\u015bmiech Proponujemy wycieczki krajowe i zagraniczne z atrakcyjnym programem, realizowanym przez profesjonalnych pilot\u00f3w i przewodnik\u00f3w. Gwarantujemy najwy\u017csz\u0105 jako\u015b\u0107 us\u0142ug i najni\u017csze ceny! Dla sta\u0142ych Klient\u00f3w atrakcyjne zni\u017cki!<\/p>\n","protected":false},"author":1,"featured_media":0,"parent":0,"menu_order":0,"comment_status":"closed","ping_status":"closed","template":"page-sidebar-left.php","meta":{"footnotes":""},"yoast_head":"<!-- This site is optimized with the Yoast SEO plugin v21.7 - https:\/\/yoast.com\/wordpress\/plugins\/seo\/ -->\n<title>Zielone Szko\u0142y - HAPPY BUS - OLE\u015aNICA<\/title>\n<meta name=\"robots\" content=\"index, follow, max-snippet:-1, max-image-preview:large, max-video-preview:-1\" \/>\n<link rel=\"canonical\" href=\"https:\/\/happybus.pl\/index.php\/zielone-szkoly\/\" \/>\n<meta property=\"og:locale\" content=\"pl_PL\" \/>\n<meta property=\"og:type\" content=\"article\" \/>\n<meta property=\"og:title\" content=\"Zielone Szko\u0142y - HAPPY BUS - OLE\u015aNICA\" \/>\n<meta property=\"og:description\" content=\"Zapraszamy do wsp\u00f3\u0142pracy szko\u0142y podstawowe, gimnazja i szko\u0142y ponadgimnazjalne! Oferujemy pe\u0142en zakres us\u0142ug w zakresie przygotowania wyjazd\u00f3w kilkudniowych o charakterze &#8222;zielonej szko\u0142y&#8221;, \u0142\u0105cz\u0105cych zwiedzanie z wypoczynkiem i zabaw\u0105! Ka\u017cd\u0105 ofert\u0119 dostosujemy do oczekiwa\u0144 i mo\u017cliwo\u015bci finansowych grupy.U\u015bmiech Proponujemy wycieczki krajowe i zagraniczne z atrakcyjnym programem, realizowanym przez profesjonalnych pilot\u00f3w i przewodnik\u00f3w. Gwarantujemy najwy\u017csz\u0105 jako\u015b\u0107 us\u0142ug i najni\u017csze ceny! Dla sta\u0142ych Klient\u00f3w atrakcyjne zni\u017cki!\" \/>\n<meta property=\"og:url\" content=\"https:\/\/happybus.pl\/index.php\/zielone-szkoly\/\" \/>\n<meta property=\"og:site_name\" content=\"HAPPY BUS - OLE\u015aNICA\" \/>\n<meta property=\"article:modified_time\" content=\"2019-03-31T22:50:55+00:00\" \/>\n<meta name=\"twitter:card\" content=\"summary_large_image\" \/>\n<script type=\"application\/ld+json\" class=\"yoast-schema-graph\">{\"@context\":\"https:\/\/schema.org\",\"@graph\":[{\"@type\":\"WebPage\",\"@id\":\"https:\/\/happybus.pl\/index.php\/zielone-szkoly\/\",\"url\":\"https:\/\/happybus.pl\/index.php\/zielone-szkoly\/\",\"name\":\"Zielone Szko\u0142y - HAPPY BUS - OLE\u015aNICA\",\"isPartOf\":{\"@id\":\"https:\/\/happybus.pl\/#website\"},\"datePublished\":\"2019-03-31T19:50:58+00:00\",\"dateModified\":\"2019-03-31T22:50:55+00:00\",\"breadcrumb\":{\"@id\":\"https:\/\/happybus.pl\/index.php\/zielone-szkoly\/#breadcrumb\"},\"inLanguage\":\"pl-PL\",\"potentialAction\":[{\"@type\":\"ReadAction\",\"target\":[\"https:\/\/happybus.pl\/index.php\/zielone-szkoly\/\"]}]},{\"@type\":\"BreadcrumbList\",\"@id\":\"https:\/\/happybus.pl\/index.php\/zielone-szkoly\/#breadcrumb\",\"itemListElement\":[{\"@type\":\"ListItem\",\"position\":1,\"name\":\"Strona g\u0142\u00f3wna\",\"item\":\"https:\/\/happybus.pl\/\"},{\"@type\":\"ListItem\",\"position\":2,\"name\":\"Zielone Szko\u0142y\"}]},{\"@type\":\"WebSite\",\"@id\":\"https:\/\/happybus.pl\/#website\",\"url\":\"https:\/\/happybus.pl\/\",\"name\":\"HAPPY BUS - OLE\u015aNICA\",\"description\":\"Wycieczki Krajowe i Zgarniczne\",\"potentialAction\":[{\"@type\":\"SearchAction\",\"target\":{\"@type\":\"EntryPoint\",\"urlTemplate\":\"https:\/\/happybus.pl\/?s={search_term_string}\"},\"query-input\":\"required name=search_term_string\"}],\"inLanguage\":\"pl-PL\"}]}<\/script>\n<!-- \/ Yoast SEO plugin. -->","yoast_head_json":{"title":"Zielone Szko\u0142y - HAPPY BUS - OLE\u015aNICA","robots":{"index":"index","follow":"follow","max-snippet":"max-snippet:-1","max-image-preview":"max-image-preview:large","max-video-preview":"max-video-preview:-1"},"canonical":"https:\/\/happybus.pl\/index.php\/zielone-szkoly\/","og_locale":"pl_PL","og_type":"article","og_title":"Zielone Szko\u0142y - HAPPY BUS - OLE\u015aNICA","og_description":"Zapraszamy do wsp\u00f3\u0142pracy szko\u0142y podstawowe, gimnazja i szko\u0142y ponadgimnazjalne! Oferujemy pe\u0142en zakres us\u0142ug w zakresie przygotowania wyjazd\u00f3w kilkudniowych o charakterze &#8222;zielonej szko\u0142y&#8221;, \u0142\u0105cz\u0105cych zwiedzanie z wypoczynkiem i zabaw\u0105! Ka\u017cd\u0105 ofert\u0119 dostosujemy do oczekiwa\u0144 i mo\u017cliwo\u015bci finansowych grupy.U\u015bmiech Proponujemy wycieczki krajowe i zagraniczne z atrakcyjnym programem, realizowanym przez profesjonalnych pilot\u00f3w i przewodnik\u00f3w. Gwarantujemy najwy\u017csz\u0105 jako\u015b\u0107 us\u0142ug i najni\u017csze ceny! Dla sta\u0142ych Klient\u00f3w atrakcyjne zni\u017cki!","og_url":"https:\/\/happybus.pl\/index.php\/zielone-szkoly\/","og_site_name":"HAPPY BUS - OLE\u015aNICA","article_modified_time":"2019-03-31T22:50:55+00:00","twitter_card":"summary_large_image","schema":{"@context":"https:\/\/schema.org","@graph":[{"@type":"WebPage","@id":"https:\/\/happybus.pl\/index.php\/zielone-szkoly\/","url":"https:\/\/happybus.pl\/index.php\/zielone-szkoly\/","name":"Zielone Szko\u0142y - HAPPY BUS - OLE\u015aNICA","isPartOf":{"@id":"https:\/\/happybus.pl\/#website"},"datePublished":"2019-03-31T19:50:58+00:00","dateModified":"2019-03-31T22:50:55+00:00","breadcrumb":{"@id":"https:\/\/happybus.pl\/index.php\/zielone-szkoly\/#breadcrumb"},"inLanguage":"pl-PL","potentialAction":[{"@type":"ReadAction","target":["https:\/\/happybus.pl\/index.php\/zielone-szkoly\/"]}]},{"@type":"BreadcrumbList","@id":"https:\/\/happybus.pl\/index.php\/zielone-szkoly\/#breadcrumb","itemListElement":[{"@type":"ListItem","position":1,"name":"Strona g\u0142\u00f3wna","item":"https:\/\/happybus.pl\/"},{"@type":"ListItem","position":2,"name":"Zielone Szko\u0142y"}]},{"@type":"WebSite","@id":"https:\/\/happybus.pl\/#website","url":"https:\/\/happybus.pl\/","name":"HAPPY BUS - OLE\u015aNICA","description":"Wycieczki Krajowe i Zgarniczne","potentialAction":[{"@type":"SearchAction","target":{"@type":"EntryPoint","urlTemplate":"https:\/\/happybus.pl\/?s={search_term_string}"},"query-input":"required name=search_term_string"}],"inLanguage":"pl-PL"}]}},"_links":{"self":[{"href":"https:\/\/happybus.pl\/index.php\/wp-json\/wp\/v2\/pages\/54"}],"collection":[{"href":"https:\/\/happybus.pl\/index.php\/wp-json\/wp\/v2\/pages"}],"about":[{"href":"https:\/\/happybus.pl\/index.php\/wp-json\/wp\/v2\/types\/page"}],"author":[{"embeddable":true,"href":"https:\/\/happybus.pl\/index.php\/wp-json\/wp\/v2\/users\/1"}],"replies":[{"embeddable":true,"href":"https:\/\/happybus.pl\/index.php\/wp-json\/wp\/v2\/comments?post=54"}],"version-history":[{"count":1,"href":"https:\/\/happybus.pl\/index.php\/wp-json\/wp\/v2\/pages\/54\/revisions"}],"predecessor-version":[{"id":61,"href":"https:\/\/happybus.pl\/index.php\/wp-json\/wp\/v2\/pages\/54\/revisions\/61"}],"wp:attachment":[{"href":"https:\/\/happybus.pl\/index.php\/wp-json\/wp\/v2\/media?parent=54"}],"curies":[{"name":"wp","href":"https:\/\/api.w.org\/{rel}","templated":true}]}}