{"id":53,"date":"2019-03-31T21:50:50","date_gmt":"2019-03-31T19:50:50","guid":{"rendered":"http:\/\/happybus.pl\/?page_id=53"},"modified":"2019-04-01T00:51:12","modified_gmt":"2019-03-31T22:51:12","slug":"wycieczki-dla-grup","status":"publish","type":"page","link":"https:\/\/happybus.pl\/index.php\/wycieczki-dla-grup\/","title":{"rendered":"Wycieczki dla Grup"},"content":{"rendered":"<div class=\"auto-format ui--animation\"><p><strong>Zapraszamy do wsp\u00f3\u0142pracy firmy i zak\u0142ady pracy!<\/strong><\/p>\n<ul>\n<li>Oferujemy nasze do\u015bwiadczenie w organizacji atrakcyjnych wycieczek i wyjazd\u00f3w integracyjnych zar\u00f3wno krajowych jak i zagranicznych!<\/li>\n<li>Dysponujemy sprawdzon\u0105 baz\u0105 hotelow\u0105 i gastronomiczn\u0105, dostosowan\u0105 do charakteru imprezy oraz wymaga\u0144 i potrzeb uczestnik\u00f3w.<\/li>\n<li>Gwarantujemy mi\u0142\u0105 i w pe\u0142ni profesjonaln\u0105 obs\u0142ug\u0119 pilot\u00f3w, przewodnik\u00f3w i kierowc\u00f3w.<\/li>\n<li>Zapewniamy najni\u017csze ceny przy zachowaniu najwy\u017cszej jako\u015bci us\u0142ug.U\u015bmiech<\/li>\n<li>W zale\u017cno\u015bci od Pa\u0144stwa oczekiwa\u0144 przygotujemy atrakcyjny program zwiedzania oraz przyjemn\u0105 rozrywk\u0119 w formie kolacji biesiadnych, wieczork\u00f3w folklorystycznych, imprez tanecznych itp.<\/li>\n<li>Pomo\u017cemy tak\u017ce w przygotowaniu szkole\u0144, konferencji, seminari\u00f3w wyjazdowych.<\/li>\n<\/ul>\n<p>Wybieraj\u0105c wsp\u00f3\u0142prac\u0119 z nami decyduj\u0105 si\u0119 Pa\u0144stwo na us\u0142ug\u0119 na najwy\u017cszym poziomie! Niezapomniane wra\u017cenia gwarantowane!<\/p>\n<p><strong>Zapraszamy do zapoznania si\u0119 z przyk\u0142adowymi programami wycieczek!<\/strong><\/p>\n<\/div>","protected":false},"excerpt":{"rendered":"<p>Zapraszamy do wsp\u00f3\u0142pracy firmy i zak\u0142ady pracy! Oferujemy nasze do\u015bwiadczenie w organizacji atrakcyjnych wycieczek i wyjazd\u00f3w integracyjnych zar\u00f3wno krajowych jak i zagranicznych! Dysponujemy sprawdzon\u0105 baz\u0105 hotelow\u0105 i gastronomiczn\u0105, dostosowan\u0105 do charakteru imprezy oraz wymaga\u0144 i potrzeb uczestnik\u00f3w. Gwarantujemy mi\u0142\u0105 i w pe\u0142ni profesjonaln\u0105 obs\u0142ug\u0119 pilot\u00f3w, przewodnik\u00f3w i kierowc\u00f3w. Zapewniamy najni\u017csze ceny przy zachowaniu najwy\u017cszej jako\u015bci us\u0142ug.U\u015bmiech W zale\u017cno\u015bci od Pa\u0144stwa oczekiwa\u0144 przygotujemy atrakcyjny program zwiedzania oraz przyjemn\u0105 rozrywk\u0119 w formie kolacji biesiadnych, wieczork\u00f3w folklorystycznych, imprez [&hellip;]<\/p>\n","protected":false},"author":1,"featured_media":0,"parent":0,"menu_order":0,"comment_status":"closed","ping_status":"closed","template":"page-sidebar-left.php","meta":{"footnotes":""},"yoast_head":"<!-- This site is optimized with the Yoast SEO plugin v21.7 - https:\/\/yoast.com\/wordpress\/plugins\/seo\/ -->\n<title>Wycieczki dla Grup - HAPPY BUS - OLE\u015aNICA<\/title>\n<meta name=\"robots\" content=\"index, follow, max-snippet:-1, max-image-preview:large, max-video-preview:-1\" \/>\n<link rel=\"canonical\" href=\"https:\/\/happybus.pl\/index.php\/wycieczki-dla-grup\/\" \/>\n<meta property=\"og:locale\" content=\"pl_PL\" \/>\n<meta property=\"og:type\" content=\"article\" \/>\n<meta property=\"og:title\" content=\"Wycieczki dla Grup - HAPPY BUS - OLE\u015aNICA\" \/>\n<meta property=\"og:description\" content=\"Zapraszamy do wsp\u00f3\u0142pracy firmy i zak\u0142ady pracy! Oferujemy nasze do\u015bwiadczenie w organizacji atrakcyjnych wycieczek i wyjazd\u00f3w integracyjnych zar\u00f3wno krajowych jak i zagranicznych! Dysponujemy sprawdzon\u0105 baz\u0105 hotelow\u0105 i gastronomiczn\u0105, dostosowan\u0105 do charakteru imprezy oraz wymaga\u0144 i potrzeb uczestnik\u00f3w. Gwarantujemy mi\u0142\u0105 i w pe\u0142ni profesjonaln\u0105 obs\u0142ug\u0119 pilot\u00f3w, przewodnik\u00f3w i kierowc\u00f3w. Zapewniamy najni\u017csze ceny przy zachowaniu najwy\u017cszej jako\u015bci us\u0142ug.U\u015bmiech W zale\u017cno\u015bci od Pa\u0144stwa oczekiwa\u0144 przygotujemy atrakcyjny program zwiedzania oraz przyjemn\u0105 rozrywk\u0119 w formie kolacji biesiadnych, wieczork\u00f3w folklorystycznych, imprez [&hellip;]\" \/>\n<meta property=\"og:url\" content=\"https:\/\/happybus.pl\/index.php\/wycieczki-dla-grup\/\" \/>\n<meta property=\"og:site_name\" content=\"HAPPY BUS - OLE\u015aNICA\" \/>\n<meta property=\"article:modified_time\" content=\"2019-03-31T22:51:12+00:00\" \/>\n<meta name=\"twitter:card\" content=\"summary_large_image\" \/>\n<script type=\"application\/ld+json\" class=\"yoast-schema-graph\">{\"@context\":\"https:\/\/schema.org\",\"@graph\":[{\"@type\":\"WebPage\",\"@id\":\"https:\/\/happybus.pl\/index.php\/wycieczki-dla-grup\/\",\"url\":\"https:\/\/happybus.pl\/index.php\/wycieczki-dla-grup\/\",\"name\":\"Wycieczki dla Grup - HAPPY BUS - OLE\u015aNICA\",\"isPartOf\":{\"@id\":\"https:\/\/happybus.pl\/#website\"},\"datePublished\":\"2019-03-31T19:50:50+00:00\",\"dateModified\":\"2019-03-31T22:51:12+00:00\",\"breadcrumb\":{\"@id\":\"https:\/\/happybus.pl\/index.php\/wycieczki-dla-grup\/#breadcrumb\"},\"inLanguage\":\"pl-PL\",\"potentialAction\":[{\"@type\":\"ReadAction\",\"target\":[\"https:\/\/happybus.pl\/index.php\/wycieczki-dla-grup\/\"]}]},{\"@type\":\"BreadcrumbList\",\"@id\":\"https:\/\/happybus.pl\/index.php\/wycieczki-dla-grup\/#breadcrumb\",\"itemListElement\":[{\"@type\":\"ListItem\",\"position\":1,\"name\":\"Strona g\u0142\u00f3wna\",\"item\":\"https:\/\/happybus.pl\/\"},{\"@type\":\"ListItem\",\"position\":2,\"name\":\"Wycieczki dla Grup\"}]},{\"@type\":\"WebSite\",\"@id\":\"https:\/\/happybus.pl\/#website\",\"url\":\"https:\/\/happybus.pl\/\",\"name\":\"HAPPY BUS - OLE\u015aNICA\",\"description\":\"Wycieczki Krajowe i Zgarniczne\",\"potentialAction\":[{\"@type\":\"SearchAction\",\"target\":{\"@type\":\"EntryPoint\",\"urlTemplate\":\"https:\/\/happybus.pl\/?s={search_term_string}\"},\"query-input\":\"required name=search_term_string\"}],\"inLanguage\":\"pl-PL\"}]}<\/script>\n<!-- \/ Yoast SEO plugin. -->","yoast_head_json":{"title":"Wycieczki dla Grup - HAPPY BUS - OLE\u015aNICA","robots":{"index":"index","follow":"follow","max-snippet":"max-snippet:-1","max-image-preview":"max-image-preview:large","max-video-preview":"max-video-preview:-1"},"canonical":"https:\/\/happybus.pl\/index.php\/wycieczki-dla-grup\/","og_locale":"pl_PL","og_type":"article","og_title":"Wycieczki dla Grup - HAPPY BUS - OLE\u015aNICA","og_description":"Zapraszamy do wsp\u00f3\u0142pracy firmy i zak\u0142ady pracy! Oferujemy nasze do\u015bwiadczenie w organizacji atrakcyjnych wycieczek i wyjazd\u00f3w integracyjnych zar\u00f3wno krajowych jak i zagranicznych! Dysponujemy sprawdzon\u0105 baz\u0105 hotelow\u0105 i gastronomiczn\u0105, dostosowan\u0105 do charakteru imprezy oraz wymaga\u0144 i potrzeb uczestnik\u00f3w. Gwarantujemy mi\u0142\u0105 i w pe\u0142ni profesjonaln\u0105 obs\u0142ug\u0119 pilot\u00f3w, przewodnik\u00f3w i kierowc\u00f3w. Zapewniamy najni\u017csze ceny przy zachowaniu najwy\u017cszej jako\u015bci us\u0142ug.U\u015bmiech W zale\u017cno\u015bci od Pa\u0144stwa oczekiwa\u0144 przygotujemy atrakcyjny program zwiedzania oraz przyjemn\u0105 rozrywk\u0119 w formie kolacji biesiadnych, wieczork\u00f3w folklorystycznych, imprez [&hellip;]","og_url":"https:\/\/happybus.pl\/index.php\/wycieczki-dla-grup\/","og_site_name":"HAPPY BUS - OLE\u015aNICA","article_modified_time":"2019-03-31T22:51:12+00:00","twitter_card":"summary_large_image","schema":{"@context":"https:\/\/schema.org","@graph":[{"@type":"WebPage","@id":"https:\/\/happybus.pl\/index.php\/wycieczki-dla-grup\/","url":"https:\/\/happybus.pl\/index.php\/wycieczki-dla-grup\/","name":"Wycieczki dla Grup - HAPPY BUS - OLE\u015aNICA","isPartOf":{"@id":"https:\/\/happybus.pl\/#website"},"datePublished":"2019-03-31T19:50:50+00:00","dateModified":"2019-03-31T22:51:12+00:00","breadcrumb":{"@id":"https:\/\/happybus.pl\/index.php\/wycieczki-dla-grup\/#breadcrumb"},"inLanguage":"pl-PL","potentialAction":[{"@type":"ReadAction","target":["https:\/\/happybus.pl\/index.php\/wycieczki-dla-grup\/"]}]},{"@type":"BreadcrumbList","@id":"https:\/\/happybus.pl\/index.php\/wycieczki-dla-grup\/#breadcrumb","itemListElement":[{"@type":"ListItem","position":1,"name":"Strona g\u0142\u00f3wna","item":"https:\/\/happybus.pl\/"},{"@type":"ListItem","position":2,"name":"Wycieczki dla Grup"}]},{"@type":"WebSite","@id":"https:\/\/happybus.pl\/#website","url":"https:\/\/happybus.pl\/","name":"HAPPY BUS - OLE\u015aNICA","description":"Wycieczki Krajowe i Zgarniczne","potentialAction":[{"@type":"SearchAction","target":{"@type":"EntryPoint","urlTemplate":"https:\/\/happybus.pl\/?s={search_term_string}"},"query-input":"required name=search_term_string"}],"inLanguage":"pl-PL"}]}},"_links":{"self":[{"href":"https:\/\/happybus.pl\/index.php\/wp-json\/wp\/v2\/pages\/53"}],"collection":[{"href":"https:\/\/happybus.pl\/index.php\/wp-json\/wp\/v2\/pages"}],"about":[{"href":"https:\/\/happybus.pl\/index.php\/wp-json\/wp\/v2\/types\/page"}],"author":[{"embeddable":true,"href":"https:\/\/happybus.pl\/index.php\/wp-json\/wp\/v2\/users\/1"}],"replies":[{"embeddable":true,"href":"https:\/\/happybus.pl\/index.php\/wp-json\/wp\/v2\/comments?post=53"}],"version-history":[{"count":1,"href":"https:\/\/happybus.pl\/index.php\/wp-json\/wp\/v2\/pages\/53\/revisions"}],"predecessor-version":[{"id":60,"href":"https:\/\/happybus.pl\/index.php\/wp-json\/wp\/v2\/pages\/53\/revisions\/60"}],"wp:attachment":[{"href":"https:\/\/happybus.pl\/index.php\/wp-json\/wp\/v2\/media?parent=53"}],"curies":[{"name":"wp","href":"https:\/\/api.w.org\/{rel}","templated":true}]}}