{"id":4595,"date":"2026-03-20T13:27:09","date_gmt":"2026-03-20T12:27:09","guid":{"rendered":"https:\/\/happybus.pl\/?page_id=4595"},"modified":"2026-03-20T13:27:09","modified_gmt":"2026-03-20T12:27:09","slug":"city-break-2","status":"publish","type":"page","link":"https:\/\/happybus.pl\/index.php\/city-break-2\/","title":{"rendered":"CITY BREAK"},"content":{"rendered":"<div id=\"blog-1\" class=\"ui--blog ui--blog-wrapper ui--pass\" data-layout=\"mini\" data-columns=\"1\"><div class=\"ui--blog-item ui--animation ui--accent-gradient-hover-parent clearfix layout--mini\"><div class=\"ui--blog-content-wrapper\"><div class=\"ui--blog-header\"><h5 class=\"ui--blog-title entry-title\"><a class=\"ui--blog-link\" href=\"https:\/\/happybus.pl\/index.php\/2026\/04\/06\/praga-w-pigulce\/\">PRAGA w pigu\u0142ce<\/a><\/h5><\/div><div class=\"ui--blog-content\">INFORMACJE OG\u00d3LNE\n Rodzaj imprezy: Wycieczka jednodniowa\nKraj\/miejscowo\u015b\u0107: CZECHY\/Praga\nIlo\u015b\u0107 dni: 1\nIlo\u015b\u0107 nocleg\u00f3w:  nie dotyczy\nTermin:06.06,2026\nWy\u017cywienie:nie dotyczy\nTransport: autokar\nCena: 199,00z\u0142\n \n\n \n \n\n \nKOMUNIKAT UWAGA! WA\u017bNE przed dokonaniem rezerwacji!\nRezerwacji dokonuje si\u0119 automatycznie przez klikni\u0119cie przycisku \u201eRezerwuj\u201d przy wybranym terminie i wype\u0142nienie pojawiaj\u0105cego si\u0119 formularza. Nale\u017cy dok\u0142adnie przeczyta\u0107 i zaznaczy\u0107 odpowiednie pola wyboru przy dobrowolnych ...<\/div><div class=\"ui--blog-readmore more-link\"><a class=\"btn btn-small btn-secondary muted\" href=\"https:\/\/happybus.pl\/index.php\/2026\/04\/06\/praga-w-pigulce\/\">Czytaj wi\u0119cej...<\/a><\/div><\/div><\/div><div class=\"ui--blog-item ui--animation ui--accent-gradient-hover-parent clearfix layout--mini\"><div class=\"ui--blog-content-wrapper\"><div class=\"ui--blog-header\"><h5 class=\"ui--blog-title entry-title\"><a class=\"ui--blog-link\" href=\"https:\/\/happybus.pl\/index.php\/2026\/03\/25\/czeski-raj\/\">CZESKI RAJ- 3 pere\u0142ki w jeden dzie\u0144<\/a><\/h5><\/div><div class=\"ui--blog-content\">INFORMACJE OG\u00d3LNE\n Rodzaj imprezy: wycieczka jednodniowa\nKraj\/miejscowo\u015b\u0107: CZECHY-Czeski Raj\nIlo\u015b\u0107 dni: 1\nIlo\u015b\u0107 nocleg\u00f3w: nie dotyczy\nTermin:02.05.2026, 31.05.2026\nWy\u017cywienie: nie dotyczy\nTransport: autokar\nCena: 180,00\n \n\n \n \n\n \nKOMUNIKAT UWAGA! WA\u017bNE przed dokonaniem rezerwacji!\nRezerwacji dokonuje si\u0119 automatycznie przez klikni\u0119cie przycisku \u201eRezerwuj\u201d przy wybranym terminie i wype\u0142nienie pojawiaj\u0105cego si\u0119 formularza. Nale\u017cy dok\u0142adnie przeczyta\u0107 i zaznaczy\u0107 odpowiednie pola wyboru ...<\/div><div class=\"ui--blog-readmore more-link\"><a class=\"btn btn-small btn-secondary muted\" href=\"https:\/\/happybus.pl\/index.php\/2026\/03\/25\/czeski-raj\/\">Czytaj wi\u0119cej...<\/a><\/div><\/div><\/div><div class=\"ui--blog-item ui--animation ui--accent-gradient-hover-parent clearfix layout--mini\"><div class=\"ui--blog-content-wrapper\"><div class=\"ui--blog-header\"><h5 class=\"ui--blog-title entry-title\"><a class=\"ui--blog-link\" href=\"https:\/\/happybus.pl\/index.php\/2026\/03\/25\/zamek-czocha-i-sky-walk-swieradow-zdroj\/\">Zamek CZOCHA i SKY WALK \u015awierad\u00f3w Zdr\u00f3j<\/a><\/h5><\/div><div class=\"ui--blog-content\">INFORMACJE OG\u00d3LNE\n Rodzaj imprezy: wycieczka jednodniowa\nKraj\/miejscowo\u015b\u0107: Polska\/\u015awierad\u00f3w Zdr\u00f3j-Le\u015bna\nIlo\u015b\u0107 dni:1\nIlo\u015b\u0107 nocleg\u00f3w: nie dotyczy\nTermin:13.06.2026\nWy\u017cywienie:nie dotyczy\nTransport: autokar\nCena: 160,00\n \n\n \n \n\n \nKOMUNIKAT UWAGA! WA\u017bNE przed dokonaniem rezerwacji!\nRezerwacji dokonuje si\u0119 automatycznie przez klikni\u0119cie przycisku \u201eRezerwuj\u201d przy wybranym terminie i wype\u0142nienie pojawiaj\u0105cego si\u0119 formularza. Nale\u017cy dok\u0142adnie przeczyta\u0107 i zaznaczy\u0107 odpowiednie pola wyboru przy dobrowolnych dop\u0142atach.\nOWU ...<\/div><div class=\"ui--blog-readmore more-link\"><a class=\"btn btn-small btn-secondary muted\" href=\"https:\/\/happybus.pl\/index.php\/2026\/03\/25\/zamek-czocha-i-sky-walk-swieradow-zdroj\/\">Czytaj wi\u0119cej...<\/a><\/div><\/div><\/div><div class=\"ui--blog-item ui--animation ui--accent-gradient-hover-parent clearfix layout--mini\"><div class=\"ui--blog-content-wrapper\"><div class=\"ui--blog-header\"><h5 class=\"ui--blog-title entry-title\"><a class=\"ui--blog-link\" href=\"https:\/\/happybus.pl\/index.php\/2026\/03\/25\/lodz-filmowa-i-nie-tylko\/\">\u0141\u00d3D\u0179  filmowa i nie tylko<\/a><\/h5><\/div><div class=\"ui--blog-content\">INFORMACJE OG\u00d3LNE\n Rodzaj imprezy: wycieczka jednodniowa\nKraj\/miejscowo\u015b\u0107: POLSKA\/\u0141\u00f3d\u017a\nIlo\u015b\u0107 dni: 1\nIlo\u015b\u0107 nocleg\u00f3w:  nie dotyczy\nTermin: 20.06.2026\nWy\u017cywienie:nie dotyczy\nTransport: autokar\nCena: 170,00z\u0142\n \n\n \n \n\n \nKOMUNIKAT UWAGA! WA\u017bNE przed dokonaniem rezerwacji!\nRezerwacji dokonuje si\u0119 automatycznie przez klikni\u0119cie przycisku \u201eRezerwuj\u201d przy wybranym terminie i wype\u0142nienie pojawiaj\u0105cego si\u0119 formularza. Nale\u017cy dok\u0142adnie przeczyta\u0107 i zaznaczy\u0107 odpowiednie pola wyboru przy ...<\/div><div class=\"ui--blog-readmore more-link\"><a class=\"btn btn-small btn-secondary muted\" href=\"https:\/\/happybus.pl\/index.php\/2026\/03\/25\/lodz-filmowa-i-nie-tylko\/\">Czytaj wi\u0119cej...<\/a><\/div><\/div><\/div><div class=\"ui--blog-item ui--animation ui--accent-gradient-hover-parent clearfix layout--mini\"><div class=\"ui--blog-content-wrapper\"><div class=\"ui--blog-header\"><h5 class=\"ui--blog-title entry-title\"><a class=\"ui--blog-link\" href=\"https:\/\/happybus.pl\/index.php\/2026\/03\/19\/sandomierz-i-okolice-perla-renesansu\/\">SANDOMIERZ i okolice- per\u0142a renesansu<\/a><\/h5><\/div><div class=\"ui--blog-content\">INFORMACJE OG\u00d3LNE\n Rodzaj imprezy: wycieczka\nKraj\/miejscowo\u015b\u0107: POLSKA\/Sandomierz\nIlo\u015b\u0107 dni: 2\nIlo\u015b\u0107 nocleg\u00f3w:   1\nTermin:20-21.06.2026\nWy\u017cywienie:HB\nTransport: autokar\nCena: 590,00z\u0142\n \n\n \n \n\n \nKOMUNIKAT UWAGA! WA\u017bNE przed dokonaniem rezerwacji!\nRezerwacji  dokonuje si\u0119 automatycznie przez klikni\u0119cie przycisku \u201eRezerwuj\u201d przy wybranym terminie i wype\u0142nienie pojawiaj\u0105cego si\u0119 formularza.  Nale\u017cy dok\u0142adnie przeczyta\u0107 i zaznaczy\u0107 odpowiednie pola wyboru przy dobrowolnych ...<\/div><div class=\"ui--blog-readmore more-link\"><a class=\"btn btn-small btn-secondary muted\" href=\"https:\/\/happybus.pl\/index.php\/2026\/03\/19\/sandomierz-i-okolice-perla-renesansu\/\">Czytaj wi\u0119cej...<\/a><\/div><\/div><\/div><div class=\"ui--blog-item ui--animation ui--accent-gradient-hover-parent clearfix layout--mini\"><div class=\"ui--blog-content-wrapper\"><div class=\"ui--blog-header\"><h5 class=\"ui--blog-title entry-title\"><a class=\"ui--blog-link\" href=\"https:\/\/happybus.pl\/index.php\/2026\/03\/18\/kazimierz-dolny-i-okolice-perly-lubelszczyzny\/\">KAZIMIERZ DOLNY i okolice- per\u0142y Lubelszczyzny<\/a><\/h5><\/div><div class=\"ui--blog-content\">INFORMACJE OG\u00d3LNE\n Rodzaj imprezy: wycieczka\nKraj\/miejscowo\u015b\u0107: POLSKA\/Kazimierz Dolny-Na\u0142\u0119cz\u00f3w-Koz\u0142\u00f3wka\nIlo\u015b\u0107 dni: 2\nIlo\u015b\u0107 nocleg\u00f3w:  1\nTermin:13-14.06.2026\nWy\u017cywienie:HB\nTransport: autokar\nCena: 595,00z\u0142\n \n\n \n \n\n \nKOMUNIKAT UWAGA! WA\u017bNE przed dokonaniem rezerwacji!\nRezerwacji  dokonuje si\u0119 automatycznie przez klikni\u0119cie przycisku \u201eRezerwuj\u201d przy wybranym terminie i wype\u0142nienie pojawiaj\u0105cego si\u0119 formularza.  Nale\u017cy dok\u0142adnie przeczyta\u0107 i zaznaczy\u0107 odpowiednie pola wyboru przy dobrowolnych ...<\/div><div class=\"ui--blog-readmore more-link\"><a class=\"btn btn-small btn-secondary muted\" href=\"https:\/\/happybus.pl\/index.php\/2026\/03\/18\/kazimierz-dolny-i-okolice-perly-lubelszczyzny\/\">Czytaj wi\u0119cej...<\/a><\/div><\/div><\/div><div class=\"ui--blog-item ui--animation ui--accent-gradient-hover-parent clearfix layout--mini\"><div class=\"ui--blog-content-wrapper\"><div class=\"ui--blog-header\"><h5 class=\"ui--blog-title entry-title\"><a class=\"ui--blog-link\" href=\"https:\/\/happybus.pl\/index.php\/2026\/03\/12\/wilno-troki-magia-litwy-w-jeden-weekend\/\">WILNO-TROKI- magia Litwy w jeden weekend<\/a><\/h5><\/div><div class=\"ui--blog-content\">INFORMACJE OG\u00d3LNE\n Rodzaj imprezy: wycieczka objazdowa\nKraj\/miejscowo\u015b\u0107: LITWA\/Wilno-Troki\nIlo\u015b\u0107 dni: 3\nIlo\u015b\u0107 nocleg\u00f3w:   2\nTermin:19-21.06.2026\nWy\u017cywienie: HB\nTransport: autokar\nCena: 1090,00z\u0142\n \n\n \n \n\n \nKOMUNIKAT UWAGA! WA\u017bNE przed dokonaniem rezerwacji!\nRezerwacji  dokonuje si\u0119 automatycznie przez klikni\u0119cie przycisku \u201eRezerwuj\u201d przy wybranym terminie i wype\u0142nienie pojawiaj\u0105cego si\u0119 formularza.  Nale\u017cy dok\u0142adnie przeczyta\u0107 i zaznaczy\u0107 odpowiednie pola wyboru ...<\/div><div class=\"ui--blog-readmore more-link\"><a class=\"btn btn-small btn-secondary muted\" href=\"https:\/\/happybus.pl\/index.php\/2026\/03\/12\/wilno-troki-magia-litwy-w-jeden-weekend\/\">Czytaj wi\u0119cej...<\/a><\/div><\/div><\/div><div class=\"ui--blog-item ui--animation ui--accent-gradient-hover-parent clearfix layout--mini\"><div class=\"ui--blog-content-wrapper\"><div class=\"ui--blog-header\"><h5 class=\"ui--blog-title entry-title\"><a class=\"ui--blog-link\" href=\"https:\/\/happybus.pl\/index.php\/2026\/02\/09\/praga-i-czeski-krumlov-perly-czech\/\">PRAGA I CZESKI KRUMLOV- per\u0142y Czech<\/a><\/h5><\/div><div class=\"ui--blog-content\">INFORMACJE OG\u00d3LNE\n Rodzaj imprezy: wycieczka\nKraj\/miejscowo\u015b\u0107: Czechy\/Praga-Czeski Krumlov\nIlo\u015b\u0107 dni: 2\nIlo\u015b\u0107 nocleg\u00f3w:   1\nTermin:16-17.05.2026\nWy\u017cywienie:BB\nTransport: autokar\nCena: 460,00z\u0142 + TFG i TFP 4,00z\u0142\n \n\n \n \n\n \nKOMUNIKAT UWAGA! WA\u017bNE przed dokonaniem rezerwacji!\nRezerwacji dokonuje si\u0119 automatycznie przez klikni\u0119cie przycisku \u201eRezerwuj\u201d przy wybranym terminie i wype\u0142nienie pojawiaj\u0105cego si\u0119 formularza. Nale\u017cy dok\u0142adnie przeczyta\u0107 i zaznaczy\u0107 odpowiednie ...<\/div><div class=\"ui--blog-readmore more-link\"><a class=\"btn btn-small btn-secondary muted\" href=\"https:\/\/happybus.pl\/index.php\/2026\/02\/09\/praga-i-czeski-krumlov-perly-czech\/\">Czytaj wi\u0119cej...<\/a><\/div><\/div><\/div><div class=\"ui--blog-item ui--animation ui--accent-gradient-hover-parent clearfix layout--mini\"><div class=\"ui--blog-content-wrapper\"><div class=\"ui--blog-header\"><h5 class=\"ui--blog-title entry-title\"><a class=\"ui--blog-link\" href=\"https:\/\/happybus.pl\/index.php\/2025\/01\/22\/wieden-urokliwa-dolina-wachau\/\">WIEDE\u0143 + urokliwa DOLINA WACHAU<\/a><\/h5><\/div><div class=\"ui--blog-content\">INFORMACJE OG\u00d3LNE\n Rodzaj imprezy: wycieczka objazdowa\nKraj\/miejscowo\u015b\u0107: Austria\/ Wiede\u0144 i Dolina Wachau\nIlo\u015b\u0107 dni: 3\nIlo\u015b\u0107 nocleg\u00f3w:   2\nTermin: 26-28.06.2026\nWy\u017cywienie: BB\nTransport: autokar\nCena: 899,00z\u0142\n \n\n \n \n\n \nKOMUNIKAT UWAGA! WA\u017bNE przed dokonaniem rezerwacji!\nRezerwacji dokonuje si\u0119 automatycznie przez klikni\u0119cie przycisku \u201eRezerwuj\u201d przy wybranym terminie i wype\u0142nienie pojawiaj\u0105cego si\u0119 formularza. Nale\u017cy dok\u0142adnie przeczyta\u0107 i zaznaczy\u0107 ...<\/div><div class=\"ui--blog-readmore more-link\"><a class=\"btn btn-small btn-secondary muted\" href=\"https:\/\/happybus.pl\/index.php\/2025\/01\/22\/wieden-urokliwa-dolina-wachau\/\">Czytaj wi\u0119cej...<\/a><\/div><\/div><\/div><div class=\"ui--blog-item ui--animation ui--accent-gradient-hover-parent clearfix layout--mini\"><div class=\"ui--blog-content-wrapper\"><div class=\"ui--blog-header\"><h5 class=\"ui--blog-title entry-title\"><a class=\"ui--blog-link\" href=\"https:\/\/happybus.pl\/index.php\/2024\/02\/20\/kopernik-pierniki-i-krzyzacy-torun-malbork\/\">Kopernik, pierniki i Krzy\u017cacy- TORU\u0143-MALBORK<\/a><\/h5><\/div><div class=\"ui--blog-content\">INFORMACJE OG\u00d3LNE\n Rodzaj imprezy: Wycieczka\nKraj\/miejscowo\u015b\u0107: Polska\/Toru\u0144-Malbork\nIlo\u015b\u0107 dni: 2\nIlo\u015b\u0107 nocleg\u00f3w:  1\nTermin: 20-21.06.2026\nWy\u017cywienie: HB\nTransport: autokar\nCena: 490,00\n \n\n \n \n\n \nKOMUNIKAT UWAGA! WA\u017bNE przed dokonaniem rezerwacji!\nRezerwacji  dokonuje si\u0119 automatycznie przez klikni\u0119cie przycisku \u201eRezerwuj\u201d przy wybranym terminie i wype\u0142nienie pojawiaj\u0105cego si\u0119 formularza.  Nale\u017cy dok\u0142adnie przeczyta\u0107 i zaznaczy\u0107 odpowiednie pola wyboru przy ...<\/div><div class=\"ui--blog-readmore more-link\"><a class=\"btn btn-small btn-secondary muted\" href=\"https:\/\/happybus.pl\/index.php\/2024\/02\/20\/kopernik-pierniki-i-krzyzacy-torun-malbork\/\">Czytaj wi\u0119cej...<\/a><\/div><\/div><\/div><div class=\"ui--blog-item ui--animation ui--accent-gradient-hover-parent clearfix layout--mini\"><div class=\"ui--blog-content-wrapper\"><div class=\"ui--blog-header\"><h5 class=\"ui--blog-title entry-title\"><a class=\"ui--blog-link\" href=\"https:\/\/happybus.pl\/index.php\/2024\/02\/19\/weekend-w-stolicy-warszawa\/\">Weekend w stolicy- WARSZAWA<\/a><\/h5><\/div><div class=\"ui--blog-content\">INFORMACJE OG\u00d3LNE\n Rodzaj imprezy: wycieczka\nKraj\/miejscowo\u015b\u0107: Polska\/Warszawa\nIlo\u015b\u0107 dni: 2\nIlo\u015b\u0107 nocleg\u00f3w:  1\nTermin:16-17.05.2026\nWy\u017cywienie:HB\nTransport: autokar\nCena: 550,00z\u0142 + 4,00z\u0142 TFG i TFP\n \n\n \n \n\n \nKOMUNIKAT UWAGA! WA\u017bNE przed dokonaniem rezerwacji!\nRezerwacji  dokonuje si\u0119 automatycznie przez klikni\u0119cie przycisku \u201eRezerwuj\u201d przy wybranym terminie i wype\u0142nienie pojawiaj\u0105cego si\u0119 formularza.  Nale\u017cy dok\u0142adnie przeczyta\u0107 i zaznaczy\u0107 odpowiednie ...<\/div><div class=\"ui--blog-readmore more-link\"><a class=\"btn btn-small btn-secondary muted\" href=\"https:\/\/happybus.pl\/index.php\/2024\/02\/19\/weekend-w-stolicy-warszawa\/\">Czytaj wi\u0119cej...<\/a><\/div><\/div><\/div><div class=\"ui--blog-item ui--animation ui--accent-gradient-hover-parent clearfix layout--mini\"><div class=\"ui--blog-content-wrapper\"><div class=\"ui--blog-header\"><h5 class=\"ui--blog-title entry-title\"><a class=\"ui--blog-link\" href=\"https:\/\/happybus.pl\/index.php\/2023\/01\/03\/morawy-wieden\/\">MORAWY- WIEDE\u0143<\/a><\/h5><\/div><div class=\"ui--blog-content\">INFORMACJE OG\u00d3LNE\n Rodzaj imprezy: Wycieczka Morawy-Wiede\u0144\nKraj\/miejscowo\u015b\u0107: Czechy\/Austria- Wiede\u0144\nIlo\u015b\u0107 dni: 2\nIlo\u015b\u0107 nocleg\u00f3w: 1\nTermin: 23-24.05.2026\nWy\u017cywienie: HB\nTransport: autokar\nCena: 495,00z\u0142 \n \n\n \n \n\n \nKOMUNIKATUWAGA! WA\u017bNE przed dokonaniem rezerwacji!\nRezerwacji  dokonuje si\u0119 automatycznie przez klikni\u0119cie przycisku \u201eRezerwuj\u201d przy wybranym terminie i wype\u0142nienie pojawiaj\u0105cego si\u0119 formularza.  Nale\u017cy dok\u0142adnie przeczyta\u0107 i zaznaczy\u0107 odpowiednie pola wyboru ...<\/div><div class=\"ui--blog-readmore more-link\"><a class=\"btn btn-small btn-secondary muted\" href=\"https:\/\/happybus.pl\/index.php\/2023\/01\/03\/morawy-wieden\/\">Czytaj wi\u0119cej...<\/a><\/div><\/div><\/div><div class=\"ui--blog-item ui--animation ui--accent-gradient-hover-parent clearfix layout--mini\"><div class=\"ui--blog-content-wrapper\"><div class=\"ui--blog-header\"><h5 class=\"ui--blog-title entry-title\"><a class=\"ui--blog-link\" href=\"https:\/\/happybus.pl\/index.php\/2022\/10\/05\/drezno-szwajcaria-saksonska-2-dni\/\">Drezno-Szwajcaria Sakso\u0144ska 2 dni<\/a><\/h5><\/div><div class=\"ui--blog-content\">INFORMACJE OG\u00d3LNE\n Rodzaj imprezy: wycieczka\nKraj\/miejscowo\u015b\u0107: NIEMCY\/Drezno-Szwajcaria Sakso\u0144ska\nIlo\u015b\u0107 dni: 2\nIlo\u015b\u0107 nocleg\u00f3w: 1 \nTermin: 27-28.06.2026\nWy\u017cywienie: BB\nTransport: autokar\nCena: 380,00 z\u0142 \n \n\n \n \n\n \nKOMUNIKAT UWAGA! WA\u017bNE przed dokonaniem rezerwacji!\nRezerwacji  dokonuje si\u0119 automatycznie przez klikni\u0119cie przycisku \u201eRezerwuj\u201d przy wybranym terminie i wype\u0142nienie pojawiaj\u0105cego si\u0119 formularza.  Nale\u017cy dok\u0142adnie przeczyta\u0107 i zaznaczy\u0107 odpowiednie ...<\/div><div class=\"ui--blog-readmore more-link\"><a class=\"btn btn-small btn-secondary muted\" href=\"https:\/\/happybus.pl\/index.php\/2022\/10\/05\/drezno-szwajcaria-saksonska-2-dni\/\">Czytaj wi\u0119cej...<\/a><\/div><\/div><\/div><div class=\"ui--blog-item ui--animation ui--accent-gradient-hover-parent clearfix layout--mini last-item\"><div class=\"ui--blog-content-wrapper\"><div class=\"ui--blog-header\"><h5 class=\"ui--blog-title entry-title\"><a class=\"ui--blog-link\" href=\"https:\/\/happybus.pl\/index.php\/2021\/04\/07\/krakow-2-dni\/\">Krak\u00f3w 2 dni<\/a><\/h5><\/div><div class=\"ui--blog-content\">INFORMACJE OG\u00d3LNE\n Rodzaj imprezy: POLSKA\/ Krak\u00f3w\nKraj\/miejscowo\u015b\u0107: Krak\u00f3w\nIlo\u015b\u0107 dni: 2\nIlo\u015b\u0107 nocleg\u00f3w: 1\nTermin: 21-22.06.2026\nWy\u017cywienie: HB\nTransport: Autokar\nCena: 450,00z\u0142\n \n\n \n \n\n \nKOMUNIKATUWAGA! WA\u017bNE przed dokonaniem rezerwacji!\nRezerwacji  dokonuje si\u0119 automatycznie przez klikni\u0119cie przycisku \u201eRezerwuj\u201d przy wybranym terminie i wype\u0142nienie pojawiaj\u0105cego si\u0119 formularza.  Nale\u017cy dok\u0142adnie przeczyta\u0107 i zaznaczy\u0107 odpowiednie pola wyboru przy dobrowolnych ...<\/div><div class=\"ui--blog-readmore more-link\"><a class=\"btn btn-small btn-secondary muted\" href=\"https:\/\/happybus.pl\/index.php\/2021\/04\/07\/krakow-2-dni\/\">Czytaj wi\u0119cej...<\/a><\/div><\/div><\/div><\/div>","protected":false},"excerpt":{"rendered":"<p>PRAGA w pigu\u0142ceINFORMACJE OG\u00d3LNE Rodzaj imprezy: Wycieczka jednodniowa Kraj\/miejscowo\u015b\u0107: CZECHY\/Praga Ilo\u015b\u0107 dni: 1 Ilo\u015b\u0107 nocleg\u00f3w: nie dotyczy Termin:06.06,2026 Wy\u017cywienie:nie dotyczy Transport: autokar Cena: 199,00z\u0142 KOMUNIKAT UWAGA! WA\u017bNE przed dokonaniem rezerwacji! Rezerwacji dokonuje si\u0119 automatycznie przez klikni\u0119cie przycisku \u201eRezerwuj\u201d przy wybranym terminie i wype\u0142nienie pojawiaj\u0105cego si\u0119 formularza. Nale\u017cy dok\u0142adnie przeczyta\u0107 i zaznaczy\u0107 odpowiednie pola wyboru przy dobrowolnych &#8230;Czytaj wi\u0119cej&#8230;CZESKI RAJ- 3 pere\u0142ki w jeden dzie\u0144INFORMACJE OG\u00d3LNE Rodzaj imprezy: wycieczka jednodniowa Kraj\/miejscowo\u015b\u0107: CZECHY-Czeski Raj Ilo\u015b\u0107 dni: 1 [&hellip;]<\/p>\n","protected":false},"author":3,"featured_media":0,"parent":0,"menu_order":0,"comment_status":"closed","ping_status":"closed","template":"page-sidebar-left.php","meta":{"footnotes":""},"yoast_head":"<!-- This site is optimized with the Yoast SEO plugin v21.7 - https:\/\/yoast.com\/wordpress\/plugins\/seo\/ -->\n<title>CITY BREAK - HAPPY BUS - OLE\u015aNICA<\/title>\n<meta name=\"robots\" content=\"index, follow, max-snippet:-1, max-image-preview:large, max-video-preview:-1\" \/>\n<link rel=\"canonical\" href=\"https:\/\/happybus.pl\/index.php\/city-break-2\/\" \/>\n<meta property=\"og:locale\" content=\"pl_PL\" \/>\n<meta property=\"og:type\" content=\"article\" \/>\n<meta property=\"og:title\" content=\"CITY BREAK - HAPPY BUS - OLE\u015aNICA\" \/>\n<meta property=\"og:description\" content=\"PRAGA w pigu\u0142ceINFORMACJE OG\u00d3LNE Rodzaj imprezy: Wycieczka jednodniowa Kraj\/miejscowo\u015b\u0107: CZECHY\/Praga Ilo\u015b\u0107 dni: 1 Ilo\u015b\u0107 nocleg\u00f3w: nie dotyczy Termin:06.06,2026 Wy\u017cywienie:nie dotyczy Transport: autokar Cena: 199,00z\u0142 KOMUNIKAT UWAGA! WA\u017bNE przed dokonaniem rezerwacji! Rezerwacji dokonuje si\u0119 automatycznie przez klikni\u0119cie przycisku \u201eRezerwuj\u201d przy wybranym terminie i wype\u0142nienie pojawiaj\u0105cego si\u0119 formularza. Nale\u017cy dok\u0142adnie przeczyta\u0107 i zaznaczy\u0107 odpowiednie pola wyboru przy dobrowolnych ...Czytaj wi\u0119cej...CZESKI RAJ- 3 pere\u0142ki w jeden dzie\u0144INFORMACJE OG\u00d3LNE Rodzaj imprezy: wycieczka jednodniowa Kraj\/miejscowo\u015b\u0107: CZECHY-Czeski Raj Ilo\u015b\u0107 dni: 1 [&hellip;]\" \/>\n<meta property=\"og:url\" content=\"https:\/\/happybus.pl\/index.php\/city-break-2\/\" \/>\n<meta property=\"og:site_name\" content=\"HAPPY BUS - OLE\u015aNICA\" \/>\n<meta name=\"twitter:card\" content=\"summary_large_image\" \/>\n<meta name=\"twitter:label1\" content=\"Szacowany czas czytania\" \/>\n\t<meta name=\"twitter:data1\" content=\"4 minuty\" \/>\n<script type=\"application\/ld+json\" class=\"yoast-schema-graph\">{\"@context\":\"https:\/\/schema.org\",\"@graph\":[{\"@type\":\"WebPage\",\"@id\":\"https:\/\/happybus.pl\/index.php\/city-break-2\/\",\"url\":\"https:\/\/happybus.pl\/index.php\/city-break-2\/\",\"name\":\"CITY BREAK - HAPPY BUS - OLE\u015aNICA\",\"isPartOf\":{\"@id\":\"https:\/\/happybus.pl\/#website\"},\"datePublished\":\"2026-03-20T12:27:09+00:00\",\"dateModified\":\"2026-03-20T12:27:09+00:00\",\"breadcrumb\":{\"@id\":\"https:\/\/happybus.pl\/index.php\/city-break-2\/#breadcrumb\"},\"inLanguage\":\"pl-PL\",\"potentialAction\":[{\"@type\":\"ReadAction\",\"target\":[\"https:\/\/happybus.pl\/index.php\/city-break-2\/\"]}]},{\"@type\":\"BreadcrumbList\",\"@id\":\"https:\/\/happybus.pl\/index.php\/city-break-2\/#breadcrumb\",\"itemListElement\":[{\"@type\":\"ListItem\",\"position\":1,\"name\":\"Strona g\u0142\u00f3wna\",\"item\":\"https:\/\/happybus.pl\/\"},{\"@type\":\"ListItem\",\"position\":2,\"name\":\"CITY BREAK\"}]},{\"@type\":\"WebSite\",\"@id\":\"https:\/\/happybus.pl\/#website\",\"url\":\"https:\/\/happybus.pl\/\",\"name\":\"HAPPY BUS - OLE\u015aNICA\",\"description\":\"Wycieczki Krajowe i Zgarniczne\",\"potentialAction\":[{\"@type\":\"SearchAction\",\"target\":{\"@type\":\"EntryPoint\",\"urlTemplate\":\"https:\/\/happybus.pl\/?s={search_term_string}\"},\"query-input\":\"required name=search_term_string\"}],\"inLanguage\":\"pl-PL\"}]}<\/script>\n<!-- \/ Yoast SEO plugin. -->","yoast_head_json":{"title":"CITY BREAK - HAPPY BUS - OLE\u015aNICA","robots":{"index":"index","follow":"follow","max-snippet":"max-snippet:-1","max-image-preview":"max-image-preview:large","max-video-preview":"max-video-preview:-1"},"canonical":"https:\/\/happybus.pl\/index.php\/city-break-2\/","og_locale":"pl_PL","og_type":"article","og_title":"CITY BREAK - HAPPY BUS - OLE\u015aNICA","og_description":"PRAGA w pigu\u0142ceINFORMACJE OG\u00d3LNE Rodzaj imprezy: Wycieczka jednodniowa Kraj\/miejscowo\u015b\u0107: CZECHY\/Praga Ilo\u015b\u0107 dni: 1 Ilo\u015b\u0107 nocleg\u00f3w: nie dotyczy Termin:06.06,2026 Wy\u017cywienie:nie dotyczy Transport: autokar Cena: 199,00z\u0142 KOMUNIKAT UWAGA! WA\u017bNE przed dokonaniem rezerwacji! Rezerwacji dokonuje si\u0119 automatycznie przez klikni\u0119cie przycisku \u201eRezerwuj\u201d przy wybranym terminie i wype\u0142nienie pojawiaj\u0105cego si\u0119 formularza. Nale\u017cy dok\u0142adnie przeczyta\u0107 i zaznaczy\u0107 odpowiednie pola wyboru przy dobrowolnych ...Czytaj wi\u0119cej...CZESKI RAJ- 3 pere\u0142ki w jeden dzie\u0144INFORMACJE OG\u00d3LNE Rodzaj imprezy: wycieczka jednodniowa Kraj\/miejscowo\u015b\u0107: CZECHY-Czeski Raj Ilo\u015b\u0107 dni: 1 [&hellip;]","og_url":"https:\/\/happybus.pl\/index.php\/city-break-2\/","og_site_name":"HAPPY BUS - OLE\u015aNICA","twitter_card":"summary_large_image","twitter_misc":{"Szacowany czas czytania":"4 minuty"},"schema":{"@context":"https:\/\/schema.org","@graph":[{"@type":"WebPage","@id":"https:\/\/happybus.pl\/index.php\/city-break-2\/","url":"https:\/\/happybus.pl\/index.php\/city-break-2\/","name":"CITY BREAK - HAPPY BUS - OLE\u015aNICA","isPartOf":{"@id":"https:\/\/happybus.pl\/#website"},"datePublished":"2026-03-20T12:27:09+00:00","dateModified":"2026-03-20T12:27:09+00:00","breadcrumb":{"@id":"https:\/\/happybus.pl\/index.php\/city-break-2\/#breadcrumb"},"inLanguage":"pl-PL","potentialAction":[{"@type":"ReadAction","target":["https:\/\/happybus.pl\/index.php\/city-break-2\/"]}]},{"@type":"BreadcrumbList","@id":"https:\/\/happybus.pl\/index.php\/city-break-2\/#breadcrumb","itemListElement":[{"@type":"ListItem","position":1,"name":"Strona g\u0142\u00f3wna","item":"https:\/\/happybus.pl\/"},{"@type":"ListItem","position":2,"name":"CITY BREAK"}]},{"@type":"WebSite","@id":"https:\/\/happybus.pl\/#website","url":"https:\/\/happybus.pl\/","name":"HAPPY BUS - OLE\u015aNICA","description":"Wycieczki Krajowe i Zgarniczne","potentialAction":[{"@type":"SearchAction","target":{"@type":"EntryPoint","urlTemplate":"https:\/\/happybus.pl\/?s={search_term_string}"},"query-input":"required name=search_term_string"}],"inLanguage":"pl-PL"}]}},"_links":{"self":[{"href":"https:\/\/happybus.pl\/index.php\/wp-json\/wp\/v2\/pages\/4595"}],"collection":[{"href":"https:\/\/happybus.pl\/index.php\/wp-json\/wp\/v2\/pages"}],"about":[{"href":"https:\/\/happybus.pl\/index.php\/wp-json\/wp\/v2\/types\/page"}],"author":[{"embeddable":true,"href":"https:\/\/happybus.pl\/index.php\/wp-json\/wp\/v2\/users\/3"}],"replies":[{"embeddable":true,"href":"https:\/\/happybus.pl\/index.php\/wp-json\/wp\/v2\/comments?post=4595"}],"version-history":[{"count":1,"href":"https:\/\/happybus.pl\/index.php\/wp-json\/wp\/v2\/pages\/4595\/revisions"}],"predecessor-version":[{"id":4596,"href":"https:\/\/happybus.pl\/index.php\/wp-json\/wp\/v2\/pages\/4595\/revisions\/4596"}],"wp:attachment":[{"href":"https:\/\/happybus.pl\/index.php\/wp-json\/wp\/v2\/media?parent=4595"}],"curies":[{"name":"wp","href":"https:\/\/api.w.org\/{rel}","templated":true}]}}