{"id":385,"date":"2019-05-16T23:18:02","date_gmt":"2019-05-16T21:18:02","guid":{"rendered":"http:\/\/happybus.pl\/?page_id=385"},"modified":"2019-05-16T23:18:02","modified_gmt":"2019-05-16T21:18:02","slug":"torun-malbork-3-dni-od-380zl","status":"publish","type":"page","link":"https:\/\/happybus.pl\/index.php\/torun-malbork-3-dni-od-380zl\/","title":{"rendered":"Toru\u0144-Malbork | 3 dni | od 380z\u0142"},"content":{"rendered":"<div class=\"auto-format ui--animation\"><p><strong>Cel wycieczki:<\/strong>TORU\u0143 MIASTO KOPERNIKA i PIERNIK\u00d3W- MALBORK Zamek Krzy\u017cacki<br \/>\n<strong>Wycieczka:<\/strong> wycieczka wielodniowa<br \/>\n<strong>Cena :<\/strong> 380z\u0142*<\/p>\n<p><strong>Ramowy program:<\/strong><br \/>\n<strong>1.dzie\u0144<\/strong><br \/>\nWyjazd we wczesnych godzinach porannych. Przejazd do miasta Miko\u0142aja Kopernika. Zwiedzanie Torunia tras\u0105 zabytk\u00f3w wpisanych na list\u0119 dziedzictwa \u015bwiatowego UNESCO. m.in.:Stare Miasto ( \u0141uk Cezara, Ko\u015bci\u00f3\u0142 Mariacki, Rynek Staromiejski z Ratuszem, Piernikow\u0105 Alej\u0105 Gwiazd, pomnikiem Miko\u0142aja Kopernika), Dom Kopernika, Krzywa Wie\u017ca, zesp\u00f3\u0142 mur\u00f3w obronnych, Droga Kr\u00f3lewska, Katedra \u015awi\u0119toja\u0144ska, Brama Mostowa, Ruiny Zamku Krzy\u017cackiego, Ko\u015bci\u00f3\u0142 \u015aw. Jakuba, Ratusz Nowomiejski.<br \/>\nPrzejazd do hotelu\/pensjonatu. Zakwaterowanie. Obiadokolacja. Nocleg.<\/p>\n<p><strong>2.dzie\u0144<\/strong><br \/>\n\u015aniadanie. Dalsze zwiedzanie Torunia: seans w Planetarium \u2013 w niezwyk\u0142ej atmosferze stworzonej przez animacj\u0119 kosmosu i narracj\u0119 lub zwiedzanie Obserwatorium Astronomicznego. Interaktywne zwiedzanie Muzeum Piernika z mo\u017cliwo\u015bci\u0105 w\u0142asnor\u0119cznego wyrobu toru\u0144skich smako\u0142yk\u00f3w. lub zwiedzanie Obserwatorium Astronomicznego. Przejazd do Ciechocinka. Zwiedzanie uzdrowiska i t\u0119\u017cni. Powr\u00f3t do hotelu\/pensjonatu. Obiadokolacja. Nocleg.<\/p>\n<p><strong>3.dzie\u0144<\/strong><br \/>\n\u015aniadanie. Wykwaterowanie. Przejazd do Malborka \u2013 zwiedzanie jednej z najwi\u0119kszych twierdz w \u015bredniowiecznej Europie, wzniesionej przez Zakon Krzy\u017cak\u00f3w. Obiad. Wyjazd w drog\u0119 powrotn\u0105. Przyjazd w godzinach p\u00f3\u017ano wieczornych.<br \/>\n<strong>UWAGA! Cena obowi\u0105zuje dla grupy min. 45 os\u00f3b. Dla grupy 35 os\u00f3b cena wyniesie 410z\u0142<\/strong><\/p>\n<p><strong>Cena zawiera:<\/strong><\/p>\n<ul>\n<li>przejazd autokarem ( klimatyzacja, wc, dvd, cafe-bar)<\/li>\n<li>zakwaterowanie: 2 noclegi w hotelu lub pensjonacie, pokoje 2, 3, 4-osobowe z \u0142azienkami<\/li>\n<li>wy\u017cywienie: 2 \u015bniadania, 2 obiadokolacje, obiad w trzecim dniu imprezy<\/li>\n<li>opiek\u0119 pilota-przewodnika<\/li>\n<li>ubezpieczenie NNW<\/li>\n<\/ul>\n<p>Cena nie zawiera:<br \/>\n<strong>bilet\u00f3w wst\u0119pu do zwiedzanych obiekt\u00f3w<\/strong> <\/p>\n<p><strong>Cena wycieczki uzale\u017cniona jest od terminu  i ceny dost\u0119pnych miejsc noclegowych.<\/strong><\/p>\n<\/div>","protected":false},"excerpt":{"rendered":"<p>Cel wycieczki:TORU\u0143 MIASTO KOPERNIKA i PIERNIK\u00d3W- MALBORK Zamek Krzy\u017cacki Wycieczka: wycieczka wielodniowa Cena : 380z\u0142* Ramowy program: 1.dzie\u0144 Wyjazd we wczesnych godzinach porannych. Przejazd do miasta Miko\u0142aja Kopernika. Zwiedzanie Torunia tras\u0105 zabytk\u00f3w wpisanych na list\u0119 dziedzictwa \u015bwiatowego UNESCO. m.in.:Stare Miasto ( \u0141uk Cezara, Ko\u015bci\u00f3\u0142 Mariacki, Rynek Staromiejski z Ratuszem, Piernikow\u0105 Alej\u0105 Gwiazd, pomnikiem Miko\u0142aja Kopernika), Dom Kopernika, Krzywa Wie\u017ca, zesp\u00f3\u0142 mur\u00f3w obronnych, Droga Kr\u00f3lewska, Katedra \u015awi\u0119toja\u0144ska, Brama Mostowa, Ruiny Zamku Krzy\u017cackiego, Ko\u015bci\u00f3\u0142 \u015aw. Jakuba, Ratusz [&hellip;]<\/p>\n","protected":false},"author":1,"featured_media":0,"parent":0,"menu_order":0,"comment_status":"closed","ping_status":"closed","template":"page-sidebar-left.php","meta":{"footnotes":""},"yoast_head":"<!-- This site is optimized with the Yoast SEO plugin v21.7 - https:\/\/yoast.com\/wordpress\/plugins\/seo\/ -->\n<title>Toru\u0144-Malbork | 3 dni | od 380z\u0142 - HAPPY BUS - OLE\u015aNICA<\/title>\n<meta name=\"robots\" content=\"index, follow, max-snippet:-1, max-image-preview:large, max-video-preview:-1\" \/>\n<link rel=\"canonical\" href=\"https:\/\/happybus.pl\/index.php\/torun-malbork-3-dni-od-380zl\/\" \/>\n<meta property=\"og:locale\" content=\"pl_PL\" \/>\n<meta property=\"og:type\" content=\"article\" \/>\n<meta property=\"og:title\" content=\"Toru\u0144-Malbork | 3 dni | od 380z\u0142 - HAPPY BUS - OLE\u015aNICA\" \/>\n<meta property=\"og:description\" content=\"Cel wycieczki:TORU\u0143 MIASTO KOPERNIKA i PIERNIK\u00d3W- MALBORK Zamek Krzy\u017cacki Wycieczka: wycieczka wielodniowa Cena : 380z\u0142* Ramowy program: 1.dzie\u0144 Wyjazd we wczesnych godzinach porannych. Przejazd do miasta Miko\u0142aja Kopernika. Zwiedzanie Torunia tras\u0105 zabytk\u00f3w wpisanych na list\u0119 dziedzictwa \u015bwiatowego UNESCO. m.in.:Stare Miasto ( \u0141uk Cezara, Ko\u015bci\u00f3\u0142 Mariacki, Rynek Staromiejski z Ratuszem, Piernikow\u0105 Alej\u0105 Gwiazd, pomnikiem Miko\u0142aja Kopernika), Dom Kopernika, Krzywa Wie\u017ca, zesp\u00f3\u0142 mur\u00f3w obronnych, Droga Kr\u00f3lewska, Katedra \u015awi\u0119toja\u0144ska, Brama Mostowa, Ruiny Zamku Krzy\u017cackiego, Ko\u015bci\u00f3\u0142 \u015aw. Jakuba, Ratusz [&hellip;]\" \/>\n<meta property=\"og:url\" content=\"https:\/\/happybus.pl\/index.php\/torun-malbork-3-dni-od-380zl\/\" \/>\n<meta property=\"og:site_name\" content=\"HAPPY BUS - OLE\u015aNICA\" \/>\n<meta name=\"twitter:card\" content=\"summary_large_image\" \/>\n<script type=\"application\/ld+json\" class=\"yoast-schema-graph\">{\"@context\":\"https:\/\/schema.org\",\"@graph\":[{\"@type\":\"WebPage\",\"@id\":\"https:\/\/happybus.pl\/index.php\/torun-malbork-3-dni-od-380zl\/\",\"url\":\"https:\/\/happybus.pl\/index.php\/torun-malbork-3-dni-od-380zl\/\",\"name\":\"Toru\u0144-Malbork | 3 dni | od 380z\u0142 - HAPPY BUS - OLE\u015aNICA\",\"isPartOf\":{\"@id\":\"https:\/\/happybus.pl\/#website\"},\"datePublished\":\"2019-05-16T21:18:02+00:00\",\"dateModified\":\"2019-05-16T21:18:02+00:00\",\"breadcrumb\":{\"@id\":\"https:\/\/happybus.pl\/index.php\/torun-malbork-3-dni-od-380zl\/#breadcrumb\"},\"inLanguage\":\"pl-PL\",\"potentialAction\":[{\"@type\":\"ReadAction\",\"target\":[\"https:\/\/happybus.pl\/index.php\/torun-malbork-3-dni-od-380zl\/\"]}]},{\"@type\":\"BreadcrumbList\",\"@id\":\"https:\/\/happybus.pl\/index.php\/torun-malbork-3-dni-od-380zl\/#breadcrumb\",\"itemListElement\":[{\"@type\":\"ListItem\",\"position\":1,\"name\":\"Strona g\u0142\u00f3wna\",\"item\":\"https:\/\/happybus.pl\/\"},{\"@type\":\"ListItem\",\"position\":2,\"name\":\"Toru\u0144-Malbork | 3 dni | od 380z\u0142\"}]},{\"@type\":\"WebSite\",\"@id\":\"https:\/\/happybus.pl\/#website\",\"url\":\"https:\/\/happybus.pl\/\",\"name\":\"HAPPY BUS - OLE\u015aNICA\",\"description\":\"Wycieczki Krajowe i Zgarniczne\",\"potentialAction\":[{\"@type\":\"SearchAction\",\"target\":{\"@type\":\"EntryPoint\",\"urlTemplate\":\"https:\/\/happybus.pl\/?s={search_term_string}\"},\"query-input\":\"required name=search_term_string\"}],\"inLanguage\":\"pl-PL\"}]}<\/script>\n<!-- \/ Yoast SEO plugin. -->","yoast_head_json":{"title":"Toru\u0144-Malbork | 3 dni | od 380z\u0142 - HAPPY BUS - OLE\u015aNICA","robots":{"index":"index","follow":"follow","max-snippet":"max-snippet:-1","max-image-preview":"max-image-preview:large","max-video-preview":"max-video-preview:-1"},"canonical":"https:\/\/happybus.pl\/index.php\/torun-malbork-3-dni-od-380zl\/","og_locale":"pl_PL","og_type":"article","og_title":"Toru\u0144-Malbork | 3 dni | od 380z\u0142 - HAPPY BUS - OLE\u015aNICA","og_description":"Cel wycieczki:TORU\u0143 MIASTO KOPERNIKA i PIERNIK\u00d3W- MALBORK Zamek Krzy\u017cacki Wycieczka: wycieczka wielodniowa Cena : 380z\u0142* Ramowy program: 1.dzie\u0144 Wyjazd we wczesnych godzinach porannych. Przejazd do miasta Miko\u0142aja Kopernika. Zwiedzanie Torunia tras\u0105 zabytk\u00f3w wpisanych na list\u0119 dziedzictwa \u015bwiatowego UNESCO. m.in.:Stare Miasto ( \u0141uk Cezara, Ko\u015bci\u00f3\u0142 Mariacki, Rynek Staromiejski z Ratuszem, Piernikow\u0105 Alej\u0105 Gwiazd, pomnikiem Miko\u0142aja Kopernika), Dom Kopernika, Krzywa Wie\u017ca, zesp\u00f3\u0142 mur\u00f3w obronnych, Droga Kr\u00f3lewska, Katedra \u015awi\u0119toja\u0144ska, Brama Mostowa, Ruiny Zamku Krzy\u017cackiego, Ko\u015bci\u00f3\u0142 \u015aw. Jakuba, Ratusz [&hellip;]","og_url":"https:\/\/happybus.pl\/index.php\/torun-malbork-3-dni-od-380zl\/","og_site_name":"HAPPY BUS - OLE\u015aNICA","twitter_card":"summary_large_image","schema":{"@context":"https:\/\/schema.org","@graph":[{"@type":"WebPage","@id":"https:\/\/happybus.pl\/index.php\/torun-malbork-3-dni-od-380zl\/","url":"https:\/\/happybus.pl\/index.php\/torun-malbork-3-dni-od-380zl\/","name":"Toru\u0144-Malbork | 3 dni | od 380z\u0142 - HAPPY BUS - OLE\u015aNICA","isPartOf":{"@id":"https:\/\/happybus.pl\/#website"},"datePublished":"2019-05-16T21:18:02+00:00","dateModified":"2019-05-16T21:18:02+00:00","breadcrumb":{"@id":"https:\/\/happybus.pl\/index.php\/torun-malbork-3-dni-od-380zl\/#breadcrumb"},"inLanguage":"pl-PL","potentialAction":[{"@type":"ReadAction","target":["https:\/\/happybus.pl\/index.php\/torun-malbork-3-dni-od-380zl\/"]}]},{"@type":"BreadcrumbList","@id":"https:\/\/happybus.pl\/index.php\/torun-malbork-3-dni-od-380zl\/#breadcrumb","itemListElement":[{"@type":"ListItem","position":1,"name":"Strona g\u0142\u00f3wna","item":"https:\/\/happybus.pl\/"},{"@type":"ListItem","position":2,"name":"Toru\u0144-Malbork | 3 dni | od 380z\u0142"}]},{"@type":"WebSite","@id":"https:\/\/happybus.pl\/#website","url":"https:\/\/happybus.pl\/","name":"HAPPY BUS - OLE\u015aNICA","description":"Wycieczki Krajowe i Zgarniczne","potentialAction":[{"@type":"SearchAction","target":{"@type":"EntryPoint","urlTemplate":"https:\/\/happybus.pl\/?s={search_term_string}"},"query-input":"required name=search_term_string"}],"inLanguage":"pl-PL"}]}},"_links":{"self":[{"href":"https:\/\/happybus.pl\/index.php\/wp-json\/wp\/v2\/pages\/385"}],"collection":[{"href":"https:\/\/happybus.pl\/index.php\/wp-json\/wp\/v2\/pages"}],"about":[{"href":"https:\/\/happybus.pl\/index.php\/wp-json\/wp\/v2\/types\/page"}],"author":[{"embeddable":true,"href":"https:\/\/happybus.pl\/index.php\/wp-json\/wp\/v2\/users\/1"}],"replies":[{"embeddable":true,"href":"https:\/\/happybus.pl\/index.php\/wp-json\/wp\/v2\/comments?post=385"}],"version-history":[{"count":2,"href":"https:\/\/happybus.pl\/index.php\/wp-json\/wp\/v2\/pages\/385\/revisions"}],"predecessor-version":[{"id":393,"href":"https:\/\/happybus.pl\/index.php\/wp-json\/wp\/v2\/pages\/385\/revisions\/393"}],"wp:attachment":[{"href":"https:\/\/happybus.pl\/index.php\/wp-json\/wp\/v2\/media?parent=385"}],"curies":[{"name":"wp","href":"https:\/\/api.w.org\/{rel}","templated":true}]}}