{"id":3578,"date":"2025-01-21T13:32:23","date_gmt":"2025-01-21T12:32:23","guid":{"rendered":"https:\/\/happybus.pl\/?page_id=3578"},"modified":"2025-01-21T13:44:12","modified_gmt":"2025-01-21T12:44:12","slug":"wycieczki-jednodniowe-2","status":"publish","type":"page","link":"https:\/\/happybus.pl\/index.php\/wycieczki-jednodniowe-2\/","title":{"rendered":"Wycieczki Jednodniowe"},"content":{"rendered":"<div id=\"blog-1\" class=\"ui--blog ui--blog-wrapper ui--pass\" data-layout=\"mini\" data-columns=\"1\"><div class=\"ui--blog-item ui--animation ui--accent-gradient-hover-parent clearfix layout--mini\"><div class=\"ui--blog-content-wrapper\"><div class=\"ui--blog-header\"><h5 class=\"ui--blog-title entry-title\"><a class=\"ui--blog-link\" href=\"https:\/\/happybus.pl\/index.php\/2026\/04\/06\/praga-w-pigulce\/\">PRAGA w pigu\u0142ce<\/a><\/h5><\/div><div class=\"ui--blog-content\">INFORMACJE OG\u00d3LNE\n Rodzaj imprezy: Wycieczka jednodniowa\nKraj\/miejscowo\u015b\u0107: CZECHY\/Praga\nIlo\u015b\u0107 dni: 1\nIlo\u015b\u0107 nocleg\u00f3w:  nie dotyczy\nTermin:01.05,2026\nWy\u017cywienie:nie dotyczy\nTransport: autokar\nCena: 199,00z\u0142\n \n\n \n \n\n \nKOMUNIKAT UWAGA! WA\u017bNE przed dokonaniem rezerwacji!\nRezerwacji dokonuje si\u0119 automatycznie przez klikni\u0119cie przycisku \u201eRezerwuj\u201d przy wybranym terminie i wype\u0142nienie pojawiaj\u0105cego si\u0119 formularza. Nale\u017cy dok\u0142adnie przeczyta\u0107 i zaznaczy\u0107 odpowiednie pola wyboru przy dobrowolnych ...<\/div><div class=\"ui--blog-readmore more-link\"><a class=\"btn btn-small btn-secondary muted\" href=\"https:\/\/happybus.pl\/index.php\/2026\/04\/06\/praga-w-pigulce\/\">Czytaj wi\u0119cej...<\/a><\/div><\/div><\/div><div class=\"ui--blog-item ui--animation ui--accent-gradient-hover-parent clearfix layout--mini\"><div class=\"ui--blog-content-wrapper\"><div class=\"ui--blog-header\"><h5 class=\"ui--blog-title entry-title\"><a class=\"ui--blog-link\" href=\"https:\/\/happybus.pl\/index.php\/2026\/03\/25\/czeski-raj\/\">CZESKI RAJ- 3 pere\u0142ki w jeden dzie\u0144<\/a><\/h5><\/div><div class=\"ui--blog-content\">INFORMACJE OG\u00d3LNE\n Rodzaj imprezy: wycieczka jednodniowa\nKraj\/miejscowo\u015b\u0107: CZECHY-Czeski Raj\nIlo\u015b\u0107 dni: 1\nIlo\u015b\u0107 nocleg\u00f3w: nie dotyczy\nTermin:02.05.2026, 31.05.2026\nWy\u017cywienie: nie dotyczy\nTransport: autokar\nCena: 180,00\n \n\n \n \n\n \nKOMUNIKAT UWAGA! WA\u017bNE przed dokonaniem rezerwacji!\nRezerwacji dokonuje si\u0119 automatycznie przez klikni\u0119cie przycisku \u201eRezerwuj\u201d przy wybranym terminie i wype\u0142nienie pojawiaj\u0105cego si\u0119 formularza. Nale\u017cy dok\u0142adnie przeczyta\u0107 i zaznaczy\u0107 odpowiednie pola wyboru ...<\/div><div class=\"ui--blog-readmore more-link\"><a class=\"btn btn-small btn-secondary muted\" href=\"https:\/\/happybus.pl\/index.php\/2026\/03\/25\/czeski-raj\/\">Czytaj wi\u0119cej...<\/a><\/div><\/div><\/div><div class=\"ui--blog-item ui--animation ui--accent-gradient-hover-parent clearfix layout--mini\"><div class=\"ui--blog-content-wrapper\"><div class=\"ui--blog-header\"><h5 class=\"ui--blog-title entry-title\"><a class=\"ui--blog-link\" href=\"https:\/\/happybus.pl\/index.php\/2026\/03\/25\/zamek-czocha-i-sky-walk-swieradow-zdroj\/\">Zamek CZOCHA i SKY WALK \u015awierad\u00f3w Zdr\u00f3j<\/a><\/h5><\/div><div class=\"ui--blog-content\">INFORMACJE OG\u00d3LNE\n Rodzaj imprezy: wycieczka jednodniowa\nKraj\/miejscowo\u015b\u0107: Polska\/\u015awierad\u00f3w Zdr\u00f3j-Le\u015bna\nIlo\u015b\u0107 dni:1\nIlo\u015b\u0107 nocleg\u00f3w: nie dotyczy\nTermin:13.06.2026\nWy\u017cywienie:nie dotyczy\nTransport: autokar\nCena: 160,00\n \n\n \n \n\n \nKOMUNIKAT UWAGA! WA\u017bNE przed dokonaniem rezerwacji!\nRezerwacji dokonuje si\u0119 automatycznie przez klikni\u0119cie przycisku \u201eRezerwuj\u201d przy wybranym terminie i wype\u0142nienie pojawiaj\u0105cego si\u0119 formularza. Nale\u017cy dok\u0142adnie przeczyta\u0107 i zaznaczy\u0107 odpowiednie pola wyboru przy dobrowolnych dop\u0142atach.\nOWU ...<\/div><div class=\"ui--blog-readmore more-link\"><a class=\"btn btn-small btn-secondary muted\" href=\"https:\/\/happybus.pl\/index.php\/2026\/03\/25\/zamek-czocha-i-sky-walk-swieradow-zdroj\/\">Czytaj wi\u0119cej...<\/a><\/div><\/div><\/div><div class=\"ui--blog-item ui--animation ui--accent-gradient-hover-parent clearfix layout--mini\"><div class=\"ui--blog-content-wrapper\"><div class=\"ui--blog-header\"><h5 class=\"ui--blog-title entry-title\"><a class=\"ui--blog-link\" href=\"https:\/\/happybus.pl\/index.php\/2026\/03\/25\/lodz-filmowa-i-nie-tylko\/\">\u0141\u00d3D\u0179  filmowa i nie tylko<\/a><\/h5><\/div><div class=\"ui--blog-content\">INFORMACJE OG\u00d3LNE\n Rodzaj imprezy: wycieczka jednodniowa\nKraj\/miejscowo\u015b\u0107: POLSKA\/\u0141\u00f3d\u017a\nIlo\u015b\u0107 dni: 1\nIlo\u015b\u0107 nocleg\u00f3w:  nie dotyczy\nTermin: 20.06.2026\nWy\u017cywienie:nie dotyczy\nTransport: autokar\nCena: 170,00z\u0142\n \n\n \n \n\n \nKOMUNIKAT UWAGA! WA\u017bNE przed dokonaniem rezerwacji!\nRezerwacji dokonuje si\u0119 automatycznie przez klikni\u0119cie przycisku \u201eRezerwuj\u201d przy wybranym terminie i wype\u0142nienie pojawiaj\u0105cego si\u0119 formularza. Nale\u017cy dok\u0142adnie przeczyta\u0107 i zaznaczy\u0107 odpowiednie pola wyboru przy ...<\/div><div class=\"ui--blog-readmore more-link\"><a class=\"btn btn-small btn-secondary muted\" href=\"https:\/\/happybus.pl\/index.php\/2026\/03\/25\/lodz-filmowa-i-nie-tylko\/\">Czytaj wi\u0119cej...<\/a><\/div><\/div><\/div><div class=\"ui--blog-item ui--animation ui--accent-gradient-hover-parent clearfix layout--mini\"><div class=\"ui--blog-content-wrapper\"><div class=\"ui--blog-header\"><h5 class=\"ui--blog-title entry-title\"><a class=\"ui--blog-link\" href=\"https:\/\/happybus.pl\/index.php\/2026\/03\/19\/dolni-morava-wiszacy-most-i-sciezka-w-oblokach\/\">DOLNI MORAVA- wisz\u0105cy most i \u015bcie\u017cka w ob\u0142okach<\/a><\/h5><\/div><div class=\"ui--blog-content\">INFORMACJE OG\u00d3LNE\n Rodzaj imprezy: wycieczka jednodniowa\nKraj\/miejscowo\u015b\u0107: CZECHY-Dolni Morava\nIlo\u015b\u0107 dni: 1\nIlo\u015b\u0107 nocleg\u00f3w:   nie dotyczy\nTermin: 03.05.2026\nWy\u017cywienie: brak\nTransport: autokar\nCena: 120,00z\u0142 + 180,00z\u0142 koszt realizacji programu\n \n\n \n \n\n \nKOMUNIKAT UWAGA! WA\u017bNE przed dokonaniem rezerwacji!\nRezerwacji dokonuje si\u0119 automatycznie przez klikni\u0119cie przycisku \u201eRezerwuj\u201d przy wybranym terminie i wype\u0142nienie pojawiaj\u0105cego si\u0119 formularza. Nale\u017cy dok\u0142adnie ...<\/div><div class=\"ui--blog-readmore more-link\"><a class=\"btn btn-small btn-secondary muted\" href=\"https:\/\/happybus.pl\/index.php\/2026\/03\/19\/dolni-morava-wiszacy-most-i-sciezka-w-oblokach\/\">Czytaj wi\u0119cej...<\/a><\/div><\/div><\/div><div class=\"ui--blog-item ui--animation ui--accent-gradient-hover-parent clearfix layout--mini\"><div class=\"ui--blog-content-wrapper\"><div class=\"ui--blog-header\"><h5 class=\"ui--blog-title entry-title\"><a class=\"ui--blog-link\" href=\"https:\/\/happybus.pl\/index.php\/2026\/02\/10\/perly-saksonii-misnia-i-moritzburg\/\">Per\u0142y Saksonii- MI\u015aNIA I MORITZBURG<\/a><\/h5><\/div><div class=\"ui--blog-content\">INFORMACJE OG\u00d3LNE\n Rodzaj imprezy: Wycieczka jednodniowa\nKraj\/miejscowo\u015b\u0107: Niemcy\/Mi\u015bnia-Moritzburg\nIlo\u015b\u0107 dni: 1\nIlo\u015b\u0107 nocleg\u00f3w:   nie dotyczy\nTermin:09.05.2026\nWy\u017cywienie: nie dotyczy\nTransport: autokar\nCena: 180,00z\u0142\n \n\n \n \n\n \nKOMUNIKAT UWAGA! WA\u017bNE przed dokonaniem rezerwacji!\nRezerwacji dokonuje si\u0119 automatycznie przez klikni\u0119cie przycisku \u201eRezerwuj\u201d przy wybranym terminie i wype\u0142nienie pojawiaj\u0105cego si\u0119 formularza. Nale\u017cy dok\u0142adnie przeczyta\u0107 i zaznaczy\u0107 odpowiednie pola wyboru ...<\/div><div class=\"ui--blog-readmore more-link\"><a class=\"btn btn-small btn-secondary muted\" href=\"https:\/\/happybus.pl\/index.php\/2026\/02\/10\/perly-saksonii-misnia-i-moritzburg\/\">Czytaj wi\u0119cej...<\/a><\/div><\/div><\/div><div class=\"ui--blog-item ui--animation ui--accent-gradient-hover-parent clearfix layout--mini\"><div class=\"ui--blog-content-wrapper\"><div class=\"ui--blog-header\"><h5 class=\"ui--blog-title entry-title\"><a class=\"ui--blog-link\" href=\"https:\/\/happybus.pl\/index.php\/2026\/02\/09\/skalne-miasto-adrspach-i-zamek-nowe-miasto-nad-metuja\/\">Skalne Miasto ADRSPACH i Zamek Nowe Miasto nad Metuj\u0105<\/a><\/h5><\/div><div class=\"ui--blog-content\">INFORMACJE OG\u00d3LNE\n Rodzaj imprezy: wycieczka jednodniowa\nKraj\/miejscowo\u015b\u0107: Czechy\/Adrspach-Nove Mesto n. Matuji\nIlo\u015b\u0107 dni: 1\nIlo\u015b\u0107 nocleg\u00f3w:  nie dotyczy\nTermin:26.04.2026\nWy\u017cywienie:nie dotyczy\nTransport: autokar\nCena: 170,00z\u0142 + bilety wst\u0119pu ok.500-600kc\n \n\n \n \n\n \nKOMUNIKAT UWAGA! WA\u017bNE przed dokonaniem rezerwacji!\nRezerwacji dokonuje si\u0119 automatycznie przez klikni\u0119cie przycisku \u201eRezerwuj\u201d przy wybranym terminie i wype\u0142nienie pojawiaj\u0105cego si\u0119 formularza. Nale\u017cy dok\u0142adnie przeczyta\u0107 ...<\/div><div class=\"ui--blog-readmore more-link\"><a class=\"btn btn-small btn-secondary muted\" href=\"https:\/\/happybus.pl\/index.php\/2026\/02\/09\/skalne-miasto-adrspach-i-zamek-nowe-miasto-nad-metuja\/\">Czytaj wi\u0119cej...<\/a><\/div><\/div><\/div><div class=\"ui--blog-item ui--animation ui--accent-gradient-hover-parent clearfix layout--mini\"><div class=\"ui--blog-content-wrapper\"><div class=\"ui--blog-header\"><h5 class=\"ui--blog-title entry-title\"><a class=\"ui--blog-link\" href=\"https:\/\/happybus.pl\/index.php\/2026\/01\/26\/ogrod-rozany-w-forst-i-niemiecka-wenecja-atrakcje-branderburgii\/\">Ogr\u00f3d R\u00f3\u017cany w Forst i &#8222;niemiecka Wenecja&#8221; &#8211; atrakcje Branderburgii<\/a><\/h5><\/div><div class=\"ui--blog-content\">INFORMACJE OG\u00d3LNE\n Rodzaj imprezy: Wycieczka jednodniowa\nKraj\/miejscowo\u015b\u0107: Forst\/ Lubbenau\/Spreewald\nIlo\u015b\u0107 dni: 1\nIlo\u015b\u0107 nocleg\u00f3w:  0\nTermin:30.05.2026\nWy\u017cywienie: bez wy\u017cywienia\nTransport: autokar\nCena: 170,00z\u0142 + 40 Euro bilety wst\u0119pu\n \n\n \n \n\n \nKOMUNIKAT UWAGA! WA\u017bNE przed dokonaniem rezerwacji!\nRezerwacji dokonuje si\u0119 automatycznie przez klikni\u0119cie przycisku \u201eRezerwuj\u201d przy wybranym terminie i wype\u0142nienie pojawiaj\u0105cego si\u0119 formularza. Nale\u017cy dok\u0142adnie przeczyta\u0107 i ...<\/div><div class=\"ui--blog-readmore more-link\"><a class=\"btn btn-small btn-secondary muted\" href=\"https:\/\/happybus.pl\/index.php\/2026\/01\/26\/ogrod-rozany-w-forst-i-niemiecka-wenecja-atrakcje-branderburgii\/\">Czytaj wi\u0119cej...<\/a><\/div><\/div><\/div><div class=\"ui--blog-item ui--animation ui--accent-gradient-hover-parent clearfix layout--mini last-item\"><div class=\"ui--blog-content-wrapper\"><div class=\"ui--blog-header\"><h5 class=\"ui--blog-title entry-title\"><a class=\"ui--blog-link\" href=\"https:\/\/happybus.pl\/index.php\/2025\/05\/15\/zamek-frydlant-liberec\/\">Zamek FRYDLANT- Liberec<\/a><\/h5><\/div><div class=\"ui--blog-content\">INFORMACJE OG\u00d3LNE\n Rodzaj imprezy: Wycieczka\nKraj\/miejscowo\u015b\u0107: Czechy\/Liberec-Zamek Frydlant\nIlo\u015b\u0107 dni: 1\nIlo\u015b\u0107 nocleg\u00f3w: nie dotyczy\nTermin:16.05.2026\nWy\u017cywienie: nie dotyczy\nTransport: autokar\nCena: 199,00z\u0142\n \n\n \n \n\n \nKOMUNIKAT UWAGA! WA\u017bNE przed dokonaniem rezerwacji!\nRezerwacji dokonuje si\u0119 automatycznie przez klikni\u0119cie przycisku \u201eRezerwuj\u201d przy wybranym terminie i wype\u0142nienie pojawiaj\u0105cego si\u0119 formularza. Nale\u017cy dok\u0142adnie przeczyta\u0107 i zaznaczy\u0107 odpowiednie pola wyboru przy dobrowolnych ...<\/div><div class=\"ui--blog-readmore more-link\"><a class=\"btn btn-small btn-secondary muted\" href=\"https:\/\/happybus.pl\/index.php\/2025\/05\/15\/zamek-frydlant-liberec\/\">Czytaj wi\u0119cej...<\/a><\/div><\/div><\/div><\/div>","protected":false},"excerpt":{"rendered":"<p>PRAGA w pigu\u0142ceINFORMACJE OG\u00d3LNE Rodzaj imprezy: Wycieczka jednodniowa Kraj\/miejscowo\u015b\u0107: CZECHY\/Praga Ilo\u015b\u0107 dni: 1 Ilo\u015b\u0107 nocleg\u00f3w: nie dotyczy Termin:01.05,2026 Wy\u017cywienie:nie dotyczy Transport: autokar Cena: 199,00z\u0142 KOMUNIKAT UWAGA! WA\u017bNE przed dokonaniem rezerwacji! Rezerwacji dokonuje si\u0119 automatycznie przez klikni\u0119cie przycisku \u201eRezerwuj\u201d przy wybranym terminie i wype\u0142nienie pojawiaj\u0105cego si\u0119 formularza. Nale\u017cy dok\u0142adnie przeczyta\u0107 i zaznaczy\u0107 odpowiednie pola wyboru przy dobrowolnych &#8230;Czytaj wi\u0119cej&#8230;CZESKI RAJ- 3 pere\u0142ki w jeden dzie\u0144INFORMACJE OG\u00d3LNE Rodzaj imprezy: wycieczka jednodniowa Kraj\/miejscowo\u015b\u0107: CZECHY-Czeski Raj Ilo\u015b\u0107 dni: 1 [&hellip;]<\/p>\n","protected":false},"author":3,"featured_media":0,"parent":0,"menu_order":0,"comment_status":"closed","ping_status":"closed","template":"page-sidebar-left.php","meta":{"footnotes":""},"yoast_head":"<!-- This site is optimized with the Yoast SEO plugin v21.7 - https:\/\/yoast.com\/wordpress\/plugins\/seo\/ -->\n<title>Wycieczki Jednodniowe - HAPPY BUS - OLE\u015aNICA<\/title>\n<meta name=\"robots\" content=\"index, follow, max-snippet:-1, max-image-preview:large, max-video-preview:-1\" \/>\n<link rel=\"canonical\" href=\"https:\/\/happybus.pl\/index.php\/wycieczki-jednodniowe-2\/\" \/>\n<meta property=\"og:locale\" content=\"pl_PL\" \/>\n<meta property=\"og:type\" content=\"article\" \/>\n<meta property=\"og:title\" content=\"Wycieczki Jednodniowe - HAPPY BUS - OLE\u015aNICA\" \/>\n<meta property=\"og:description\" content=\"PRAGA w pigu\u0142ceINFORMACJE OG\u00d3LNE Rodzaj imprezy: Wycieczka jednodniowa Kraj\/miejscowo\u015b\u0107: CZECHY\/Praga Ilo\u015b\u0107 dni: 1 Ilo\u015b\u0107 nocleg\u00f3w: nie dotyczy Termin:01.05,2026 Wy\u017cywienie:nie dotyczy Transport: autokar Cena: 199,00z\u0142 KOMUNIKAT UWAGA! WA\u017bNE przed dokonaniem rezerwacji! Rezerwacji dokonuje si\u0119 automatycznie przez klikni\u0119cie przycisku \u201eRezerwuj\u201d przy wybranym terminie i wype\u0142nienie pojawiaj\u0105cego si\u0119 formularza. Nale\u017cy dok\u0142adnie przeczyta\u0107 i zaznaczy\u0107 odpowiednie pola wyboru przy dobrowolnych ...Czytaj wi\u0119cej...CZESKI RAJ- 3 pere\u0142ki w jeden dzie\u0144INFORMACJE OG\u00d3LNE Rodzaj imprezy: wycieczka jednodniowa Kraj\/miejscowo\u015b\u0107: CZECHY-Czeski Raj Ilo\u015b\u0107 dni: 1 [&hellip;]\" \/>\n<meta property=\"og:url\" content=\"https:\/\/happybus.pl\/index.php\/wycieczki-jednodniowe-2\/\" \/>\n<meta property=\"og:site_name\" content=\"HAPPY BUS - OLE\u015aNICA\" \/>\n<meta property=\"article:modified_time\" content=\"2025-01-21T12:44:12+00:00\" \/>\n<meta name=\"twitter:card\" content=\"summary_large_image\" \/>\n<meta name=\"twitter:label1\" content=\"Szacowany czas czytania\" \/>\n\t<meta name=\"twitter:data1\" content=\"1 minuta\" \/>\n<script type=\"application\/ld+json\" class=\"yoast-schema-graph\">{\"@context\":\"https:\/\/schema.org\",\"@graph\":[{\"@type\":\"WebPage\",\"@id\":\"https:\/\/happybus.pl\/index.php\/wycieczki-jednodniowe-2\/\",\"url\":\"https:\/\/happybus.pl\/index.php\/wycieczki-jednodniowe-2\/\",\"name\":\"Wycieczki Jednodniowe - HAPPY BUS - OLE\u015aNICA\",\"isPartOf\":{\"@id\":\"https:\/\/happybus.pl\/#website\"},\"datePublished\":\"2025-01-21T12:32:23+00:00\",\"dateModified\":\"2025-01-21T12:44:12+00:00\",\"breadcrumb\":{\"@id\":\"https:\/\/happybus.pl\/index.php\/wycieczki-jednodniowe-2\/#breadcrumb\"},\"inLanguage\":\"pl-PL\",\"potentialAction\":[{\"@type\":\"ReadAction\",\"target\":[\"https:\/\/happybus.pl\/index.php\/wycieczki-jednodniowe-2\/\"]}]},{\"@type\":\"BreadcrumbList\",\"@id\":\"https:\/\/happybus.pl\/index.php\/wycieczki-jednodniowe-2\/#breadcrumb\",\"itemListElement\":[{\"@type\":\"ListItem\",\"position\":1,\"name\":\"Strona g\u0142\u00f3wna\",\"item\":\"https:\/\/happybus.pl\/\"},{\"@type\":\"ListItem\",\"position\":2,\"name\":\"Wycieczki Jednodniowe\"}]},{\"@type\":\"WebSite\",\"@id\":\"https:\/\/happybus.pl\/#website\",\"url\":\"https:\/\/happybus.pl\/\",\"name\":\"HAPPY BUS - OLE\u015aNICA\",\"description\":\"Wycieczki Krajowe i Zgarniczne\",\"potentialAction\":[{\"@type\":\"SearchAction\",\"target\":{\"@type\":\"EntryPoint\",\"urlTemplate\":\"https:\/\/happybus.pl\/?s={search_term_string}\"},\"query-input\":\"required name=search_term_string\"}],\"inLanguage\":\"pl-PL\"}]}<\/script>\n<!-- \/ Yoast SEO plugin. -->","yoast_head_json":{"title":"Wycieczki Jednodniowe - HAPPY BUS - OLE\u015aNICA","robots":{"index":"index","follow":"follow","max-snippet":"max-snippet:-1","max-image-preview":"max-image-preview:large","max-video-preview":"max-video-preview:-1"},"canonical":"https:\/\/happybus.pl\/index.php\/wycieczki-jednodniowe-2\/","og_locale":"pl_PL","og_type":"article","og_title":"Wycieczki Jednodniowe - HAPPY BUS - OLE\u015aNICA","og_description":"PRAGA w pigu\u0142ceINFORMACJE OG\u00d3LNE Rodzaj imprezy: Wycieczka jednodniowa Kraj\/miejscowo\u015b\u0107: CZECHY\/Praga Ilo\u015b\u0107 dni: 1 Ilo\u015b\u0107 nocleg\u00f3w: nie dotyczy Termin:01.05,2026 Wy\u017cywienie:nie dotyczy Transport: autokar Cena: 199,00z\u0142 KOMUNIKAT UWAGA! WA\u017bNE przed dokonaniem rezerwacji! Rezerwacji dokonuje si\u0119 automatycznie przez klikni\u0119cie przycisku \u201eRezerwuj\u201d przy wybranym terminie i wype\u0142nienie pojawiaj\u0105cego si\u0119 formularza. Nale\u017cy dok\u0142adnie przeczyta\u0107 i zaznaczy\u0107 odpowiednie pola wyboru przy dobrowolnych ...Czytaj wi\u0119cej...CZESKI RAJ- 3 pere\u0142ki w jeden dzie\u0144INFORMACJE OG\u00d3LNE Rodzaj imprezy: wycieczka jednodniowa Kraj\/miejscowo\u015b\u0107: CZECHY-Czeski Raj Ilo\u015b\u0107 dni: 1 [&hellip;]","og_url":"https:\/\/happybus.pl\/index.php\/wycieczki-jednodniowe-2\/","og_site_name":"HAPPY BUS - OLE\u015aNICA","article_modified_time":"2025-01-21T12:44:12+00:00","twitter_card":"summary_large_image","twitter_misc":{"Szacowany czas czytania":"1 minuta"},"schema":{"@context":"https:\/\/schema.org","@graph":[{"@type":"WebPage","@id":"https:\/\/happybus.pl\/index.php\/wycieczki-jednodniowe-2\/","url":"https:\/\/happybus.pl\/index.php\/wycieczki-jednodniowe-2\/","name":"Wycieczki Jednodniowe - HAPPY BUS - OLE\u015aNICA","isPartOf":{"@id":"https:\/\/happybus.pl\/#website"},"datePublished":"2025-01-21T12:32:23+00:00","dateModified":"2025-01-21T12:44:12+00:00","breadcrumb":{"@id":"https:\/\/happybus.pl\/index.php\/wycieczki-jednodniowe-2\/#breadcrumb"},"inLanguage":"pl-PL","potentialAction":[{"@type":"ReadAction","target":["https:\/\/happybus.pl\/index.php\/wycieczki-jednodniowe-2\/"]}]},{"@type":"BreadcrumbList","@id":"https:\/\/happybus.pl\/index.php\/wycieczki-jednodniowe-2\/#breadcrumb","itemListElement":[{"@type":"ListItem","position":1,"name":"Strona g\u0142\u00f3wna","item":"https:\/\/happybus.pl\/"},{"@type":"ListItem","position":2,"name":"Wycieczki Jednodniowe"}]},{"@type":"WebSite","@id":"https:\/\/happybus.pl\/#website","url":"https:\/\/happybus.pl\/","name":"HAPPY BUS - OLE\u015aNICA","description":"Wycieczki Krajowe i Zgarniczne","potentialAction":[{"@type":"SearchAction","target":{"@type":"EntryPoint","urlTemplate":"https:\/\/happybus.pl\/?s={search_term_string}"},"query-input":"required name=search_term_string"}],"inLanguage":"pl-PL"}]}},"_links":{"self":[{"href":"https:\/\/happybus.pl\/index.php\/wp-json\/wp\/v2\/pages\/3578"}],"collection":[{"href":"https:\/\/happybus.pl\/index.php\/wp-json\/wp\/v2\/pages"}],"about":[{"href":"https:\/\/happybus.pl\/index.php\/wp-json\/wp\/v2\/types\/page"}],"author":[{"embeddable":true,"href":"https:\/\/happybus.pl\/index.php\/wp-json\/wp\/v2\/users\/3"}],"replies":[{"embeddable":true,"href":"https:\/\/happybus.pl\/index.php\/wp-json\/wp\/v2\/comments?post=3578"}],"version-history":[{"count":5,"href":"https:\/\/happybus.pl\/index.php\/wp-json\/wp\/v2\/pages\/3578\/revisions"}],"predecessor-version":[{"id":3586,"href":"https:\/\/happybus.pl\/index.php\/wp-json\/wp\/v2\/pages\/3578\/revisions\/3586"}],"wp:attachment":[{"href":"https:\/\/happybus.pl\/index.php\/wp-json\/wp\/v2\/media?parent=3578"}],"curies":[{"name":"wp","href":"https:\/\/api.w.org\/{rel}","templated":true}]}}