{"id":2728,"date":"2024-01-22T13:43:19","date_gmt":"2024-01-22T12:43:19","guid":{"rendered":"https:\/\/happybus.pl\/?page_id=2728"},"modified":"2024-01-22T13:46:30","modified_gmt":"2024-01-22T12:46:30","slug":"wycieczki-samolotem","status":"publish","type":"page","link":"https:\/\/happybus.pl\/index.php\/wycieczki-samolotem\/","title":{"rendered":"WYCIECZKI SAMOLOTEM"},"content":{"rendered":"<div id=\"blog-1\" class=\"ui--blog ui--blog-wrapper ui--pass\" data-layout=\"mini\" data-columns=\"1\"><div class=\"ui--blog-item ui--animation ui--accent-gradient-hover-parent clearfix layout--mini last-item\"><div class=\"ui--blog-content-wrapper\"><div class=\"ui--blog-header\"><h5 class=\"ui--blog-title entry-title\"><a class=\"ui--blog-link\" href=\"https:\/\/happybus.pl\/index.php\/2022\/02\/13\/gruzja-2022-od-kazbegi-do-batumi\/\">Magiczna GRUZJA &#8211; kraina wina, g\u00f3r i legend<\/a><\/h5><\/div><div class=\"ui--blog-content\">INFORMACJE OG\u00d3LNE\n Rodzaj imprezy: Wycieczka objazdowa\nKraj\/miejscowo\u015b\u0107: Gruzja\/ Tbilisi- Mccheta- Kazbegi- Gori-Upliscyche- Signagi- Jaskinia Prometeusza-Batumi\nIlo\u015b\u0107 dni: 8\nIlo\u015b\u0107 nocleg\u00f3w: 7\nTermin: 27.09-04.10.2026\nWy\u017cywienie:HB wg programu\nTransport: samolot\/autokar\nCena: 2590,00z\u0142+ 370,00Euro -pakiet walutowy\n \n\n \n \n\n \nKOMUNIKAT UWAGA !\n Bilet lotniczy obejmuje: odpraw\u0119 na stanowisku odpraw priorytetowych,  pierwsze\u0144stwo wej\u015bcia na pok\u0142ad i baga\u017c nierejestrowany: podr\u0119czn\u0105 walizk\u0119 ...<\/div><div class=\"ui--blog-readmore more-link\"><a class=\"btn btn-small btn-secondary muted\" href=\"https:\/\/happybus.pl\/index.php\/2022\/02\/13\/gruzja-2022-od-kazbegi-do-batumi\/\">Czytaj wi\u0119cej...<\/a><\/div><\/div><\/div><\/div>","protected":false},"excerpt":{"rendered":"<p>Magiczna GRUZJA &#8211; kraina wina, g\u00f3r i legendINFORMACJE OG\u00d3LNE Rodzaj imprezy: Wycieczka objazdowa Kraj\/miejscowo\u015b\u0107: Gruzja\/ Tbilisi- Mccheta- Kazbegi- Gori-Upliscyche- Signagi- Jaskinia Prometeusza-Batumi Ilo\u015b\u0107 dni: 8 Ilo\u015b\u0107 nocleg\u00f3w: 7 Termin: 27.09-04.10.2026 Wy\u017cywienie:HB wg programu Transport: samolot\/autokar Cena: 2590,00z\u0142+ 370,00Euro -pakiet walutowy KOMUNIKAT UWAGA ! Bilet lotniczy obejmuje: odpraw\u0119 na stanowisku odpraw priorytetowych, pierwsze\u0144stwo wej\u015bcia na pok\u0142ad i baga\u017c nierejestrowany: podr\u0119czn\u0105 walizk\u0119 &#8230;Czytaj wi\u0119cej&#8230;<\/p>\n","protected":false},"author":3,"featured_media":0,"parent":0,"menu_order":0,"comment_status":"closed","ping_status":"closed","template":"page-sidebar-left.php","meta":{"footnotes":""},"yoast_head":"<!-- This site is optimized with the Yoast SEO plugin v21.7 - https:\/\/yoast.com\/wordpress\/plugins\/seo\/ -->\n<title>WYCIECZKI SAMOLOTEM - HAPPY BUS - OLE\u015aNICA<\/title>\n<meta name=\"robots\" content=\"index, follow, max-snippet:-1, max-image-preview:large, max-video-preview:-1\" \/>\n<link rel=\"canonical\" href=\"https:\/\/happybus.pl\/index.php\/wycieczki-samolotem\/\" \/>\n<meta property=\"og:locale\" content=\"pl_PL\" \/>\n<meta property=\"og:type\" content=\"article\" \/>\n<meta property=\"og:title\" content=\"WYCIECZKI SAMOLOTEM - HAPPY BUS - OLE\u015aNICA\" \/>\n<meta property=\"og:description\" content=\"Magiczna GRUZJA &#8211; kraina wina, g\u00f3r i legendINFORMACJE OG\u00d3LNE Rodzaj imprezy: Wycieczka objazdowa Kraj\/miejscowo\u015b\u0107: Gruzja\/ Tbilisi- Mccheta- Kazbegi- Gori-Upliscyche- Signagi- Jaskinia Prometeusza-Batumi Ilo\u015b\u0107 dni: 8 Ilo\u015b\u0107 nocleg\u00f3w: 7 Termin: 27.09-04.10.2026 Wy\u017cywienie:HB wg programu Transport: samolot\/autokar Cena: 2590,00z\u0142+ 370,00Euro -pakiet walutowy KOMUNIKAT UWAGA ! Bilet lotniczy obejmuje: odpraw\u0119 na stanowisku odpraw priorytetowych, pierwsze\u0144stwo wej\u015bcia na pok\u0142ad i baga\u017c nierejestrowany: podr\u0119czn\u0105 walizk\u0119 ...Czytaj wi\u0119cej...\" \/>\n<meta property=\"og:url\" content=\"https:\/\/happybus.pl\/index.php\/wycieczki-samolotem\/\" \/>\n<meta property=\"og:site_name\" content=\"HAPPY BUS - OLE\u015aNICA\" \/>\n<meta property=\"article:modified_time\" content=\"2024-01-22T12:46:30+00:00\" \/>\n<meta name=\"twitter:card\" content=\"summary_large_image\" \/>\n<meta name=\"twitter:label1\" content=\"Szacowany czas czytania\" \/>\n\t<meta name=\"twitter:data1\" content=\"1 minuta\" \/>\n<script type=\"application\/ld+json\" class=\"yoast-schema-graph\">{\"@context\":\"https:\/\/schema.org\",\"@graph\":[{\"@type\":\"WebPage\",\"@id\":\"https:\/\/happybus.pl\/index.php\/wycieczki-samolotem\/\",\"url\":\"https:\/\/happybus.pl\/index.php\/wycieczki-samolotem\/\",\"name\":\"WYCIECZKI SAMOLOTEM - HAPPY BUS - OLE\u015aNICA\",\"isPartOf\":{\"@id\":\"https:\/\/happybus.pl\/#website\"},\"datePublished\":\"2024-01-22T12:43:19+00:00\",\"dateModified\":\"2024-01-22T12:46:30+00:00\",\"breadcrumb\":{\"@id\":\"https:\/\/happybus.pl\/index.php\/wycieczki-samolotem\/#breadcrumb\"},\"inLanguage\":\"pl-PL\",\"potentialAction\":[{\"@type\":\"ReadAction\",\"target\":[\"https:\/\/happybus.pl\/index.php\/wycieczki-samolotem\/\"]}]},{\"@type\":\"BreadcrumbList\",\"@id\":\"https:\/\/happybus.pl\/index.php\/wycieczki-samolotem\/#breadcrumb\",\"itemListElement\":[{\"@type\":\"ListItem\",\"position\":1,\"name\":\"Strona g\u0142\u00f3wna\",\"item\":\"https:\/\/happybus.pl\/\"},{\"@type\":\"ListItem\",\"position\":2,\"name\":\"WYCIECZKI SAMOLOTEM\"}]},{\"@type\":\"WebSite\",\"@id\":\"https:\/\/happybus.pl\/#website\",\"url\":\"https:\/\/happybus.pl\/\",\"name\":\"HAPPY BUS - OLE\u015aNICA\",\"description\":\"Wycieczki Krajowe i Zgarniczne\",\"potentialAction\":[{\"@type\":\"SearchAction\",\"target\":{\"@type\":\"EntryPoint\",\"urlTemplate\":\"https:\/\/happybus.pl\/?s={search_term_string}\"},\"query-input\":\"required name=search_term_string\"}],\"inLanguage\":\"pl-PL\"}]}<\/script>\n<!-- \/ Yoast SEO plugin. -->","yoast_head_json":{"title":"WYCIECZKI SAMOLOTEM - HAPPY BUS - OLE\u015aNICA","robots":{"index":"index","follow":"follow","max-snippet":"max-snippet:-1","max-image-preview":"max-image-preview:large","max-video-preview":"max-video-preview:-1"},"canonical":"https:\/\/happybus.pl\/index.php\/wycieczki-samolotem\/","og_locale":"pl_PL","og_type":"article","og_title":"WYCIECZKI SAMOLOTEM - HAPPY BUS - OLE\u015aNICA","og_description":"Magiczna GRUZJA &#8211; kraina wina, g\u00f3r i legendINFORMACJE OG\u00d3LNE Rodzaj imprezy: Wycieczka objazdowa Kraj\/miejscowo\u015b\u0107: Gruzja\/ Tbilisi- Mccheta- Kazbegi- Gori-Upliscyche- Signagi- Jaskinia Prometeusza-Batumi Ilo\u015b\u0107 dni: 8 Ilo\u015b\u0107 nocleg\u00f3w: 7 Termin: 27.09-04.10.2026 Wy\u017cywienie:HB wg programu Transport: samolot\/autokar Cena: 2590,00z\u0142+ 370,00Euro -pakiet walutowy KOMUNIKAT UWAGA ! Bilet lotniczy obejmuje: odpraw\u0119 na stanowisku odpraw priorytetowych, pierwsze\u0144stwo wej\u015bcia na pok\u0142ad i baga\u017c nierejestrowany: podr\u0119czn\u0105 walizk\u0119 ...Czytaj wi\u0119cej...","og_url":"https:\/\/happybus.pl\/index.php\/wycieczki-samolotem\/","og_site_name":"HAPPY BUS - OLE\u015aNICA","article_modified_time":"2024-01-22T12:46:30+00:00","twitter_card":"summary_large_image","twitter_misc":{"Szacowany czas czytania":"1 minuta"},"schema":{"@context":"https:\/\/schema.org","@graph":[{"@type":"WebPage","@id":"https:\/\/happybus.pl\/index.php\/wycieczki-samolotem\/","url":"https:\/\/happybus.pl\/index.php\/wycieczki-samolotem\/","name":"WYCIECZKI SAMOLOTEM - HAPPY BUS - OLE\u015aNICA","isPartOf":{"@id":"https:\/\/happybus.pl\/#website"},"datePublished":"2024-01-22T12:43:19+00:00","dateModified":"2024-01-22T12:46:30+00:00","breadcrumb":{"@id":"https:\/\/happybus.pl\/index.php\/wycieczki-samolotem\/#breadcrumb"},"inLanguage":"pl-PL","potentialAction":[{"@type":"ReadAction","target":["https:\/\/happybus.pl\/index.php\/wycieczki-samolotem\/"]}]},{"@type":"BreadcrumbList","@id":"https:\/\/happybus.pl\/index.php\/wycieczki-samolotem\/#breadcrumb","itemListElement":[{"@type":"ListItem","position":1,"name":"Strona g\u0142\u00f3wna","item":"https:\/\/happybus.pl\/"},{"@type":"ListItem","position":2,"name":"WYCIECZKI SAMOLOTEM"}]},{"@type":"WebSite","@id":"https:\/\/happybus.pl\/#website","url":"https:\/\/happybus.pl\/","name":"HAPPY BUS - OLE\u015aNICA","description":"Wycieczki Krajowe i Zgarniczne","potentialAction":[{"@type":"SearchAction","target":{"@type":"EntryPoint","urlTemplate":"https:\/\/happybus.pl\/?s={search_term_string}"},"query-input":"required name=search_term_string"}],"inLanguage":"pl-PL"}]}},"_links":{"self":[{"href":"https:\/\/happybus.pl\/index.php\/wp-json\/wp\/v2\/pages\/2728"}],"collection":[{"href":"https:\/\/happybus.pl\/index.php\/wp-json\/wp\/v2\/pages"}],"about":[{"href":"https:\/\/happybus.pl\/index.php\/wp-json\/wp\/v2\/types\/page"}],"author":[{"embeddable":true,"href":"https:\/\/happybus.pl\/index.php\/wp-json\/wp\/v2\/users\/3"}],"replies":[{"embeddable":true,"href":"https:\/\/happybus.pl\/index.php\/wp-json\/wp\/v2\/comments?post=2728"}],"version-history":[{"count":2,"href":"https:\/\/happybus.pl\/index.php\/wp-json\/wp\/v2\/pages\/2728\/revisions"}],"predecessor-version":[{"id":2730,"href":"https:\/\/happybus.pl\/index.php\/wp-json\/wp\/v2\/pages\/2728\/revisions\/2730"}],"wp:attachment":[{"href":"https:\/\/happybus.pl\/index.php\/wp-json\/wp\/v2\/media?parent=2728"}],"curies":[{"name":"wp","href":"https:\/\/api.w.org\/{rel}","templated":true}]}}