{"id":2716,"date":"2024-01-22T13:07:02","date_gmt":"2024-01-22T12:07:02","guid":{"rendered":"https:\/\/happybus.pl\/?page_id=2716"},"modified":"2026-03-20T13:09:23","modified_gmt":"2026-03-20T12:09:23","slug":"lato-3","status":"publish","type":"page","link":"https:\/\/happybus.pl\/index.php\/lato-3\/","title":{"rendered":"LATO"},"content":{"rendered":"<div id=\"blog-1\" class=\"ui--blog ui--blog-wrapper ui--pass\" data-layout=\"mini\" data-columns=\"1\"><div class=\"ui--blog-item ui--animation ui--accent-gradient-hover-parent clearfix layout--mini\"><div class=\"ui--blog-content-wrapper\"><div class=\"ui--blog-header\"><h5 class=\"ui--blog-title entry-title\"><a class=\"ui--blog-link\" href=\"https:\/\/happybus.pl\/index.php\/2026\/03\/30\/bernina-express-i-najpiekniejsze-alpy-europy-niemcy-szwajcaria-wlochy\/\">BERNINA EXPRESS i najpi\u0119kniejsze Alpy Europy. Niemcy-Szwajcaria-W\u0142ochy<\/a><\/h5><\/div><div class=\"ui--blog-content\">INFORMACJE OG\u00d3LNE\n Rodzaj imprezy: Wycieczka objazdowa\nKraj\/miejscowo\u015b\u0107: NIEMCY\/SZWAJCARIA\/W\u0141OCHY\nIlo\u015b\u0107 dni: 5\nIlo\u015b\u0107 nocleg\u00f3w:  3\nTermin:13-17.06.2026, 06-10.09.2026\nWy\u017cywienie: wg programu\nTransport: autokar\nCena: 1690,00z\u0142 + 100,00 Euro + 280,00z\u0142 ( Bilet na Bernin\u0119 z miejsc\u00f3wk\u0105)\n \n\n \n \n\n \nKOMUNIKAT UWAGA! WA\u017bNE przed dokonaniem rezerwacji!\nRezerwacji  dokonuje si\u0119 automatycznie przez klikni\u0119cie przycisku \u201eRezerwuj\u201d przy wybranym terminie i wype\u0142nienie ...<\/div><div class=\"ui--blog-readmore more-link\"><a class=\"btn btn-small btn-secondary muted\" href=\"https:\/\/happybus.pl\/index.php\/2026\/03\/30\/bernina-express-i-najpiekniejsze-alpy-europy-niemcy-szwajcaria-wlochy\/\">Czytaj wi\u0119cej...<\/a><\/div><\/div><\/div><div class=\"ui--blog-item ui--animation ui--accent-gradient-hover-parent clearfix layout--mini\"><div class=\"ui--blog-content-wrapper\"><div class=\"ui--blog-header\"><h5 class=\"ui--blog-title entry-title\"><a class=\"ui--blog-link\" href=\"https:\/\/happybus.pl\/index.php\/2026\/03\/19\/londyn-6-dni\/\">Londyn 6 dni<\/a><\/h5><\/div><div class=\"ui--blog-content\">INFORMACJE OG\u00d3LNE\n Rodzaj imprezy:Wycieczka objazdowa\nKraj\/miejscowo\u015b\u0107: Londyn\/Wielka Brytania\nIlo\u015b\u0107 dni: 6\nIlo\u015b\u0107 nocleg\u00f3w: 3\nTermin:01-06.09.2026\nWy\u017cywienie:HB\nTransport: autokar\nCena: 2450,00z\u0142 + 125Euro \n \n\n \n \n\n \nKOMUNIKAT UWAGA! WA\u017bNE przed dokonaniem rezerwacji!\nRezerwacji  dokonuje si\u0119 automatycznie przez klikni\u0119cie przycisku \u201eRezerwuj\u201d przy wybranym terminie i wype\u0142nienie pojawiaj\u0105cego si\u0119 formularza.  Nale\u017cy dok\u0142adnie przeczyta\u0107 i zaznaczy\u0107 odpowiednie pola wyboru ...<\/div><div class=\"ui--blog-readmore more-link\"><a class=\"btn btn-small btn-secondary muted\" href=\"https:\/\/happybus.pl\/index.php\/2026\/03\/19\/londyn-6-dni\/\">Czytaj wi\u0119cej...<\/a><\/div><\/div><\/div><div class=\"ui--blog-item ui--animation ui--accent-gradient-hover-parent clearfix layout--mini\"><div class=\"ui--blog-content-wrapper\"><div class=\"ui--blog-header\"><h5 class=\"ui--blog-title entry-title\"><a class=\"ui--blog-link\" href=\"https:\/\/happybus.pl\/index.php\/2026\/03\/19\/sandomierz-i-okolice-perla-renesansu\/\">SANDOMIERZ i okolice- per\u0142a renesansu<\/a><\/h5><\/div><div class=\"ui--blog-content\">INFORMACJE OG\u00d3LNE\n Rodzaj imprezy: wycieczka\nKraj\/miejscowo\u015b\u0107: POLSKA\/Sandomierz\nIlo\u015b\u0107 dni: 2\nIlo\u015b\u0107 nocleg\u00f3w:   1\nTermin:20-21.06.2026\nWy\u017cywienie:HB\nTransport: autokar\nCena: 590,00z\u0142\n \n\n \n \n\n \nKOMUNIKAT UWAGA! WA\u017bNE przed dokonaniem rezerwacji!\nRezerwacji  dokonuje si\u0119 automatycznie przez klikni\u0119cie przycisku \u201eRezerwuj\u201d przy wybranym terminie i wype\u0142nienie pojawiaj\u0105cego si\u0119 formularza.  Nale\u017cy dok\u0142adnie przeczyta\u0107 i zaznaczy\u0107 odpowiednie pola wyboru przy dobrowolnych ...<\/div><div class=\"ui--blog-readmore more-link\"><a class=\"btn btn-small btn-secondary muted\" href=\"https:\/\/happybus.pl\/index.php\/2026\/03\/19\/sandomierz-i-okolice-perla-renesansu\/\">Czytaj wi\u0119cej...<\/a><\/div><\/div><\/div><div class=\"ui--blog-item ui--animation ui--accent-gradient-hover-parent clearfix layout--mini\"><div class=\"ui--blog-content-wrapper\"><div class=\"ui--blog-header\"><h5 class=\"ui--blog-title entry-title\"><a class=\"ui--blog-link\" href=\"https:\/\/happybus.pl\/index.php\/2026\/03\/12\/wilno-troki-magia-litwy-w-jeden-weekend\/\">WILNO-TROKI- magia Litwy w jeden weekend<\/a><\/h5><\/div><div class=\"ui--blog-content\">INFORMACJE OG\u00d3LNE\n Rodzaj imprezy: wycieczka objazdowa\nKraj\/miejscowo\u015b\u0107: LITWA\/Wilno-Troki\nIlo\u015b\u0107 dni: 3\nIlo\u015b\u0107 nocleg\u00f3w:   2\nTermin:19-21.06.2026\nWy\u017cywienie: HB\nTransport: autokar\nCena: 1090,00z\u0142\n \n\n \n \n\n \nKOMUNIKAT UWAGA! WA\u017bNE przed dokonaniem rezerwacji!\nRezerwacji  dokonuje si\u0119 automatycznie przez klikni\u0119cie przycisku \u201eRezerwuj\u201d przy wybranym terminie i wype\u0142nienie pojawiaj\u0105cego si\u0119 formularza.  Nale\u017cy dok\u0142adnie przeczyta\u0107 i zaznaczy\u0107 odpowiednie pola wyboru ...<\/div><div class=\"ui--blog-readmore more-link\"><a class=\"btn btn-small btn-secondary muted\" href=\"https:\/\/happybus.pl\/index.php\/2026\/03\/12\/wilno-troki-magia-litwy-w-jeden-weekend\/\">Czytaj wi\u0119cej...<\/a><\/div><\/div><\/div><div class=\"ui--blog-item ui--animation ui--accent-gradient-hover-parent clearfix layout--mini\"><div class=\"ui--blog-content-wrapper\"><div class=\"ui--blog-header\"><h5 class=\"ui--blog-title entry-title\"><a class=\"ui--blog-link\" href=\"https:\/\/happybus.pl\/index.php\/2026\/02\/11\/norwegia-podroz-do-serca-fiordow\/\">NORWEGIA- podr\u00f3\u017c do serca fiord\u00f3w<\/a><\/h5><\/div><div class=\"ui--blog-content\">INFORMACJE OG\u00d3LNE\n Rodzaj imprezy: wycieczka promowo-autokarowa\nKraj\/miejscowo\u015b\u0107: NORWEGIA\/Karlsktrona-Oslo-Bergen-Dolina Oddy-Stavanger-Preikestolen-Fiordy\nIlo\u015b\u0107 dni: 7\nIlo\u015b\u0107 nocleg\u00f3w:  6\nTermin: 22-28.08.2026\nWy\u017cywienie: HB\nTransport: Autokar + Prom\nCena: 4290,00z\u0142+290,00Euro + TFG i TFP 20,00z\u0142\n \n\n \n \n\n \nKOMUNIKAT Walut\u0105 obowi\u0105zuj\u0105c\u0105 w Norwegii jest korona norweska 1NOK=ok. 0,45PLN, w Szwecji- korona szwedzka 1SEK= ok. 0,43PLN.\nPrawie w ka\u017cdym miejscu mo\u017cna p\u0142aci\u0107 kart\u0105.\nW ...<\/div><div class=\"ui--blog-readmore more-link\"><a class=\"btn btn-small btn-secondary muted\" href=\"https:\/\/happybus.pl\/index.php\/2026\/02\/11\/norwegia-podroz-do-serca-fiordow\/\">Czytaj wi\u0119cej...<\/a><\/div><\/div><\/div><div class=\"ui--blog-item ui--animation ui--accent-gradient-hover-parent clearfix layout--mini\"><div class=\"ui--blog-content-wrapper\"><div class=\"ui--blog-header\"><h5 class=\"ui--blog-title entry-title\"><a class=\"ui--blog-link\" href=\"https:\/\/happybus.pl\/index.php\/2026\/01\/29\/paryz-i-zamki-nad-loara\/\">Pary\u017c i Zamki nad Loar\u0105<\/a><\/h5><\/div><div class=\"ui--blog-content\">INFORMACJE OG\u00d3LNE\n Rodzaj imprezy: wycieczka objazdowa\nKraj\/miejscowo\u015b\u0107: Francja\/Pary\u017ci Zamki nad Loar\u0105\nIlo\u015b\u0107 dni: 6\nIlo\u015b\u0107 nocleg\u00f3w: 3\nTermin:23-28.06.2026\nWy\u017cywienie:\nTransport: autokar\nCena: 1490,00z\u0142 + 120,00Euro\n \n\n \n \n\n \nKOMUNIKAT UWAGA! WA\u017bNE przed dokonaniem rezerwacji!\nRezerwacji  dokonuje si\u0119 automatycznie przez klikni\u0119cie przycisku \u201eRezerwuj\u201d przy wybranym terminie i wype\u0142nienie pojawiaj\u0105cego si\u0119 formularza.  Nale\u017cy dok\u0142adnie przeczyta\u0107 i zaznaczy\u0107 odpowiednie ...<\/div><div class=\"ui--blog-readmore more-link\"><a class=\"btn btn-small btn-secondary muted\" href=\"https:\/\/happybus.pl\/index.php\/2026\/01\/29\/paryz-i-zamki-nad-loara\/\">Czytaj wi\u0119cej...<\/a><\/div><\/div><\/div><div class=\"ui--blog-item ui--animation ui--accent-gradient-hover-parent clearfix layout--mini\"><div class=\"ui--blog-content-wrapper\"><div class=\"ui--blog-header\"><h5 class=\"ui--blog-title entry-title\"><a class=\"ui--blog-link\" href=\"https:\/\/happybus.pl\/index.php\/2025\/04\/28\/chorwacja-drvenik-wypoczynek-i-zwiedzanie-11-dni\/\">CHORWACJA- DRVENIK wypoczynek i zwiedzanie 11 dni<\/a><\/h5><\/div><div class=\"ui--blog-content\">INFORMACJE OG\u00d3LNE\n Rodzaj imprezy: Wycieczka pobytowa-Wypoczynek i zwiedzanie\nKraj\/miejscowo\u015b\u0107: Chorwacja-Drvenik\nIlo\u015b\u0107 dni: 10 lub 11\nIlo\u015b\u0107 nocleg\u00f3w: 7 lub 8\nTermin:04-13.07.2026, 12- 22.08.2026, 20-30.08.2026\nWy\u017cywienie:HB\nTransport: autokar\nCena: 3050,00z\u0142 lub 3290,00z\u0142 ( zale\u017cnie od terminu) + 20z\u0142 TFG i TFP + taksa klimatyczna\n \n\n \n \n\n \nKOMUNIKAT UWAGA! WA\u017bNE przed dokonaniem rezerwacji!\nRezerwacji  dokonuje si\u0119 automatycznie przez ...<\/div><div class=\"ui--blog-readmore more-link\"><a class=\"btn btn-small btn-secondary muted\" href=\"https:\/\/happybus.pl\/index.php\/2025\/04\/28\/chorwacja-drvenik-wypoczynek-i-zwiedzanie-11-dni\/\">Czytaj wi\u0119cej...<\/a><\/div><\/div><\/div><div class=\"ui--blog-item ui--animation ui--accent-gradient-hover-parent clearfix layout--mini\"><div class=\"ui--blog-content-wrapper\"><div class=\"ui--blog-header\"><h5 class=\"ui--blog-title entry-title\"><a class=\"ui--blog-link\" href=\"https:\/\/happybus.pl\/index.php\/2024\/01\/26\/grecja-riwiera-olimpijska-wypoczynek-i-zwiedzanie\/\">GRECJA- Riwiera Olimpijska- wypoczynek i zwiedzanie<\/a><\/h5><\/div><div class=\"ui--blog-content\">INFORMACJE OG\u00d3LNE\n Rodzaj imprezy: Wypoczynek i zwiedzanie\nKraj\/miejscowo\u015b\u0107: GRECJA\/Paralia\nIlo\u015b\u0107 dni: 12\nIlo\u015b\u0107 nocleg\u00f3w:  10\nTermin:31.07-11.08.2026\nWy\u017cywienie:HB\nTransport: autokar- z noclegiem tranzytowym\nCena: 2990,00z\u0142+ 350,00Euro &#8211; Zni\u017cki dla dzieci\n \n\n \n \n\n \nKOMUNIKAT UWAGA! WA\u017bNE przed dokonaniem rezerwacji!\nRezerwacji  dokonuje si\u0119 automatycznie przez klikni\u0119cie przycisku \u201eRezerwuj\u201d przy wybranym terminie i wype\u0142nienie pojawiaj\u0105cego si\u0119 formularza.  Nale\u017cy ...<\/div><div class=\"ui--blog-readmore more-link\"><a class=\"btn btn-small btn-secondary muted\" href=\"https:\/\/happybus.pl\/index.php\/2024\/01\/26\/grecja-riwiera-olimpijska-wypoczynek-i-zwiedzanie\/\">Czytaj wi\u0119cej...<\/a><\/div><\/div><\/div><div class=\"ui--blog-item ui--animation ui--accent-gradient-hover-parent clearfix layout--mini\"><div class=\"ui--blog-content-wrapper\"><div class=\"ui--blog-header\"><h5 class=\"ui--blog-title entry-title\"><a class=\"ui--blog-link\" href=\"https:\/\/happybus.pl\/index.php\/2024\/01\/19\/hiszpania-costa-brava-wypoczynek-i-zwiedzanie\/\">HISZPANIA- Costa Brava- wypoczynek i zwiedzanie<\/a><\/h5><\/div><div class=\"ui--blog-content\">INFORMACJE OG\u00d3LNE\n Rodzaj imprezy: Wypoczynek i zwiedzanie\nKraj\/miejscowo\u015b\u0107: Hiszpania-Costa Brava\/Tossa de Mar\nIlo\u015b\u0107 dni: 11\nIlo\u015b\u0107 nocleg\u00f3w:  9\nTermin:13-23.07.2026\nWy\u017cywienie:HB bufety wg programu\nTransport: autokar\nCena: 3450,00z\u0142+350,00Euro (pakiet walutowy= koszty realizacji programu) i TFG+TFP 20z\u0142\/osoba\n \n\n \n \n\n \nKOMUNIKAT UWAGA! WA\u017bNE przed dokonaniem rezerwacji!\nRezerwacji  dokonuje si\u0119 automatycznie przez klikni\u0119cie przycisku \u201eRezerwuj\u201d przy wybranym terminie i ...<\/div><div class=\"ui--blog-readmore more-link\"><a class=\"btn btn-small btn-secondary muted\" href=\"https:\/\/happybus.pl\/index.php\/2024\/01\/19\/hiszpania-costa-brava-wypoczynek-i-zwiedzanie\/\">Czytaj wi\u0119cej...<\/a><\/div><\/div><\/div><div class=\"ui--blog-item ui--animation ui--accent-gradient-hover-parent clearfix layout--mini\"><div class=\"ui--blog-content-wrapper\"><div class=\"ui--blog-header\"><h5 class=\"ui--blog-title entry-title\"><a class=\"ui--blog-link\" href=\"https:\/\/happybus.pl\/index.php\/2024\/01\/06\/czarnogora-wypoczynek-i-zwiedzanie\/\">CZARNOG\u00d3RA &#8211; wypoczynek i zwiedzanie<\/a><\/h5><\/div><div class=\"ui--blog-content\">INFORMACJE OG\u00d3LNE\n Rodzaj imprezy: Wypoczynek i zwiedzanie\nKraj\/miejscowo\u015b\u0107: Czarnog\u00f3ra\/Dobra Voda\nIlo\u015b\u0107 dni: 12\nIlo\u015b\u0107 nocleg\u00f3w: 11   \nTermin: 30.06-11.07.2026, 10-21.08.2026 \nWy\u017cywienie: HB\nTransport: autokar\nCena: 2890,00 z\u0142 + 170,00Euro \n \n\n \n \n\n \nKOMUNIKAT UWAGA! WA\u017bNE przed dokonaniem rezerwacji!\nRezerwacji  dokonuje si\u0119 automatycznie przez klikni\u0119cie przycisku \u201eRezerwuj\u201d przy wybranym terminie i wype\u0142nienie pojawiaj\u0105cego si\u0119 ...<\/div><div class=\"ui--blog-readmore more-link\"><a class=\"btn btn-small btn-secondary muted\" href=\"https:\/\/happybus.pl\/index.php\/2024\/01\/06\/czarnogora-wypoczynek-i-zwiedzanie\/\">Czytaj wi\u0119cej...<\/a><\/div><\/div><\/div><div class=\"ui--blog-item ui--animation ui--accent-gradient-hover-parent clearfix layout--mini last-item\"><div class=\"ui--blog-content-wrapper\"><div class=\"ui--blog-header\"><h5 class=\"ui--blog-title entry-title\"><a class=\"ui--blog-link\" href=\"https:\/\/happybus.pl\/index.php\/2020\/01\/14\/majowka-bratyslawa-budapeszt-zakole-dunaju\/\">Wypad nad Dunaj-  BRATYS\u0141AWA- BUDAPESZT-ZAKOLE DUNAJU<\/a><\/h5><\/div><div class=\"ui--blog-content\">INFORMACJE OG\u00d3LNE\n Rodzaj imprezy: BRATYS\u0141AWA- BUDAPESZT-ZAKOLE DUNAJU\nKraj\/miejscowo\u015b\u0107: S\u0142owacja-W\u0119gry\/ Bratys\u0142awa-Budapeszt-Zakole Dunaju\nIlo\u015b\u0107 dni: 4\nIlo\u015b\u0107 nocleg\u00f3w: 3\nTermin: 30.04-03.05.2026, 16-19.07.2026\nWy\u017cywienie: BB- 3 \u015bniadania\nTransport: Autokar\nCena: 1150,00z\u0142\/os + TFG iTFP\nBudapeszt przez obie\u017cy\u015bwiat\u00f3w od niepami\u0119tnych czas\u00f3w uwa\u017cany jest za jedno z najpi\u0119kniejszych i najnowocze\u015bniejszych miast europejskich. Naddunajska stolica zwana Pary\u017cem Wschodniej Europy z pewno\u015bci\u0105 zas\u0142uguje na to ...<\/div><div class=\"ui--blog-readmore more-link\"><a class=\"btn btn-small btn-secondary muted\" href=\"https:\/\/happybus.pl\/index.php\/2020\/01\/14\/majowka-bratyslawa-budapeszt-zakole-dunaju\/\">Czytaj wi\u0119cej...<\/a><\/div><\/div><\/div><\/div>","protected":false},"excerpt":{"rendered":"<p>BERNINA EXPRESS i najpi\u0119kniejsze Alpy Europy. Niemcy-Szwajcaria-W\u0142ochyINFORMACJE OG\u00d3LNE Rodzaj imprezy: Wycieczka objazdowa Kraj\/miejscowo\u015b\u0107: NIEMCY\/SZWAJCARIA\/W\u0141OCHY Ilo\u015b\u0107 dni: 5 Ilo\u015b\u0107 nocleg\u00f3w: 3 Termin:13-17.06.2026, 06-10.09.2026 Wy\u017cywienie: wg programu Transport: autokar Cena: 1690,00z\u0142 + 100,00 Euro + 280,00z\u0142 ( Bilet na Bernin\u0119 z miejsc\u00f3wk\u0105) KOMUNIKAT UWAGA! WA\u017bNE przed dokonaniem rezerwacji! Rezerwacji dokonuje si\u0119 automatycznie przez klikni\u0119cie przycisku \u201eRezerwuj\u201d przy wybranym terminie i wype\u0142nienie &#8230;Czytaj wi\u0119cej&#8230;Londyn 6 dniINFORMACJE OG\u00d3LNE Rodzaj imprezy:Wycieczka objazdowa Kraj\/miejscowo\u015b\u0107: Londyn\/Wielka Brytania Ilo\u015b\u0107 dni: 6 Ilo\u015b\u0107 nocleg\u00f3w: [&hellip;]<\/p>\n","protected":false},"author":3,"featured_media":0,"parent":0,"menu_order":0,"comment_status":"closed","ping_status":"closed","template":"page-sidebar-left.php","meta":{"footnotes":""},"yoast_head":"<!-- This site is optimized with the Yoast SEO plugin v21.7 - https:\/\/yoast.com\/wordpress\/plugins\/seo\/ -->\n<title>LATO - HAPPY BUS - OLE\u015aNICA<\/title>\n<meta name=\"robots\" content=\"index, follow, max-snippet:-1, max-image-preview:large, max-video-preview:-1\" \/>\n<link rel=\"canonical\" href=\"https:\/\/happybus.pl\/index.php\/lato-3\/\" \/>\n<meta property=\"og:locale\" content=\"pl_PL\" \/>\n<meta property=\"og:type\" content=\"article\" \/>\n<meta property=\"og:title\" content=\"LATO - HAPPY BUS - OLE\u015aNICA\" \/>\n<meta property=\"og:description\" content=\"BERNINA EXPRESS i najpi\u0119kniejsze Alpy Europy. Niemcy-Szwajcaria-W\u0142ochyINFORMACJE OG\u00d3LNE Rodzaj imprezy: Wycieczka objazdowa Kraj\/miejscowo\u015b\u0107: NIEMCY\/SZWAJCARIA\/W\u0141OCHY Ilo\u015b\u0107 dni: 5 Ilo\u015b\u0107 nocleg\u00f3w: 3 Termin:13-17.06.2026, 06-10.09.2026 Wy\u017cywienie: wg programu Transport: autokar Cena: 1690,00z\u0142 + 100,00 Euro + 280,00z\u0142 ( Bilet na Bernin\u0119 z miejsc\u00f3wk\u0105) KOMUNIKAT UWAGA! WA\u017bNE przed dokonaniem rezerwacji! Rezerwacji dokonuje si\u0119 automatycznie przez klikni\u0119cie przycisku \u201eRezerwuj\u201d przy wybranym terminie i wype\u0142nienie ...Czytaj wi\u0119cej...Londyn 6 dniINFORMACJE OG\u00d3LNE Rodzaj imprezy:Wycieczka objazdowa Kraj\/miejscowo\u015b\u0107: Londyn\/Wielka Brytania Ilo\u015b\u0107 dni: 6 Ilo\u015b\u0107 nocleg\u00f3w: [&hellip;]\" \/>\n<meta property=\"og:url\" content=\"https:\/\/happybus.pl\/index.php\/lato-3\/\" \/>\n<meta property=\"og:site_name\" content=\"HAPPY BUS - OLE\u015aNICA\" \/>\n<meta property=\"article:modified_time\" content=\"2026-03-20T12:09:23+00:00\" \/>\n<meta name=\"twitter:card\" content=\"summary_large_image\" \/>\n<meta name=\"twitter:label1\" content=\"Szacowany czas czytania\" \/>\n\t<meta name=\"twitter:data1\" content=\"4 minuty\" \/>\n<script type=\"application\/ld+json\" class=\"yoast-schema-graph\">{\"@context\":\"https:\/\/schema.org\",\"@graph\":[{\"@type\":\"WebPage\",\"@id\":\"https:\/\/happybus.pl\/index.php\/lato-3\/\",\"url\":\"https:\/\/happybus.pl\/index.php\/lato-3\/\",\"name\":\"LATO - HAPPY BUS - OLE\u015aNICA\",\"isPartOf\":{\"@id\":\"https:\/\/happybus.pl\/#website\"},\"datePublished\":\"2024-01-22T12:07:02+00:00\",\"dateModified\":\"2026-03-20T12:09:23+00:00\",\"breadcrumb\":{\"@id\":\"https:\/\/happybus.pl\/index.php\/lato-3\/#breadcrumb\"},\"inLanguage\":\"pl-PL\",\"potentialAction\":[{\"@type\":\"ReadAction\",\"target\":[\"https:\/\/happybus.pl\/index.php\/lato-3\/\"]}]},{\"@type\":\"BreadcrumbList\",\"@id\":\"https:\/\/happybus.pl\/index.php\/lato-3\/#breadcrumb\",\"itemListElement\":[{\"@type\":\"ListItem\",\"position\":1,\"name\":\"Strona g\u0142\u00f3wna\",\"item\":\"https:\/\/happybus.pl\/\"},{\"@type\":\"ListItem\",\"position\":2,\"name\":\"LATO\"}]},{\"@type\":\"WebSite\",\"@id\":\"https:\/\/happybus.pl\/#website\",\"url\":\"https:\/\/happybus.pl\/\",\"name\":\"HAPPY BUS - OLE\u015aNICA\",\"description\":\"Wycieczki Krajowe i Zgarniczne\",\"potentialAction\":[{\"@type\":\"SearchAction\",\"target\":{\"@type\":\"EntryPoint\",\"urlTemplate\":\"https:\/\/happybus.pl\/?s={search_term_string}\"},\"query-input\":\"required name=search_term_string\"}],\"inLanguage\":\"pl-PL\"}]}<\/script>\n<!-- \/ Yoast SEO plugin. -->","yoast_head_json":{"title":"LATO - HAPPY BUS - OLE\u015aNICA","robots":{"index":"index","follow":"follow","max-snippet":"max-snippet:-1","max-image-preview":"max-image-preview:large","max-video-preview":"max-video-preview:-1"},"canonical":"https:\/\/happybus.pl\/index.php\/lato-3\/","og_locale":"pl_PL","og_type":"article","og_title":"LATO - HAPPY BUS - OLE\u015aNICA","og_description":"BERNINA EXPRESS i najpi\u0119kniejsze Alpy Europy. Niemcy-Szwajcaria-W\u0142ochyINFORMACJE OG\u00d3LNE Rodzaj imprezy: Wycieczka objazdowa Kraj\/miejscowo\u015b\u0107: NIEMCY\/SZWAJCARIA\/W\u0141OCHY Ilo\u015b\u0107 dni: 5 Ilo\u015b\u0107 nocleg\u00f3w: 3 Termin:13-17.06.2026, 06-10.09.2026 Wy\u017cywienie: wg programu Transport: autokar Cena: 1690,00z\u0142 + 100,00 Euro + 280,00z\u0142 ( Bilet na Bernin\u0119 z miejsc\u00f3wk\u0105) KOMUNIKAT UWAGA! WA\u017bNE przed dokonaniem rezerwacji! Rezerwacji dokonuje si\u0119 automatycznie przez klikni\u0119cie przycisku \u201eRezerwuj\u201d przy wybranym terminie i wype\u0142nienie ...Czytaj wi\u0119cej...Londyn 6 dniINFORMACJE OG\u00d3LNE Rodzaj imprezy:Wycieczka objazdowa Kraj\/miejscowo\u015b\u0107: Londyn\/Wielka Brytania Ilo\u015b\u0107 dni: 6 Ilo\u015b\u0107 nocleg\u00f3w: [&hellip;]","og_url":"https:\/\/happybus.pl\/index.php\/lato-3\/","og_site_name":"HAPPY BUS - OLE\u015aNICA","article_modified_time":"2026-03-20T12:09:23+00:00","twitter_card":"summary_large_image","twitter_misc":{"Szacowany czas czytania":"4 minuty"},"schema":{"@context":"https:\/\/schema.org","@graph":[{"@type":"WebPage","@id":"https:\/\/happybus.pl\/index.php\/lato-3\/","url":"https:\/\/happybus.pl\/index.php\/lato-3\/","name":"LATO - HAPPY BUS - OLE\u015aNICA","isPartOf":{"@id":"https:\/\/happybus.pl\/#website"},"datePublished":"2024-01-22T12:07:02+00:00","dateModified":"2026-03-20T12:09:23+00:00","breadcrumb":{"@id":"https:\/\/happybus.pl\/index.php\/lato-3\/#breadcrumb"},"inLanguage":"pl-PL","potentialAction":[{"@type":"ReadAction","target":["https:\/\/happybus.pl\/index.php\/lato-3\/"]}]},{"@type":"BreadcrumbList","@id":"https:\/\/happybus.pl\/index.php\/lato-3\/#breadcrumb","itemListElement":[{"@type":"ListItem","position":1,"name":"Strona g\u0142\u00f3wna","item":"https:\/\/happybus.pl\/"},{"@type":"ListItem","position":2,"name":"LATO"}]},{"@type":"WebSite","@id":"https:\/\/happybus.pl\/#website","url":"https:\/\/happybus.pl\/","name":"HAPPY BUS - OLE\u015aNICA","description":"Wycieczki Krajowe i Zgarniczne","potentialAction":[{"@type":"SearchAction","target":{"@type":"EntryPoint","urlTemplate":"https:\/\/happybus.pl\/?s={search_term_string}"},"query-input":"required name=search_term_string"}],"inLanguage":"pl-PL"}]}},"_links":{"self":[{"href":"https:\/\/happybus.pl\/index.php\/wp-json\/wp\/v2\/pages\/2716"}],"collection":[{"href":"https:\/\/happybus.pl\/index.php\/wp-json\/wp\/v2\/pages"}],"about":[{"href":"https:\/\/happybus.pl\/index.php\/wp-json\/wp\/v2\/types\/page"}],"author":[{"embeddable":true,"href":"https:\/\/happybus.pl\/index.php\/wp-json\/wp\/v2\/users\/3"}],"replies":[{"embeddable":true,"href":"https:\/\/happybus.pl\/index.php\/wp-json\/wp\/v2\/comments?post=2716"}],"version-history":[{"count":5,"href":"https:\/\/happybus.pl\/index.php\/wp-json\/wp\/v2\/pages\/2716\/revisions"}],"predecessor-version":[{"id":2721,"href":"https:\/\/happybus.pl\/index.php\/wp-json\/wp\/v2\/pages\/2716\/revisions\/2721"}],"wp:attachment":[{"href":"https:\/\/happybus.pl\/index.php\/wp-json\/wp\/v2\/media?parent=2716"}],"curies":[{"name":"wp","href":"https:\/\/api.w.org\/{rel}","templated":true}]}}