{"id":265,"date":"2019-04-23T20:37:14","date_gmt":"2019-04-23T18:37:14","guid":{"rendered":"http:\/\/happybus.pl\/?page_id=265"},"modified":"2019-05-16T22:53:46","modified_gmt":"2019-05-16T20:53:46","slug":"wycieczki-wielodniowe","status":"publish","type":"page","link":"https:\/\/happybus.pl\/index.php\/wycieczki-wielodniowe\/","title":{"rendered":"WYCIECZKI WIELODNIOWE"},"content":{"rendered":"<div id=\"blog-1\" class=\"ui--blog ui--blog-wrapper ui--pass\" data-layout=\"mini\" data-columns=\"1\"><div class=\"ui--blog-item ui--animation ui--accent-gradient-hover-parent clearfix layout--mini\"><div class=\"ui--blog-content-wrapper\"><div class=\"ui--blog-header\"><h5 class=\"ui--blog-title entry-title\"><a class=\"ui--blog-link\" href=\"https:\/\/happybus.pl\/index.php\/2019\/05\/16\/praga-kutna-hora-3-dni-od-360zl\/\">PRAGA-KUTNA HORA | 3 dni<\/a><\/h5><\/div><div class=\"ui--blog-content\">Cel wycieczki:PRAGA-KUTNA HORA\nWycieczka: wycieczka wielodniowa\nCena : zapytaj o cen\u0119\nRamowy program\n1 DZIE\u0143\nWyjazd ok. godz. 7.00\nOk. godz. 9.30 przejazd przez granic\u0119 w Kudowie S\u0142onym. W godzinach przedpo\u0142udniowych przyjazd do Kutnej Hory- jednego z najbogatszych niegdy\u015b miast w Czechach, znajduj\u0105cego si\u0119 na li\u015bcie dziedzictwa kulturalnego UNESCO. Zwiedzania miasta, m.in. ko\u015bci\u00f3\u0142 cmentarny z ossarium, ...<\/div><div class=\"ui--blog-readmore more-link\"><a class=\"btn btn-small btn-secondary muted\" href=\"https:\/\/happybus.pl\/index.php\/2019\/05\/16\/praga-kutna-hora-3-dni-od-360zl\/\">Czytaj wi\u0119cej...<\/a><\/div><\/div><\/div><div class=\"ui--blog-item ui--animation ui--accent-gradient-hover-parent clearfix layout--mini\"><div class=\"ui--blog-content-wrapper\"><div class=\"ui--blog-header\"><h5 class=\"ui--blog-title entry-title\"><a class=\"ui--blog-link\" href=\"https:\/\/happybus.pl\/index.php\/2019\/05\/16\/wielkopolska-3-dni-cena-od-300zl\/\">WIELKOPOLSKA | 3 dni<\/a><\/h5><\/div><div class=\"ui--blog-content\">Cel wycieczki:KOLEBKA PA\u0143STWA POLSKIEGO Ostr\u00f3w Lednicki- Gniezno- Biskupin- Wenecja -\u017bnin &#8211; Kruszwica &#8211; Liche\u0144\/K\u00f3rnik &#8211; Rogalin\nWycieczka: wycieczka wielodniowa\nCena :zapytaj o cen\u0119\nRamowy program\n1 dzie\u0144\nWyjazd o godz.7.00. Przejazd do Ostrowa Lednickiego \u2013 zwanego \u201e wczesnopiastowskim Wawelem\u201d, historycznego miejsca le\u017c\u0105cego na wyspie w centrum plemienia Polan, w kt\u00f3rym toczy si\u0119 akcja powie\u015bci \u201eStara ...<\/div><div class=\"ui--blog-readmore more-link\"><a class=\"btn btn-small btn-secondary muted\" href=\"https:\/\/happybus.pl\/index.php\/2019\/05\/16\/wielkopolska-3-dni-cena-od-300zl\/\">Czytaj wi\u0119cej...<\/a><\/div><\/div><\/div><div class=\"ui--blog-item ui--animation ui--accent-gradient-hover-parent clearfix layout--mini\"><div class=\"ui--blog-content-wrapper\"><div class=\"ui--blog-header\"><h5 class=\"ui--blog-title entry-title\"><a class=\"ui--blog-link\" href=\"https:\/\/happybus.pl\/index.php\/2019\/05\/16\/krakow-zakopane-oswiecim-3dni-od-350zl\/\">KRAK\u00d3W- ZAKOPANE &#8211; O\u015aWI\u0118CIM | 3 dni<\/a><\/h5><\/div><div class=\"ui--blog-content\">Cel wycieczki:KRAK\u00d3W \u2013 ZAKOPANE &#8211; O\u015aWI\u0118CIM\nWycieczka: wycieczka wielodniowa\nCena : zapytaj o cen\u0119\nRamowy program\n1.dzie\u0144\nWyjazd o godz. 7.00. Przejazd do Krakowa. Spotkanie z miejscowym przewodnikiem. Zwiedzanie miasta, m.in. Trakt Kr\u00f3lewski: Wawel, Katedra, krypty kr\u00f3lewskie, Dzwon Zygmunta, Smocza Jama, przej\u015bcie jedn\u0105 z najstarszych ulic Krakowa-ulic\u0105 Grodzk\u0105 do Rynku Starego Miasta, Ko\u015bci\u00f3\u0142 Mariacki, Sukiennice, ...<\/div><div class=\"ui--blog-readmore more-link\"><a class=\"btn btn-small btn-secondary muted\" href=\"https:\/\/happybus.pl\/index.php\/2019\/05\/16\/krakow-zakopane-oswiecim-3dni-od-350zl\/\">Czytaj wi\u0119cej...<\/a><\/div><\/div><\/div><div class=\"ui--blog-item ui--animation ui--accent-gradient-hover-parent clearfix layout--mini\"><div class=\"ui--blog-content-wrapper\"><div class=\"ui--blog-header\"><h5 class=\"ui--blog-title entry-title\"><a class=\"ui--blog-link\" href=\"https:\/\/happybus.pl\/index.php\/2019\/05\/16\/gory-stolowe-3-dni-od-289zl\/\">G\u00f3ry Sto\u0142owe | 3 dni<\/a><\/h5><\/div><div class=\"ui--blog-content\">Cel wycieczki:Z\u0141OTY STOK \u2013 WAMBIERZYCE &#8211; B\u0141\u0118DNE SKA\u0141Y-KUDOWA ZDR\u00d3J &#8211; DUSZNIKI\nWycieczka: wycieczka wielodniowa\nCena : zapytaj o cen\u0119\nRamowy program\n1.dzie\u0144\nWyjazd o godz. 8.00. Przejazd do Z\u0142otego Stoku. Zwiedzanie zabytkowej Kopalni Z\u0142ota \u2013 w tym owiana legend\u0105 \u201eSztolnia Gertruda\u201d, emocjonuj\u0105ce spotkanie z Gnomem w Chodniku \u015amierci i \u201eSztolni Czarnej\u201d oraz dodatkowe atrakcje jak ...<\/div><div class=\"ui--blog-readmore more-link\"><a class=\"btn btn-small btn-secondary muted\" href=\"https:\/\/happybus.pl\/index.php\/2019\/05\/16\/gory-stolowe-3-dni-od-289zl\/\">Czytaj wi\u0119cej...<\/a><\/div><\/div><\/div><div class=\"ui--blog-item ui--animation ui--accent-gradient-hover-parent clearfix layout--mini\"><div class=\"ui--blog-content-wrapper\"><div class=\"ui--blog-header\"><h5 class=\"ui--blog-title entry-title\"><a class=\"ui--blog-link\" href=\"https:\/\/happybus.pl\/index.php\/2019\/05\/16\/gory-swietokrzyskie-sandomierz-3-dni-od-365zl\/\">G\u00f3ry \u015awi\u0119tokrzyskie- Sandomierz | 3 dni<\/a><\/h5><\/div><div class=\"ui--blog-content\">Cel wycieczki:G\u00d3RY \u015aWI\u0118TOKRZYSKIE &#8211; SANDOMIERZ\nWycieczka: wycieczka wielodniowa\nCena :zapytaj o cen\u0119\nRamowy program:\n1 dzie\u0144\nWyjazd o godz. 7.00. Przejazd do Ch\u0119cin. Zwiedzanie jednej z najbardziej znanych atrakcji G\u00f3r \u015awi\u0119tokrzyskich i jednej z najpi\u0119kniejszych jaski\u0144 naszego kraju \u2013 Jaskini \u201eRaj\u201d, zachwycaj\u0105cej bogactwem i r\u00f3\u017cnorodno\u015bci\u0105 kalcytowych form naciekowych. Zwiedzanie zamku W Ch\u0119cinach, z wie\u017cy kt\u00f3rego ...<\/div><div class=\"ui--blog-readmore more-link\"><a class=\"btn btn-small btn-secondary muted\" href=\"https:\/\/happybus.pl\/index.php\/2019\/05\/16\/gory-swietokrzyskie-sandomierz-3-dni-od-365zl\/\">Czytaj wi\u0119cej...<\/a><\/div><\/div><\/div><div class=\"ui--blog-item ui--animation ui--accent-gradient-hover-parent clearfix layout--mini\"><div class=\"ui--blog-content-wrapper\"><div class=\"ui--blog-header\"><h5 class=\"ui--blog-title entry-title\"><a class=\"ui--blog-link\" href=\"https:\/\/happybus.pl\/index.php\/2019\/05\/16\/zakopane-inwald-wadowice-3-dni-od-360zl\/\">Zakopane-Inwa\u0142d-Wadowice | 3 dni<\/a><\/h5><\/div><div class=\"ui--blog-content\">Cel wycieczki:INWA\u0141D- WADOWICE &#8211; ZAKOPANE\nWycieczka: wycieczka wielodniowa\nCena : zapytaj o cen\u0119\nRamowy program:\nRamowy program:\n1.dzie\u0144\nWyjazd o godz. 7.00. Przejazd do Inwa\u0142du. Pobyt w Parku Miniatur \u201e\u015awiat Marze\u0144\u201d, gdzie podziwia\u0107 mo\u017cna zabytki ca\u0142ego \u015bwiata a tak\u017ce najwa\u017cniejsze zabytki Polski przedstawione w miniaturze oraz skorzysta\u0107 z atrakcji mini lunaparku. Nast\u0119pnie przejazd do Wadowic \u2013 ...<\/div><div class=\"ui--blog-readmore more-link\"><a class=\"btn btn-small btn-secondary muted\" href=\"https:\/\/happybus.pl\/index.php\/2019\/05\/16\/zakopane-inwald-wadowice-3-dni-od-360zl\/\">Czytaj wi\u0119cej...<\/a><\/div><\/div><\/div><div class=\"ui--blog-item ui--animation ui--accent-gradient-hover-parent clearfix layout--mini\"><div class=\"ui--blog-content-wrapper\"><div class=\"ui--blog-header\"><h5 class=\"ui--blog-title entry-title\"><a class=\"ui--blog-link\" href=\"https:\/\/happybus.pl\/index.php\/2019\/05\/16\/warszawa-3-dni-od-365zl\/\">Warszawa | 3 dni<\/a><\/h5><\/div><div class=\"ui--blog-content\">Cel wycieczki:WARSZAWA\nWycieczka: wycieczka wielodniowa\nCena : zapytaj  o cen\u0119\nRamowy program:\n1.dzie\u0144\nWyjazd o godz. 6.00. Przejazd do Warszawy. Przyjazd do stolicy wczesnym popo\u0142udniem. Zwiedzanie miasta: \u0141azienki Kr\u00f3lewskie \u2013 klasycystyczny zesp\u00f3\u0142 pa\u0142acowo-parkowy zbudowany za czas\u00f3w panowania kr\u00f3la Stanis\u0142awa Augusta Poniatowskiego- z pomnikiem Fryderyka Chopina. Wjazd wind\u0105 na taras widokowy Pa\u0142acu Kultury i Nauki. ...<\/div><div class=\"ui--blog-readmore more-link\"><a class=\"btn btn-small btn-secondary muted\" href=\"https:\/\/happybus.pl\/index.php\/2019\/05\/16\/warszawa-3-dni-od-365zl\/\">Czytaj wi\u0119cej...<\/a><\/div><\/div><\/div><div class=\"ui--blog-item ui--animation ui--accent-gradient-hover-parent clearfix layout--mini\"><div class=\"ui--blog-content-wrapper\"><div class=\"ui--blog-header\"><h5 class=\"ui--blog-title entry-title\"><a class=\"ui--blog-link\" href=\"https:\/\/happybus.pl\/index.php\/2019\/05\/16\/paryz-5-dni-od-820zl\/\">Pary\u017c | 5 dni<\/a><\/h5><\/div><div class=\"ui--blog-content\">Cel wycieczki:PARY\u017b\nWycieczka: wycieczka wielodniowa\nCena : zapytaj o cen\u0119\nRamowy program:\nPary\u017c zachwyca! Pary\u017c nigdy nie zasypia! Pary\u017c ol\u015bniewa! Wie to ka\u017cdy, kto chocia\u017c raz by\u0142 w tym magicznym mie\u015bcie. Przyje\u017cd\u017caj\u0105c do Pary\u017ca, czujemy, \u017ce wkraczamy w niezwyk\u0142y \u015bwiat, kt\u00f3rego pr\u00f3\u017cno szuka\u0107 w innych zak\u0105tkach tej planety. Stolica Francji to kolebka kultury europejskiej, ...<\/div><div class=\"ui--blog-readmore more-link\"><a class=\"btn btn-small btn-secondary muted\" href=\"https:\/\/happybus.pl\/index.php\/2019\/05\/16\/paryz-5-dni-od-820zl\/\">Czytaj wi\u0119cej...<\/a><\/div><\/div><\/div><div class=\"ui--blog-item ui--animation ui--accent-gradient-hover-parent clearfix layout--mini\"><div class=\"ui--blog-content-wrapper\"><div class=\"ui--blog-header\"><h5 class=\"ui--blog-title entry-title\"><a class=\"ui--blog-link\" href=\"https:\/\/happybus.pl\/index.php\/2019\/05\/16\/torun-malbork-3-dni-od-390zl\/\">Toru\u0144-Malbork | 3 dni<\/a><\/h5><\/div><div class=\"ui--blog-content\">Cel wycieczki:TORU\u0143 MIASTO KOPERNIKA i PIERNIK\u00d3W- MALBORK Zamek Krzy\u017cacki\nWycieczka: wycieczka wielodniowa\nCena : zapytaj o cen\u0119\nRamowy program:\n1.dzie\u0144\nWyjazd we wczesnych godzinach porannych. Przejazd do miasta Miko\u0142aja Kopernika. Zwiedzanie Torunia tras\u0105 zabytk\u00f3w wpisanych na list\u0119 dziedzictwa \u015bwiatowego UNESCO. m.in.:Stare Miasto ( \u0141uk Cezara, Ko\u015bci\u00f3\u0142 Mariacki, Rynek Staromiejski z Ratuszem, Piernikow\u0105 Alej\u0105 Gwiazd, pomnikiem ...<\/div><div class=\"ui--blog-readmore more-link\"><a class=\"btn btn-small btn-secondary muted\" href=\"https:\/\/happybus.pl\/index.php\/2019\/05\/16\/torun-malbork-3-dni-od-390zl\/\">Czytaj wi\u0119cej...<\/a><\/div><\/div><\/div><div class=\"ui--blog-item ui--animation ui--accent-gradient-hover-parent clearfix layout--mini\"><div class=\"ui--blog-content-wrapper\"><div class=\"ui--blog-header\"><h5 class=\"ui--blog-title entry-title\"><a class=\"ui--blog-link\" href=\"https:\/\/happybus.pl\/index.php\/2019\/05\/16\/budapeszt-i-zakole-dunaju-3-dni-od-650zl\/\">Budapeszt i Zakole Dunaju | 3 dni<\/a><\/h5><\/div><div class=\"ui--blog-content\">Cel wycieczki:BUDAPESZT I ZAKOLE DUNAJU\nWycieczka: wycieczka wielodniowa\nCena : zapytaj o cen\u0119\nRamowy program:\nBudapeszt przez obie\u017cy\u015bwiat\u00f3w od niepami\u0119tnych czas\u00f3w uwa\u017cany jest za jedno z najpi\u0119kniejszych i najnowocze\u015bniejszych miast europejskich. Naddunajska stolica zwana Pary\u017cem Wschodniej Europy z pewno\u015bci\u0105 zas\u0142uguje na to miano. Miasto rozci\u0105gaj\u0105ce si\u0119 po obu stronach Dunaju to luksusowe pa\u0142ace, wspania\u0142e ...<\/div><div class=\"ui--blog-readmore more-link\"><a class=\"btn btn-small btn-secondary muted\" href=\"https:\/\/happybus.pl\/index.php\/2019\/05\/16\/budapeszt-i-zakole-dunaju-3-dni-od-650zl\/\">Czytaj wi\u0119cej...<\/a><\/div><\/div><\/div><div class=\"ui--blog-item ui--animation ui--accent-gradient-hover-parent clearfix layout--mini\"><div class=\"ui--blog-content-wrapper\"><div class=\"ui--blog-header\"><h5 class=\"ui--blog-title entry-title\"><a class=\"ui--blog-link\" href=\"https:\/\/happybus.pl\/index.php\/2019\/05\/16\/legoland-3-dni-od-690zl\/\">Legoland | 3 dni<\/a><\/h5><\/div><div class=\"ui--blog-content\">Cel wycieczki:LEGOLAND SPE\u0141NIENIE MARZE\u0143 DU\u017bYCH I MA\u0141YCH DZIECI&#8230;\nWycieczka: wycieczka wielodniowa\nCena : zapytaj o cen\u0119\nRamowy program:\n1 dzie\u0144\nWyjazd z Wroc\u0142awia o godz. 4.00. Przejazd przez Niemcy do Danii. Po drodze mo\u017cliwe zwiedzanie Poczdamu \u2013 wpisanego na list\u0119 UNESCO kompleksu parkowo \u2013 pa\u0142acowego, pe\u0142nej przepych rezydencji kr\u00f3la Prus Fryderyka II. Przyjazd w okolice ...<\/div><div class=\"ui--blog-readmore more-link\"><a class=\"btn btn-small btn-secondary muted\" href=\"https:\/\/happybus.pl\/index.php\/2019\/05\/16\/legoland-3-dni-od-690zl\/\">Czytaj wi\u0119cej...<\/a><\/div><\/div><\/div><div class=\"ui--blog-item ui--animation ui--accent-gradient-hover-parent clearfix layout--mini\"><div class=\"ui--blog-content-wrapper\"><div class=\"ui--blog-header\"><h5 class=\"ui--blog-title entry-title\"><a class=\"ui--blog-link\" href=\"https:\/\/happybus.pl\/index.php\/2019\/05\/16\/jura-gory-swietokrzyskie-3dni-od-365zl\/\">Jura-G\u00f3ry \u015awi\u0119tokrzyskie | 3dni<\/a><\/h5><\/div><div class=\"ui--blog-content\">Cel wycieczki: JURA KRAKOWSKO \u2013 CZ\u0118STOCHOWSKA &#8211; G\u00d3RY\u015aWI\u0118TOKRZYSKIE\nWycieczka: wycieczka wielodniowa\nCena : zapytaj o cen\u0119\nRamowy program:\n1.dzie\u0144\nWyjazd o godz. 7.00. Przejazd do Podzamcza \u2013 zwiedzanie zamku w Ogrodzie\u0144cu, stanowi\u0105cego najbardziej imponuj\u0105ce \u201eOrle Gniazdo\u201d, usytuowanego na najwy\u017cszym wzniesieniu Jury. Przejazd w rejon Ojcowskiego Parku Narodowego. Zwiedzanie m. inn: zamek w Pieskowej Skale &#8211; ...<\/div><div class=\"ui--blog-readmore more-link\"><a class=\"btn btn-small btn-secondary muted\" href=\"https:\/\/happybus.pl\/index.php\/2019\/05\/16\/jura-gory-swietokrzyskie-3dni-od-365zl\/\">Czytaj wi\u0119cej...<\/a><\/div><\/div><\/div><div class=\"ui--blog-item ui--animation ui--accent-gradient-hover-parent clearfix layout--mini\"><div class=\"ui--blog-content-wrapper\"><div class=\"ui--blog-header\"><h5 class=\"ui--blog-title entry-title\"><a class=\"ui--blog-link\" href=\"https:\/\/happybus.pl\/index.php\/2019\/05\/16\/jura-krakowsko-czestochowska-3-dni-od-345zl\/\">Jura Krakowsko-Cz\u0119stochowska | 3 dni<\/a><\/h5><\/div><div class=\"ui--blog-content\">Cel wycieczki: Jura Krakowsko-Cz\u0119stochowska\nWycieczka: wycieczka wielodniowa\nCena : zapytaj o cen\u0119\n1.dzie\u0144\nWyjazd o godz. 7.00. Przejazd do Cz\u0119stochowy. Zwiedzanie Klasztoru Paulin\u00f3w na Jasnej G\u00f3rze z cudownym obrazem Matki Boskiej. Przejazd do Olsztyna \u2013 jednego z miejsc na szlaku \u201eOrlich Gniazd\u201d z ruinami zamku g\u00f3ruj\u0105cymi nad miejscowo\u015bci\u0105.\nPrzejazd w rejon Ojcowskiego Parku Narodowego. Zakwaterowanie ...<\/div><div class=\"ui--blog-readmore more-link\"><a class=\"btn btn-small btn-secondary muted\" href=\"https:\/\/happybus.pl\/index.php\/2019\/05\/16\/jura-krakowsko-czestochowska-3-dni-od-345zl\/\">Czytaj wi\u0119cej...<\/a><\/div><\/div><\/div><div class=\"ui--blog-item ui--animation ui--accent-gradient-hover-parent clearfix layout--mini\"><div class=\"ui--blog-content-wrapper\"><div class=\"ui--blog-header\"><h5 class=\"ui--blog-title entry-title\"><a class=\"ui--blog-link\" href=\"https:\/\/happybus.pl\/index.php\/2019\/05\/16\/kazimierz-dolny-i-okolice-3-dni-od-435zl\/\">Kazimierz Dolny i okolice | 3 dni<\/a><\/h5><\/div><div class=\"ui--blog-content\">Cel wycieczki: Kazimierz Dolny i okolice\nWycieczka: wycieczka wielodniowa\nCena : zapytaj o cen\u0119\n1. DZIE\u0143:\nWyjazd o godzinie 6.00. Przyjazd do Kazimierza oko\u0142o godziny 12.00. Spotkanie z przewodnikiem. Zwiedzanie m.in.: rynek z XVIII wieczn\u0105 studni\u0105 stanowi\u0105c\u0105 symbol Kazimierza, ko\u015bci\u00f3\u0142 farny, XII-wieczn\u0105 baszt\u0119, renesansowe kamienice, m. in. Przyby\u0142\u00f3w i Cejlowsk\u0105, spichlerze, synagog\u0119, cmentarz \u017cydowski ...<\/div><div class=\"ui--blog-readmore more-link\"><a class=\"btn btn-small btn-secondary muted\" href=\"https:\/\/happybus.pl\/index.php\/2019\/05\/16\/kazimierz-dolny-i-okolice-3-dni-od-435zl\/\">Czytaj wi\u0119cej...<\/a><\/div><\/div><\/div><div class=\"ui--blog-item ui--animation ui--accent-gradient-hover-parent clearfix layout--mini\"><div class=\"ui--blog-content-wrapper\"><div class=\"ui--blog-header\"><h5 class=\"ui--blog-title entry-title\"><a class=\"ui--blog-link\" href=\"https:\/\/happybus.pl\/index.php\/2019\/05\/16\/krakow-ojcow-wieliczka-3dni-od-330zl\/\">Krak\u00f3w-Ojc\u00f3w-Wieliczka | 3dni<\/a><\/h5><\/div><div class=\"ui--blog-content\">Cel wycieczki: Krak\u00f3w-Ojc\u00f3w-Wieliczka\nWycieczka: wycieczka wielodniowa\nCena : zapytaj o cen\u0119\nRamowy program:\n1.dzie\u0144\nWyjazd o godz. 7.00. Przejazd w rejon Ojcowskiego Parku Narodowego. Zwiedzanie m. inn: zamek w Pieskowej Skale &#8211; b\u0119d\u0105cy wa\u017cnym ogniwem w \u0142a\u0144cuchu fortyfikacyjnym na Szlaku Orlich Gniazd, Grota \u0141okietka \u2013 najwi\u0119ksza ( d\u0142ugo\u015b\u0107 320m) jaskinia na terenie Parku, sk\u0142adaj\u0105ca si\u0119 ...<\/div><div class=\"ui--blog-readmore more-link\"><a class=\"btn btn-small btn-secondary muted\" href=\"https:\/\/happybus.pl\/index.php\/2019\/05\/16\/krakow-ojcow-wieliczka-3dni-od-330zl\/\">Czytaj wi\u0119cej...<\/a><\/div><\/div><\/div><div class=\"ui--blog-item ui--animation ui--accent-gradient-hover-parent clearfix layout--mini last-item\"><div class=\"ui--blog-content-wrapper\"><div class=\"ui--blog-header\"><h5 class=\"ui--blog-title entry-title\"><a class=\"ui--blog-link\" href=\"https:\/\/happybus.pl\/index.php\/2019\/05\/16\/pieniny-3dni-od-360zl\/\">Pieniny | 3dni<\/a><\/h5><\/div><div class=\"ui--blog-content\">Cel wycieczki: PIENINY\nWycieczka: wycieczka wielodniowa\nCena : zapytaj o cen\u0119\nSpisz, Orawa i Podhale \u2013 to trzy krainy historyczno &#8211; geograficzne,okre\u015blane wsp\u00f3lnie Podtatrzem, tworz\u0105ce rozleg\u0142\u0105 kotlin\u0119 pomi\u0119dzy Tatrami, Gorcami, Pieninami i Babi\u0105 G\u00f3r\u0105, gdzie niemal ka\u017cda wioska chlubi si\u0119 bogat\u0105 histori\u0105 i cennym zabytkiem. To wci\u0105\u017c nieodkryty jeszcze turystycznie region, gdzie mo\u017cna ...<\/div><div class=\"ui--blog-readmore more-link\"><a class=\"btn btn-small btn-secondary muted\" href=\"https:\/\/happybus.pl\/index.php\/2019\/05\/16\/pieniny-3dni-od-360zl\/\">Czytaj wi\u0119cej...<\/a><\/div><\/div><\/div><\/div>","protected":false},"excerpt":{"rendered":"<p>PRAGA-KUTNA HORA | 3 dniCel wycieczki:PRAGA-KUTNA HORA Wycieczka: wycieczka wielodniowa Cena : zapytaj o cen\u0119 Ramowy program 1 DZIE\u0143 Wyjazd ok. godz. 7.00 Ok. godz. 9.30 przejazd przez granic\u0119 w Kudowie S\u0142onym. W godzinach przedpo\u0142udniowych przyjazd do Kutnej Hory- jednego z najbogatszych niegdy\u015b miast w Czechach, znajduj\u0105cego si\u0119 na li\u015bcie dziedzictwa kulturalnego UNESCO. Zwiedzania miasta, m.in. ko\u015bci\u00f3\u0142 cmentarny z ossarium, &#8230;Czytaj wi\u0119cej&#8230;WIELKOPOLSKA | 3 dniCel wycieczki:KOLEBKA PA\u0143STWA POLSKIEGO Ostr\u00f3w Lednicki- Gniezno- Biskupin- Wenecja -\u017bnin &#8211; [&hellip;]<\/p>\n","protected":false},"author":1,"featured_media":0,"parent":0,"menu_order":0,"comment_status":"closed","ping_status":"closed","template":"page-sidebar-left.php","meta":{"footnotes":""},"yoast_head":"<!-- This site is optimized with the Yoast SEO plugin v21.7 - https:\/\/yoast.com\/wordpress\/plugins\/seo\/ -->\n<title>WYCIECZKI WIELODNIOWE - HAPPY BUS - OLE\u015aNICA<\/title>\n<meta name=\"robots\" content=\"index, follow, max-snippet:-1, max-image-preview:large, max-video-preview:-1\" \/>\n<link rel=\"canonical\" href=\"https:\/\/happybus.pl\/index.php\/wycieczki-wielodniowe\/\" \/>\n<meta property=\"og:locale\" content=\"pl_PL\" \/>\n<meta property=\"og:type\" content=\"article\" \/>\n<meta property=\"og:title\" content=\"WYCIECZKI WIELODNIOWE - HAPPY BUS - OLE\u015aNICA\" \/>\n<meta property=\"og:description\" content=\"PRAGA-KUTNA HORA | 3 dniCel wycieczki:PRAGA-KUTNA HORA Wycieczka: wycieczka wielodniowa Cena : zapytaj o cen\u0119 Ramowy program 1 DZIE\u0143 Wyjazd ok. godz. 7.00 Ok. godz. 9.30 przejazd przez granic\u0119 w Kudowie S\u0142onym. W godzinach przedpo\u0142udniowych przyjazd do Kutnej Hory- jednego z najbogatszych niegdy\u015b miast w Czechach, znajduj\u0105cego si\u0119 na li\u015bcie dziedzictwa kulturalnego UNESCO. Zwiedzania miasta, m.in. ko\u015bci\u00f3\u0142 cmentarny z ossarium, ...Czytaj wi\u0119cej...WIELKOPOLSKA | 3 dniCel wycieczki:KOLEBKA PA\u0143STWA POLSKIEGO Ostr\u00f3w Lednicki- Gniezno- Biskupin- Wenecja -\u017bnin &#8211; [&hellip;]\" \/>\n<meta property=\"og:url\" content=\"https:\/\/happybus.pl\/index.php\/wycieczki-wielodniowe\/\" \/>\n<meta property=\"og:site_name\" content=\"HAPPY BUS - OLE\u015aNICA\" \/>\n<meta property=\"article:modified_time\" content=\"2019-05-16T20:53:46+00:00\" \/>\n<meta name=\"twitter:card\" content=\"summary_large_image\" \/>\n<script type=\"application\/ld+json\" class=\"yoast-schema-graph\">{\"@context\":\"https:\/\/schema.org\",\"@graph\":[{\"@type\":\"WebPage\",\"@id\":\"https:\/\/happybus.pl\/index.php\/wycieczki-wielodniowe\/\",\"url\":\"https:\/\/happybus.pl\/index.php\/wycieczki-wielodniowe\/\",\"name\":\"WYCIECZKI WIELODNIOWE - HAPPY BUS - OLE\u015aNICA\",\"isPartOf\":{\"@id\":\"https:\/\/happybus.pl\/#website\"},\"datePublished\":\"2019-04-23T18:37:14+00:00\",\"dateModified\":\"2019-05-16T20:53:46+00:00\",\"breadcrumb\":{\"@id\":\"https:\/\/happybus.pl\/index.php\/wycieczki-wielodniowe\/#breadcrumb\"},\"inLanguage\":\"pl-PL\",\"potentialAction\":[{\"@type\":\"ReadAction\",\"target\":[\"https:\/\/happybus.pl\/index.php\/wycieczki-wielodniowe\/\"]}]},{\"@type\":\"BreadcrumbList\",\"@id\":\"https:\/\/happybus.pl\/index.php\/wycieczki-wielodniowe\/#breadcrumb\",\"itemListElement\":[{\"@type\":\"ListItem\",\"position\":1,\"name\":\"Strona g\u0142\u00f3wna\",\"item\":\"https:\/\/happybus.pl\/\"},{\"@type\":\"ListItem\",\"position\":2,\"name\":\"WYCIECZKI WIELODNIOWE\"}]},{\"@type\":\"WebSite\",\"@id\":\"https:\/\/happybus.pl\/#website\",\"url\":\"https:\/\/happybus.pl\/\",\"name\":\"HAPPY BUS - OLE\u015aNICA\",\"description\":\"Wycieczki Krajowe i Zgarniczne\",\"potentialAction\":[{\"@type\":\"SearchAction\",\"target\":{\"@type\":\"EntryPoint\",\"urlTemplate\":\"https:\/\/happybus.pl\/?s={search_term_string}\"},\"query-input\":\"required name=search_term_string\"}],\"inLanguage\":\"pl-PL\"}]}<\/script>\n<!-- \/ Yoast SEO plugin. -->","yoast_head_json":{"title":"WYCIECZKI WIELODNIOWE - HAPPY BUS - OLE\u015aNICA","robots":{"index":"index","follow":"follow","max-snippet":"max-snippet:-1","max-image-preview":"max-image-preview:large","max-video-preview":"max-video-preview:-1"},"canonical":"https:\/\/happybus.pl\/index.php\/wycieczki-wielodniowe\/","og_locale":"pl_PL","og_type":"article","og_title":"WYCIECZKI WIELODNIOWE - HAPPY BUS - OLE\u015aNICA","og_description":"PRAGA-KUTNA HORA | 3 dniCel wycieczki:PRAGA-KUTNA HORA Wycieczka: wycieczka wielodniowa Cena : zapytaj o cen\u0119 Ramowy program 1 DZIE\u0143 Wyjazd ok. godz. 7.00 Ok. godz. 9.30 przejazd przez granic\u0119 w Kudowie S\u0142onym. W godzinach przedpo\u0142udniowych przyjazd do Kutnej Hory- jednego z najbogatszych niegdy\u015b miast w Czechach, znajduj\u0105cego si\u0119 na li\u015bcie dziedzictwa kulturalnego UNESCO. Zwiedzania miasta, m.in. ko\u015bci\u00f3\u0142 cmentarny z ossarium, ...Czytaj wi\u0119cej...WIELKOPOLSKA | 3 dniCel wycieczki:KOLEBKA PA\u0143STWA POLSKIEGO Ostr\u00f3w Lednicki- Gniezno- Biskupin- Wenecja -\u017bnin &#8211; [&hellip;]","og_url":"https:\/\/happybus.pl\/index.php\/wycieczki-wielodniowe\/","og_site_name":"HAPPY BUS - OLE\u015aNICA","article_modified_time":"2019-05-16T20:53:46+00:00","twitter_card":"summary_large_image","schema":{"@context":"https:\/\/schema.org","@graph":[{"@type":"WebPage","@id":"https:\/\/happybus.pl\/index.php\/wycieczki-wielodniowe\/","url":"https:\/\/happybus.pl\/index.php\/wycieczki-wielodniowe\/","name":"WYCIECZKI WIELODNIOWE - HAPPY BUS - OLE\u015aNICA","isPartOf":{"@id":"https:\/\/happybus.pl\/#website"},"datePublished":"2019-04-23T18:37:14+00:00","dateModified":"2019-05-16T20:53:46+00:00","breadcrumb":{"@id":"https:\/\/happybus.pl\/index.php\/wycieczki-wielodniowe\/#breadcrumb"},"inLanguage":"pl-PL","potentialAction":[{"@type":"ReadAction","target":["https:\/\/happybus.pl\/index.php\/wycieczki-wielodniowe\/"]}]},{"@type":"BreadcrumbList","@id":"https:\/\/happybus.pl\/index.php\/wycieczki-wielodniowe\/#breadcrumb","itemListElement":[{"@type":"ListItem","position":1,"name":"Strona g\u0142\u00f3wna","item":"https:\/\/happybus.pl\/"},{"@type":"ListItem","position":2,"name":"WYCIECZKI WIELODNIOWE"}]},{"@type":"WebSite","@id":"https:\/\/happybus.pl\/#website","url":"https:\/\/happybus.pl\/","name":"HAPPY BUS - OLE\u015aNICA","description":"Wycieczki Krajowe i Zgarniczne","potentialAction":[{"@type":"SearchAction","target":{"@type":"EntryPoint","urlTemplate":"https:\/\/happybus.pl\/?s={search_term_string}"},"query-input":"required name=search_term_string"}],"inLanguage":"pl-PL"}]}},"_links":{"self":[{"href":"https:\/\/happybus.pl\/index.php\/wp-json\/wp\/v2\/pages\/265"}],"collection":[{"href":"https:\/\/happybus.pl\/index.php\/wp-json\/wp\/v2\/pages"}],"about":[{"href":"https:\/\/happybus.pl\/index.php\/wp-json\/wp\/v2\/types\/page"}],"author":[{"embeddable":true,"href":"https:\/\/happybus.pl\/index.php\/wp-json\/wp\/v2\/users\/1"}],"replies":[{"embeddable":true,"href":"https:\/\/happybus.pl\/index.php\/wp-json\/wp\/v2\/comments?post=265"}],"version-history":[{"count":1,"href":"https:\/\/happybus.pl\/index.php\/wp-json\/wp\/v2\/pages\/265\/revisions"}],"predecessor-version":[{"id":267,"href":"https:\/\/happybus.pl\/index.php\/wp-json\/wp\/v2\/pages\/265\/revisions\/267"}],"wp:attachment":[{"href":"https:\/\/happybus.pl\/index.php\/wp-json\/wp\/v2\/media?parent=265"}],"curies":[{"name":"wp","href":"https:\/\/api.w.org\/{rel}","templated":true}]}}