{"id":263,"date":"2019-04-23T20:37:16","date_gmt":"2019-04-23T18:37:16","guid":{"rendered":"http:\/\/happybus.pl\/?page_id=263"},"modified":"2019-04-23T20:53:40","modified_gmt":"2019-04-23T18:53:40","slug":"wycieczki-szkolne-jednodniowe","status":"publish","type":"page","link":"https:\/\/happybus.pl\/index.php\/wycieczki-szkolne-jednodniowe\/","title":{"rendered":"WYCIECZKI SZKOLNE JEDNODNIOWE"},"content":{"rendered":"<div id=\"blog-1\" class=\"ui--blog ui--blog-wrapper ui--pass\" data-layout=\"mini\" data-columns=\"1\"><div class=\"ui--blog-item ui--animation ui--accent-gradient-hover-parent clearfix layout--mini\"><div class=\"ui--blog-content-wrapper\"><div class=\"ui--blog-header\"><h5 class=\"ui--blog-title entry-title\"><a class=\"ui--blog-link\" href=\"https:\/\/happybus.pl\/index.php\/2019\/10\/01\/wielkopolska-1-dzien-cena-od-80zl\/\">WIELKOPOLSKA 1 dzie\u0144<\/a><\/h5><\/div><div class=\"ui--blog-content\">KOLEBKA PA\u0143STWA POLSKIEGO\nOstr\u00f3w Lednicki &#8211; Gniezno &#8211; Wenecja &#8211; Biskupin\nWycieczka: Jednodniowa\nCena: zapytaj o cen\u0119\nTermin: wiosna &#8211; jesie\u0144\nRamowy program:\nWyjazd o godz.6.00. Przejazd do Ostrowa Lednickiego \u2013 zwanego \u201e wczesnopiastowskim Wawelem\u201d, historycznego miejsca le\u017c\u0105cego na wyspie w centrum plemienia Polan, w kt\u00f3rym toczy si\u0119 akcja powie\u015bci \u201eStara ba\u015b\u0144\u201d. Zwiedzanie Muzeum Pierwszych Piast\u00f3w.\nPrzejazd ...<\/div><div class=\"ui--blog-readmore more-link\"><a class=\"btn btn-small btn-secondary muted\" href=\"https:\/\/happybus.pl\/index.php\/2019\/10\/01\/wielkopolska-1-dzien-cena-od-80zl\/\">Czytaj wi\u0119cej...<\/a><\/div><\/div><\/div><div class=\"ui--blog-item ui--animation ui--accent-gradient-hover-parent clearfix layout--mini\"><div class=\"ui--blog-content-wrapper\"><div class=\"ui--blog-header\"><h5 class=\"ui--blog-title entry-title\"><a class=\"ui--blog-link\" href=\"https:\/\/happybus.pl\/index.php\/2019\/04\/23\/drezno\/\">Drezno 1 dzie\u0144<\/a><\/h5><\/div><div class=\"ui--blog-content\">Cel wycieczki: DREZNO\nWycieczka: wycieczka jednodniowa\nCena : zapytaj o cen\u0119\nRamowy program:\nWyjazd o godz. 6.00.00. Przejazd do Bautzen- .historycznej stolicy G\u00f3rnych \u0141u\u017cyc i centrum kulturalnego \u0141u\u017cyczan. Spacer po niepowtarzalnym, ze wzgl\u0119du na wielorako\u015b\u0107 urok\u00f3w, mie\u015bcie. Przyjazd do Drezna w godzinach przedpo\u0142udniowych. Spacer po Star\u00f3wce, podczas kt\u00f3rego zapoznamy si\u0119 ze wspania\u0142ymi zabytkami i ...<\/div><div class=\"ui--blog-readmore more-link\"><a class=\"btn btn-small btn-secondary muted\" href=\"https:\/\/happybus.pl\/index.php\/2019\/04\/23\/drezno\/\">Czytaj wi\u0119cej...<\/a><\/div><\/div><\/div><div class=\"ui--blog-item ui--animation ui--accent-gradient-hover-parent clearfix layout--mini\"><div class=\"ui--blog-content-wrapper\"><div class=\"ui--blog-header\"><h5 class=\"ui--blog-title entry-title\"><a class=\"ui--blog-link\" href=\"https:\/\/happybus.pl\/index.php\/2019\/04\/23\/spotkanie-z-dinozaurami-jurapark-krasiejow\/\">SPOTKANIE Z DINOZAURAMI \u2013 JuraPark KRASIEJ\u00d3W<\/a><\/h5><\/div><div class=\"ui--blog-content\">Cel wycieczki: SPOTKANIE Z DINOZAURAMI \u2013 JuraPark KRASIEJ\u00d3W\nWycieczka: wycieczka jednodniowa\nCena : zapytaj o cen\u0119\nProgram wycieczki:\nWyjazd o godz. 8.30. Przejazd do Krasiejowa. Pobyt w JuraParku \u2013 zwiedzanie krainy zamieszka\u0142ej przez dinozaury \u2013 podr\u00f3\u017c tunelem czasu, w kt\u00f3rym na oczach uczestnik\u00f3w wycieczki rodzi si\u0119 Ziemia, powstaj\u0105 pierwsze galaktyki i Uk\u0142ad S\u0142oneczny. Spacer ...<\/div><div class=\"ui--blog-readmore more-link\"><a class=\"btn btn-small btn-secondary muted\" href=\"https:\/\/happybus.pl\/index.php\/2019\/04\/23\/spotkanie-z-dinozaurami-jurapark-krasiejow\/\">Czytaj wi\u0119cej...<\/a><\/div><\/div><\/div><div class=\"ui--blog-item ui--animation ui--accent-gradient-hover-parent clearfix layout--mini\"><div class=\"ui--blog-content-wrapper\"><div class=\"ui--blog-header\"><h5 class=\"ui--blog-title entry-title\"><a class=\"ui--blog-link\" href=\"https:\/\/happybus.pl\/index.php\/2019\/04\/23\/kowary-park-miniatur-i-sztolnie\/\">KOWARY \u2013 Park Miniatur i Sztolnie<\/a><\/h5><\/div><div class=\"ui--blog-content\">Cel wycieczki: KOWARY \u2013 Park Miniatur i Sztolnie\nWycieczka: wycieczka jednodniowa\nCena : zapytaj o cen\u0119\nRamowy program:\nWyjazd godz. 8.00. Przejazd do Kowar. Zwiedzanie Parku Miniatur \u2013 najwa\u017cniejszych zabytk\u00f3w Dolnego \u015al\u0105ska zgromadzonych w jednym miejscu. Nast\u0119pnie zwiedzanie sztolni w Kowarach \u2013 niezwyk\u0142a, multimedialna podr\u00f3\u017c w czasie i przestrzeni, podczas kt\u00f3rej zaopatrzeni w map\u0119 ...<\/div><div class=\"ui--blog-readmore more-link\"><a class=\"btn btn-small btn-secondary muted\" href=\"https:\/\/happybus.pl\/index.php\/2019\/04\/23\/kowary-park-miniatur-i-sztolnie\/\">Czytaj wi\u0119cej...<\/a><\/div><\/div><\/div><div class=\"ui--blog-item ui--animation ui--accent-gradient-hover-parent clearfix layout--mini\"><div class=\"ui--blog-content-wrapper\"><div class=\"ui--blog-header\"><h5 class=\"ui--blog-title entry-title\"><a class=\"ui--blog-link\" href=\"https:\/\/happybus.pl\/index.php\/2019\/04\/23\/zloty-stok-miedzygorze-2\/\">Z\u0141OTY STOK \u2013 MI\u0118DZYG\u00d3RZE<\/a><\/h5><\/div><div class=\"ui--blog-content\">Cel wycieczki: Z\u0141OTY STOK \u2013 MI\u0118DZYG\u00d3RZE\nWycieczka: wycieczka jednodniowa\nCena : zapytaj o cen\u0119\nRamowy program:\nWyjazd o godz. 8.00. Przejazd do Z\u0142otego Stoku. Zwiedzanie zabytkowej Kopalni Z\u0142ota \u2013 w tym owiana legend\u0105 \u201eSztolnia Gertruda\u201d, emocjonuj\u0105ce spotkanie z Gnomem w Chodniku \u015amierci i \u201eSztolni Czarnej\u201d oraz dodatkowe atrakcje jak : podziemny sp\u0142yw zalanym chodnikiem ...<\/div><div class=\"ui--blog-readmore more-link\"><a class=\"btn btn-small btn-secondary muted\" href=\"https:\/\/happybus.pl\/index.php\/2019\/04\/23\/zloty-stok-miedzygorze-2\/\">Czytaj wi\u0119cej...<\/a><\/div><\/div><\/div><div class=\"ui--blog-item ui--animation ui--accent-gradient-hover-parent clearfix layout--mini\"><div class=\"ui--blog-content-wrapper\"><div class=\"ui--blog-header\"><h5 class=\"ui--blog-title entry-title\"><a class=\"ui--blog-link\" href=\"https:\/\/happybus.pl\/index.php\/2019\/04\/23\/zloty-stok-miedzygorze\/\">Z\u0141OTY STOK \u2013 MI\u0118DZYG\u00d3RZE<\/a><\/h5><\/div><div class=\"ui--blog-content\">Cel wycieczki: Z\u0141OTY STOK \u2013 MI\u0118DZYG\u00d3RZE\nWycieczka: wycieczka jednodniowa z animatorem\nCena : zapytaj o cen\u0119\nRamowy program:\nWyjazd o godz. 8.00. Przejazd do Z\u0142otego Stoku. Zwiedzanie zabytkowej Kopalni Z\u0142ota \u2013 w tym owiana legend\u0105 \u201eSztolnia Gertruda\u201d, emocjonuj\u0105ce spotkanie z Gnomem w Chodniku \u015amierci i \u201eSztolni Czarnej\u201d oraz dodatkowe atrakcje jak : podziemny sp\u0142yw ...<\/div><div class=\"ui--blog-readmore more-link\"><a class=\"btn btn-small btn-secondary muted\" href=\"https:\/\/happybus.pl\/index.php\/2019\/04\/23\/zloty-stok-miedzygorze\/\">Czytaj wi\u0119cej...<\/a><\/div><\/div><\/div><div class=\"ui--blog-item ui--animation ui--accent-gradient-hover-parent clearfix layout--mini\"><div class=\"ui--blog-content-wrapper\"><div class=\"ui--blog-header\"><h5 class=\"ui--blog-title entry-title\"><a class=\"ui--blog-link\" href=\"https:\/\/happybus.pl\/index.php\/2019\/04\/23\/tropikalna-wyspa-1-dzien-od-95zl\/\">Tropikalna Wyspa 1 dzie\u0144<\/a><\/h5><\/div><div class=\"ui--blog-content\">Cel wycieczki: NOWA RUDA &#8211; SREBRNA G\u00d3RA\nWycieczka: wycieczka jednodniowa\nCena :zapytaj o cen\u0119\nZapraszamy w podr\u00f3\u017c do najwi\u0119kszej w Europie tropikalnej krainy wypoczynku. Na obszarze 66.000 mkw w krytej hali roztacza si tropikalny raj. Spo\u015br\u00f3d licznych atrakcji czekaj\u0105 tiu na Pa\u0144stwa m.in.: Laguna Bali z grot\u0105 i wodospadem, ogromne Morze Po\u0142udniowe z ...<\/div><div class=\"ui--blog-readmore more-link\"><a class=\"btn btn-small btn-secondary muted\" href=\"https:\/\/happybus.pl\/index.php\/2019\/04\/23\/tropikalna-wyspa-1-dzien-od-95zl\/\">Czytaj wi\u0119cej...<\/a><\/div><\/div><\/div><div class=\"ui--blog-item ui--animation ui--accent-gradient-hover-parent clearfix layout--mini\"><div class=\"ui--blog-content-wrapper\"><div class=\"ui--blog-header\"><h5 class=\"ui--blog-title entry-title\"><a class=\"ui--blog-link\" href=\"https:\/\/happybus.pl\/index.php\/2019\/04\/23\/jarmark-swiateczny-w-wiedniu\/\">JARMARK \u015aWI\u0104TECZNY W WIEDNIU<\/a><\/h5><\/div><div class=\"ui--blog-content\">Cel wycieczki: NOWA RUDA &#8211; SREBRNA G\u00d3RA\nWycieczka: program specjalny z gr\u0105 terenow\u0105 | wycieczka jednodniowa\nCena : zapytaj o cen\u0119\nTermin: Listopad \/ Grudzie\u0144\nWiede\u0144 \u2013 majestatyczna, urzekaj\u0105ca i pe\u0142na przepychu dawna stolica cesarstwa Habsburg\u00f3w w okresie adwentu b\u0142yszczy tysi\u0105cami \u015bwiate\u0142 i kusi jarmarkami. Wsz\u0119dzie pachnie grzane wino i pieczone kasztany, a czas ...<\/div><div class=\"ui--blog-readmore more-link\"><a class=\"btn btn-small btn-secondary muted\" href=\"https:\/\/happybus.pl\/index.php\/2019\/04\/23\/jarmark-swiateczny-w-wiedniu\/\">Czytaj wi\u0119cej...<\/a><\/div><\/div><\/div><div class=\"ui--blog-item ui--animation ui--accent-gradient-hover-parent clearfix layout--mini\"><div class=\"ui--blog-content-wrapper\"><div class=\"ui--blog-header\"><h5 class=\"ui--blog-title entry-title\"><a class=\"ui--blog-link\" href=\"https:\/\/happybus.pl\/index.php\/2019\/04\/23\/nowa-ruda-srebrna-gora\/\">NOWA RUDA &#8211; SREBRNA G\u00d3RA<\/a><\/h5><\/div><div class=\"ui--blog-content\">Cel wycieczki: NOWA RUDA &#8211; SREBRNA G\u00d3RA\nWycieczka: program specjalny z gr\u0105 terenow\u0105 | wycieczka jednodniowa\nCena : zapytaj o cen\u0119\nRamowy program:\n\nWyjazd o godzinie 7.30. Przejazd do Nowej Rudy. Zwiedzanie Kopalni W\u0119gla po\u0142\u0105czone z zabaw\u0105 w Agenta &#8211; podczas pobytu pod ziemi\u0105 trzeba znale\u017a\u0107, za pomoc\u0105 mapy koperty z zadaniami i wykona\u0107 ...<\/div><div class=\"ui--blog-readmore more-link\"><a class=\"btn btn-small btn-secondary muted\" href=\"https:\/\/happybus.pl\/index.php\/2019\/04\/23\/nowa-ruda-srebrna-gora\/\">Czytaj wi\u0119cej...<\/a><\/div><\/div><\/div><div class=\"ui--blog-item ui--animation ui--accent-gradient-hover-parent clearfix layout--mini\"><div class=\"ui--blog-content-wrapper\"><div class=\"ui--blog-header\"><h5 class=\"ui--blog-title entry-title\"><a class=\"ui--blog-link\" href=\"https:\/\/happybus.pl\/index.php\/2019\/04\/23\/zabkowice-slaskie-srebrna-gora-od-95zl\/\">Z\u0105bkowice \u015al\u0105skie-Srebrna G\u00f3ra<\/a><\/h5><\/div><div class=\"ui--blog-content\">Cel wycieczki: Z\u0104BKOWICE \u015aL\u0104SKIE \u2013 SREBRNA G\u00d3RA &#8211; z gr\u0105 terenow\u0105 i ogniskiem\nWycieczka: Jednodniowa\nCena : zapytaj o cen\u0119\nRamowy program:\nWyjazd o godzinie 7.30. Przejazd do Z\u0105bkowic \u015al\u0105skich &#8211; \u201emiasta Frankenteina\u201d- kr\u00f3tkie zwiedzanie m.in.: Rynek z Ratuszem, ruiny zamku, Krzywa Wie\u017ca oraz dom rycerza Kauffunga \u2013 obecnie Izba Pami\u0105tek Regionalnych z tajemniczym ...<\/div><div class=\"ui--blog-readmore more-link\"><a class=\"btn btn-small btn-secondary muted\" href=\"https:\/\/happybus.pl\/index.php\/2019\/04\/23\/zabkowice-slaskie-srebrna-gora-od-95zl\/\">Czytaj wi\u0119cej...<\/a><\/div><\/div><\/div><div class=\"ui--blog-item ui--animation ui--accent-gradient-hover-parent clearfix layout--mini\"><div class=\"ui--blog-content-wrapper\"><div class=\"ui--blog-header\"><h5 class=\"ui--blog-title entry-title\"><a class=\"ui--blog-link\" href=\"https:\/\/happybus.pl\/index.php\/2019\/04\/23\/kudowa-szlak-ginacych-zawodow-od-98zl\/\">Kudowa-Szlak Gin\u0105cych Zawod\u00f3w<\/a><\/h5><\/div><div class=\"ui--blog-content\">Cel wycieczki: KUDOWA Szlak Gin\u0105cych Zawod\u00f3w \u2013 Skansen w Pstr\u0105\u017cnej \u2013 Kaplica Czaszek\nWycieczka: Jednodniowa\nCena : zapytaj o cen\u0119\nRamowy program:\nWyjazd o godz. 8.00. Przejazd w okolice Kudowy Zdroju. Wizyta w wyj\u0105tkowym gospodarstwie \u2013 Szlaku Gin\u0105cych Zawod\u00f3w \u2013 sk\u0142adaj\u0105cym si\u0119 z pracowni garncarskiej, ku\u017ani, chaty rob\u00f3tek r\u0119cznych i domu chleba. Smakowi wiejskiego ...<\/div><div class=\"ui--blog-readmore more-link\"><a class=\"btn btn-small btn-secondary muted\" href=\"https:\/\/happybus.pl\/index.php\/2019\/04\/23\/kudowa-szlak-ginacych-zawodow-od-98zl\/\">Czytaj wi\u0119cej...<\/a><\/div><\/div><\/div><div class=\"ui--blog-item ui--animation ui--accent-gradient-hover-parent clearfix layout--mini\"><div class=\"ui--blog-content-wrapper\"><div class=\"ui--blog-header\"><h5 class=\"ui--blog-title entry-title\"><a class=\"ui--blog-link\" href=\"https:\/\/happybus.pl\/index.php\/2019\/04\/23\/zabkowice-slaskie-klodzko-minieuroland\/\">Z\u0104BKOWICE \u015aL\u0104SKIE &#8211; K\u0141ODZKO \u2013 Minieuroland<\/a><\/h5><\/div><div class=\"ui--blog-content\">Cel wycieczki: Z\u0104BKOWICE \u015aL\u0104SKIE -K\u0141ODZKO \u2013 Minieuroland\nWycieczka: Jednodniowa\nCena : zapytaj o cen\u0119\nRamowy program:\nWyjazd o godzinie 7.30. Przejazd do Z\u0105bkowic \u015al\u0105skich &#8211; \u201emiasta Frankenteina\u201d- kr\u00f3tkie zwiedzanie m.in.: Rynek z Ratuszem, ruiny zamku, Krzywa Wie\u017ca oraz dom rycerza Kauffunga \u2013 obecnie Izba Pami\u0105tek Regionalnych z tajemniczym laboratorium doktora Frankensteina.\nNast\u0119pnie przejazd do K\u0142odzka ...<\/div><div class=\"ui--blog-readmore more-link\"><a class=\"btn btn-small btn-secondary muted\" href=\"https:\/\/happybus.pl\/index.php\/2019\/04\/23\/zabkowice-slaskie-klodzko-minieuroland\/\">Czytaj wi\u0119cej...<\/a><\/div><\/div><\/div><div class=\"ui--blog-item ui--animation ui--accent-gradient-hover-parent clearfix layout--mini last-item\"><div class=\"ui--blog-content-wrapper\"><div class=\"ui--blog-header\"><h5 class=\"ui--blog-title entry-title\"><a class=\"ui--blog-link\" href=\"https:\/\/happybus.pl\/index.php\/2019\/04\/23\/kudowa-bledne-skaly-wambierzyce-od-75zl\/\">Kudowa- B\u0142\u0119dne Ska\u0142y- Wambierzyce<\/a><\/h5><\/div><div class=\"ui--blog-content\">Cel wycieczki: WAMBIERZYCE-B\u0141\u0118DNE SKA\u0141Y -KUDOWA ZDR\u00d3J\nWycieczka: Jednodniowa\nCena : zapytaj o cen\u0119\nRamowy program\nWyjazd o godz.8.00. Przejazd do Wambierzyc \u2013 miejscowo\u015bci o osiemsetletniej historii, zwanej \u201e\u015bl\u0105sk\u0105 Jerozolim\u0105\u201d. Zwiedzanie:  Bazylika pw. Nawiedzenia NMP wyr\u00f3\u017cniaj\u0105ca si\u0119 bogatym wn\u0119trzem i okaza\u0142\u0105 fasad\u0105, u szczytu monumentalnych schod\u00f3w, iluminowan\u0105 od pocz\u0105tku XX w. przez 1390 \u017car\u00f3wek; ...<\/div><div class=\"ui--blog-readmore more-link\"><a class=\"btn btn-small btn-secondary muted\" href=\"https:\/\/happybus.pl\/index.php\/2019\/04\/23\/kudowa-bledne-skaly-wambierzyce-od-75zl\/\">Czytaj wi\u0119cej...<\/a><\/div><\/div><\/div><\/div>","protected":false},"excerpt":{"rendered":"<p>WIELKOPOLSKA 1 dzie\u0144KOLEBKA PA\u0143STWA POLSKIEGO Ostr\u00f3w Lednicki &#8211; Gniezno &#8211; Wenecja &#8211; Biskupin Wycieczka: Jednodniowa Cena: zapytaj o cen\u0119 Termin: wiosna &#8211; jesie\u0144 Ramowy program: Wyjazd o godz.6.00. Przejazd do Ostrowa Lednickiego \u2013 zwanego \u201e wczesnopiastowskim Wawelem\u201d, historycznego miejsca le\u017c\u0105cego na wyspie w centrum plemienia Polan, w kt\u00f3rym toczy si\u0119 akcja powie\u015bci \u201eStara ba\u015b\u0144\u201d. Zwiedzanie Muzeum Pierwszych Piast\u00f3w. Przejazd &#8230;Czytaj wi\u0119cej&#8230;Drezno 1 dzie\u0144Cel wycieczki: DREZNO Wycieczka: wycieczka jednodniowa Cena : zapytaj o cen\u0119 Ramowy program: [&hellip;]<\/p>\n","protected":false},"author":1,"featured_media":0,"parent":0,"menu_order":0,"comment_status":"closed","ping_status":"closed","template":"page-sidebar-left.php","meta":{"footnotes":""},"yoast_head":"<!-- This site is optimized with the Yoast SEO plugin v21.7 - https:\/\/yoast.com\/wordpress\/plugins\/seo\/ -->\n<title>WYCIECZKI SZKOLNE JEDNODNIOWE - HAPPY BUS - OLE\u015aNICA<\/title>\n<meta name=\"robots\" content=\"index, follow, max-snippet:-1, max-image-preview:large, max-video-preview:-1\" \/>\n<link rel=\"canonical\" href=\"https:\/\/happybus.pl\/index.php\/wycieczki-szkolne-jednodniowe\/\" \/>\n<meta property=\"og:locale\" content=\"pl_PL\" \/>\n<meta property=\"og:type\" content=\"article\" \/>\n<meta property=\"og:title\" content=\"WYCIECZKI SZKOLNE JEDNODNIOWE - HAPPY BUS - OLE\u015aNICA\" \/>\n<meta property=\"og:description\" content=\"WIELKOPOLSKA 1 dzie\u0144KOLEBKA PA\u0143STWA POLSKIEGO Ostr\u00f3w Lednicki &#8211; Gniezno &#8211; Wenecja &#8211; Biskupin Wycieczka: Jednodniowa Cena: zapytaj o cen\u0119 Termin: wiosna &#8211; jesie\u0144 Ramowy program: Wyjazd o godz.6.00. Przejazd do Ostrowa Lednickiego \u2013 zwanego \u201e wczesnopiastowskim Wawelem\u201d, historycznego miejsca le\u017c\u0105cego na wyspie w centrum plemienia Polan, w kt\u00f3rym toczy si\u0119 akcja powie\u015bci \u201eStara ba\u015b\u0144\u201d. Zwiedzanie Muzeum Pierwszych Piast\u00f3w. Przejazd ...Czytaj wi\u0119cej...Drezno 1 dzie\u0144Cel wycieczki: DREZNO Wycieczka: wycieczka jednodniowa Cena : zapytaj o cen\u0119 Ramowy program: [&hellip;]\" \/>\n<meta property=\"og:url\" content=\"https:\/\/happybus.pl\/index.php\/wycieczki-szkolne-jednodniowe\/\" \/>\n<meta property=\"og:site_name\" content=\"HAPPY BUS - OLE\u015aNICA\" \/>\n<meta property=\"article:modified_time\" content=\"2019-04-23T18:53:40+00:00\" \/>\n<meta name=\"twitter:card\" content=\"summary_large_image\" \/>\n<script type=\"application\/ld+json\" class=\"yoast-schema-graph\">{\"@context\":\"https:\/\/schema.org\",\"@graph\":[{\"@type\":\"WebPage\",\"@id\":\"https:\/\/happybus.pl\/index.php\/wycieczki-szkolne-jednodniowe\/\",\"url\":\"https:\/\/happybus.pl\/index.php\/wycieczki-szkolne-jednodniowe\/\",\"name\":\"WYCIECZKI SZKOLNE JEDNODNIOWE - HAPPY BUS - OLE\u015aNICA\",\"isPartOf\":{\"@id\":\"https:\/\/happybus.pl\/#website\"},\"datePublished\":\"2019-04-23T18:37:16+00:00\",\"dateModified\":\"2019-04-23T18:53:40+00:00\",\"breadcrumb\":{\"@id\":\"https:\/\/happybus.pl\/index.php\/wycieczki-szkolne-jednodniowe\/#breadcrumb\"},\"inLanguage\":\"pl-PL\",\"potentialAction\":[{\"@type\":\"ReadAction\",\"target\":[\"https:\/\/happybus.pl\/index.php\/wycieczki-szkolne-jednodniowe\/\"]}]},{\"@type\":\"BreadcrumbList\",\"@id\":\"https:\/\/happybus.pl\/index.php\/wycieczki-szkolne-jednodniowe\/#breadcrumb\",\"itemListElement\":[{\"@type\":\"ListItem\",\"position\":1,\"name\":\"Strona g\u0142\u00f3wna\",\"item\":\"https:\/\/happybus.pl\/\"},{\"@type\":\"ListItem\",\"position\":2,\"name\":\"WYCIECZKI SZKOLNE JEDNODNIOWE\"}]},{\"@type\":\"WebSite\",\"@id\":\"https:\/\/happybus.pl\/#website\",\"url\":\"https:\/\/happybus.pl\/\",\"name\":\"HAPPY BUS - OLE\u015aNICA\",\"description\":\"Wycieczki Krajowe i Zgarniczne\",\"potentialAction\":[{\"@type\":\"SearchAction\",\"target\":{\"@type\":\"EntryPoint\",\"urlTemplate\":\"https:\/\/happybus.pl\/?s={search_term_string}\"},\"query-input\":\"required name=search_term_string\"}],\"inLanguage\":\"pl-PL\"}]}<\/script>\n<!-- \/ Yoast SEO plugin. -->","yoast_head_json":{"title":"WYCIECZKI SZKOLNE JEDNODNIOWE - HAPPY BUS - OLE\u015aNICA","robots":{"index":"index","follow":"follow","max-snippet":"max-snippet:-1","max-image-preview":"max-image-preview:large","max-video-preview":"max-video-preview:-1"},"canonical":"https:\/\/happybus.pl\/index.php\/wycieczki-szkolne-jednodniowe\/","og_locale":"pl_PL","og_type":"article","og_title":"WYCIECZKI SZKOLNE JEDNODNIOWE - HAPPY BUS - OLE\u015aNICA","og_description":"WIELKOPOLSKA 1 dzie\u0144KOLEBKA PA\u0143STWA POLSKIEGO Ostr\u00f3w Lednicki &#8211; Gniezno &#8211; Wenecja &#8211; Biskupin Wycieczka: Jednodniowa Cena: zapytaj o cen\u0119 Termin: wiosna &#8211; jesie\u0144 Ramowy program: Wyjazd o godz.6.00. Przejazd do Ostrowa Lednickiego \u2013 zwanego \u201e wczesnopiastowskim Wawelem\u201d, historycznego miejsca le\u017c\u0105cego na wyspie w centrum plemienia Polan, w kt\u00f3rym toczy si\u0119 akcja powie\u015bci \u201eStara ba\u015b\u0144\u201d. Zwiedzanie Muzeum Pierwszych Piast\u00f3w. Przejazd ...Czytaj wi\u0119cej...Drezno 1 dzie\u0144Cel wycieczki: DREZNO Wycieczka: wycieczka jednodniowa Cena : zapytaj o cen\u0119 Ramowy program: [&hellip;]","og_url":"https:\/\/happybus.pl\/index.php\/wycieczki-szkolne-jednodniowe\/","og_site_name":"HAPPY BUS - OLE\u015aNICA","article_modified_time":"2019-04-23T18:53:40+00:00","twitter_card":"summary_large_image","schema":{"@context":"https:\/\/schema.org","@graph":[{"@type":"WebPage","@id":"https:\/\/happybus.pl\/index.php\/wycieczki-szkolne-jednodniowe\/","url":"https:\/\/happybus.pl\/index.php\/wycieczki-szkolne-jednodniowe\/","name":"WYCIECZKI SZKOLNE JEDNODNIOWE - HAPPY BUS - OLE\u015aNICA","isPartOf":{"@id":"https:\/\/happybus.pl\/#website"},"datePublished":"2019-04-23T18:37:16+00:00","dateModified":"2019-04-23T18:53:40+00:00","breadcrumb":{"@id":"https:\/\/happybus.pl\/index.php\/wycieczki-szkolne-jednodniowe\/#breadcrumb"},"inLanguage":"pl-PL","potentialAction":[{"@type":"ReadAction","target":["https:\/\/happybus.pl\/index.php\/wycieczki-szkolne-jednodniowe\/"]}]},{"@type":"BreadcrumbList","@id":"https:\/\/happybus.pl\/index.php\/wycieczki-szkolne-jednodniowe\/#breadcrumb","itemListElement":[{"@type":"ListItem","position":1,"name":"Strona g\u0142\u00f3wna","item":"https:\/\/happybus.pl\/"},{"@type":"ListItem","position":2,"name":"WYCIECZKI SZKOLNE JEDNODNIOWE"}]},{"@type":"WebSite","@id":"https:\/\/happybus.pl\/#website","url":"https:\/\/happybus.pl\/","name":"HAPPY BUS - OLE\u015aNICA","description":"Wycieczki Krajowe i Zgarniczne","potentialAction":[{"@type":"SearchAction","target":{"@type":"EntryPoint","urlTemplate":"https:\/\/happybus.pl\/?s={search_term_string}"},"query-input":"required name=search_term_string"}],"inLanguage":"pl-PL"}]}},"_links":{"self":[{"href":"https:\/\/happybus.pl\/index.php\/wp-json\/wp\/v2\/pages\/263"}],"collection":[{"href":"https:\/\/happybus.pl\/index.php\/wp-json\/wp\/v2\/pages"}],"about":[{"href":"https:\/\/happybus.pl\/index.php\/wp-json\/wp\/v2\/types\/page"}],"author":[{"embeddable":true,"href":"https:\/\/happybus.pl\/index.php\/wp-json\/wp\/v2\/users\/1"}],"replies":[{"embeddable":true,"href":"https:\/\/happybus.pl\/index.php\/wp-json\/wp\/v2\/comments?post=263"}],"version-history":[{"count":1,"href":"https:\/\/happybus.pl\/index.php\/wp-json\/wp\/v2\/pages\/263\/revisions"}],"predecessor-version":[{"id":268,"href":"https:\/\/happybus.pl\/index.php\/wp-json\/wp\/v2\/pages\/263\/revisions\/268"}],"wp:attachment":[{"href":"https:\/\/happybus.pl\/index.php\/wp-json\/wp\/v2\/media?parent=263"}],"curies":[{"name":"wp","href":"https:\/\/api.w.org\/{rel}","templated":true}]}}