{"id":2073,"date":"2023-01-12T13:11:59","date_gmt":"2023-01-12T12:11:59","guid":{"rendered":"https:\/\/happybus.pl\/?page_id=2073"},"modified":"2023-01-17T21:11:31","modified_gmt":"2023-01-17T20:11:31","slug":"wycieczki-promem","status":"publish","type":"page","link":"https:\/\/happybus.pl\/index.php\/wycieczki-promem\/","title":{"rendered":"Wycieczki promem"},"content":{"rendered":"<div id=\"blog-1\" class=\"ui--blog ui--blog-wrapper ui--pass\" data-layout=\"mini\" data-columns=\"1\"><div class=\"ui--blog-item ui--animation ui--accent-gradient-hover-parent clearfix layout--mini\"><div class=\"ui--blog-content-wrapper\"><div class=\"ui--blog-header\"><h5 class=\"ui--blog-title entry-title\"><a class=\"ui--blog-link\" href=\"https:\/\/happybus.pl\/index.php\/2026\/02\/11\/norwegia-podroz-do-serca-fiordow\/\">NORWEGIA- podr\u00f3\u017c do serca fiord\u00f3w<\/a><\/h5><\/div><div class=\"ui--blog-content\">INFORMACJE OG\u00d3LNE\n Rodzaj imprezy: wycieczka promowo-autokarowa\nKraj\/miejscowo\u015b\u0107: NORWEGIA\/Karlsktrona-Oslo-Bergen-Dolina Oddy-Stavanger-Preikestolen-Fiordy\nIlo\u015b\u0107 dni: 7\nIlo\u015b\u0107 nocleg\u00f3w:  6\nTermin: 22-28.08.2026\nWy\u017cywienie: HB\nTransport: Autokar + Prom\nCena: 4290,00z\u0142+290,00Euro + TFG i TFP 20,00z\u0142\n \n\n \n \n\n \nKOMUNIKAT Walut\u0105 obowi\u0105zuj\u0105c\u0105 w Norwegii jest korona norweska 1NOK=ok. 0,45PLN, w Szwecji- korona szwedzka 1SEK= ok. 0,43PLN.\nPrawie w ka\u017cdym miejscu mo\u017cna p\u0142aci\u0107 kart\u0105.\nW ...<\/div><div class=\"ui--blog-readmore more-link\"><a class=\"btn btn-small btn-secondary muted\" href=\"https:\/\/happybus.pl\/index.php\/2026\/02\/11\/norwegia-podroz-do-serca-fiordow\/\">Czytaj wi\u0119cej...<\/a><\/div><\/div><\/div><div class=\"ui--blog-item ui--animation ui--accent-gradient-hover-parent clearfix layout--mini last-item\"><div class=\"ui--blog-content-wrapper\"><div class=\"ui--blog-header\"><h5 class=\"ui--blog-title entry-title\"><a class=\"ui--blog-link\" href=\"https:\/\/happybus.pl\/index.php\/2023\/01\/12\/pribaltika-4-stolice-promem-ryga-tallin-sztokholm-helsinki\/\">4 stolice BA\u0141TYCKIE PROMEM- Ryga-Tallin-Sztokholm-Helsinki<\/a><\/h5><\/div><div class=\"ui--blog-content\">INFORMACJE OG\u00d3LNE\n Rodzaj imprezy: wycieczka promowo-autokarowa\nKraj\/miejscowo\u015b\u0107: \u0141otwa-Estonia-Szwecja-Finlandia\/ Ryga-Tallin-Sztokholm-Helsinki\nIlo\u015b\u0107 dni: 6 \nIlo\u015b\u0107 nocleg\u00f3w: 4  \nTermin: 15-20\/21.07.2026 \nWy\u017cywienie: HB z mo\u017cliwo\u015bci\u0105 rezygnacji z obiadokolacji\nTransport: prom+ autokar\nCena: od 1890,00z\u0142+ 250,00Euro + 20z\u0142 TFG i TFP \n \n\n \n \n\n \nKOMUNIKAT UWAGA!\nCena zale\u017cy od wyboru kabiny.\nPodczas dokonywania rezerwacji dla 2 os\u00f3b automatycznie zostanie ...<\/div><div class=\"ui--blog-readmore more-link\"><a class=\"btn btn-small btn-secondary muted\" href=\"https:\/\/happybus.pl\/index.php\/2023\/01\/12\/pribaltika-4-stolice-promem-ryga-tallin-sztokholm-helsinki\/\">Czytaj wi\u0119cej...<\/a><\/div><\/div><\/div><\/div>","protected":false},"excerpt":{"rendered":"<p>NORWEGIA- podr\u00f3\u017c do serca fiord\u00f3wINFORMACJE OG\u00d3LNE Rodzaj imprezy: wycieczka promowo-autokarowa Kraj\/miejscowo\u015b\u0107: NORWEGIA\/Karlsktrona-Oslo-Bergen-Dolina Oddy-Stavanger-Preikestolen-Fiordy Ilo\u015b\u0107 dni: 7 Ilo\u015b\u0107 nocleg\u00f3w: 6 Termin: 22-28.08.2026 Wy\u017cywienie: HB Transport: Autokar + Prom Cena: 4290,00z\u0142+290,00Euro + TFG i TFP 20,00z\u0142 KOMUNIKAT Walut\u0105 obowi\u0105zuj\u0105c\u0105 w Norwegii jest korona norweska 1NOK=ok. 0,45PLN, w Szwecji- korona szwedzka 1SEK= ok. 0,43PLN. Prawie w ka\u017cdym miejscu mo\u017cna p\u0142aci\u0107 kart\u0105. W &#8230;Czytaj wi\u0119cej&#8230;4 stolice BA\u0141TYCKIE PROMEM- Ryga-Tallin-Sztokholm-HelsinkiINFORMACJE OG\u00d3LNE Rodzaj imprezy: wycieczka promowo-autokarowa Kraj\/miejscowo\u015b\u0107: \u0141otwa-Estonia-Szwecja-Finlandia\/ Ryga-Tallin-Sztokholm-Helsinki Ilo\u015b\u0107 dni: [&hellip;]<\/p>\n","protected":false},"author":3,"featured_media":0,"parent":0,"menu_order":0,"comment_status":"closed","ping_status":"closed","template":"page-sidebar-left.php","meta":{"footnotes":""},"yoast_head":"<!-- This site is optimized with the Yoast SEO plugin v21.7 - https:\/\/yoast.com\/wordpress\/plugins\/seo\/ -->\n<title>Wycieczki promem - HAPPY BUS - OLE\u015aNICA<\/title>\n<meta name=\"robots\" content=\"index, follow, max-snippet:-1, max-image-preview:large, max-video-preview:-1\" \/>\n<link rel=\"canonical\" href=\"https:\/\/happybus.pl\/index.php\/wycieczki-promem\/\" \/>\n<meta property=\"og:locale\" content=\"pl_PL\" \/>\n<meta property=\"og:type\" content=\"article\" \/>\n<meta property=\"og:title\" content=\"Wycieczki promem - HAPPY BUS - OLE\u015aNICA\" \/>\n<meta property=\"og:description\" content=\"NORWEGIA- podr\u00f3\u017c do serca fiord\u00f3wINFORMACJE OG\u00d3LNE Rodzaj imprezy: wycieczka promowo-autokarowa Kraj\/miejscowo\u015b\u0107: NORWEGIA\/Karlsktrona-Oslo-Bergen-Dolina Oddy-Stavanger-Preikestolen-Fiordy Ilo\u015b\u0107 dni: 7 Ilo\u015b\u0107 nocleg\u00f3w: 6 Termin: 22-28.08.2026 Wy\u017cywienie: HB Transport: Autokar + Prom Cena: 4290,00z\u0142+290,00Euro + TFG i TFP 20,00z\u0142 KOMUNIKAT Walut\u0105 obowi\u0105zuj\u0105c\u0105 w Norwegii jest korona norweska 1NOK=ok. 0,45PLN, w Szwecji- korona szwedzka 1SEK= ok. 0,43PLN. Prawie w ka\u017cdym miejscu mo\u017cna p\u0142aci\u0107 kart\u0105. W ...Czytaj wi\u0119cej...4 stolice BA\u0141TYCKIE PROMEM- Ryga-Tallin-Sztokholm-HelsinkiINFORMACJE OG\u00d3LNE Rodzaj imprezy: wycieczka promowo-autokarowa Kraj\/miejscowo\u015b\u0107: \u0141otwa-Estonia-Szwecja-Finlandia\/ Ryga-Tallin-Sztokholm-Helsinki Ilo\u015b\u0107 dni: [&hellip;]\" \/>\n<meta property=\"og:url\" content=\"https:\/\/happybus.pl\/index.php\/wycieczki-promem\/\" \/>\n<meta property=\"og:site_name\" content=\"HAPPY BUS - OLE\u015aNICA\" \/>\n<meta property=\"article:modified_time\" content=\"2023-01-17T20:11:31+00:00\" \/>\n<meta name=\"twitter:card\" content=\"summary_large_image\" \/>\n<script type=\"application\/ld+json\" class=\"yoast-schema-graph\">{\"@context\":\"https:\/\/schema.org\",\"@graph\":[{\"@type\":\"WebPage\",\"@id\":\"https:\/\/happybus.pl\/index.php\/wycieczki-promem\/\",\"url\":\"https:\/\/happybus.pl\/index.php\/wycieczki-promem\/\",\"name\":\"Wycieczki promem - HAPPY BUS - OLE\u015aNICA\",\"isPartOf\":{\"@id\":\"https:\/\/happybus.pl\/#website\"},\"datePublished\":\"2023-01-12T12:11:59+00:00\",\"dateModified\":\"2023-01-17T20:11:31+00:00\",\"breadcrumb\":{\"@id\":\"https:\/\/happybus.pl\/index.php\/wycieczki-promem\/#breadcrumb\"},\"inLanguage\":\"pl-PL\",\"potentialAction\":[{\"@type\":\"ReadAction\",\"target\":[\"https:\/\/happybus.pl\/index.php\/wycieczki-promem\/\"]}]},{\"@type\":\"BreadcrumbList\",\"@id\":\"https:\/\/happybus.pl\/index.php\/wycieczki-promem\/#breadcrumb\",\"itemListElement\":[{\"@type\":\"ListItem\",\"position\":1,\"name\":\"Strona g\u0142\u00f3wna\",\"item\":\"https:\/\/happybus.pl\/\"},{\"@type\":\"ListItem\",\"position\":2,\"name\":\"Wycieczki promem\"}]},{\"@type\":\"WebSite\",\"@id\":\"https:\/\/happybus.pl\/#website\",\"url\":\"https:\/\/happybus.pl\/\",\"name\":\"HAPPY BUS - OLE\u015aNICA\",\"description\":\"Wycieczki Krajowe i Zgarniczne\",\"potentialAction\":[{\"@type\":\"SearchAction\",\"target\":{\"@type\":\"EntryPoint\",\"urlTemplate\":\"https:\/\/happybus.pl\/?s={search_term_string}\"},\"query-input\":\"required name=search_term_string\"}],\"inLanguage\":\"pl-PL\"}]}<\/script>\n<!-- \/ Yoast SEO plugin. -->","yoast_head_json":{"title":"Wycieczki promem - HAPPY BUS - OLE\u015aNICA","robots":{"index":"index","follow":"follow","max-snippet":"max-snippet:-1","max-image-preview":"max-image-preview:large","max-video-preview":"max-video-preview:-1"},"canonical":"https:\/\/happybus.pl\/index.php\/wycieczki-promem\/","og_locale":"pl_PL","og_type":"article","og_title":"Wycieczki promem - HAPPY BUS - OLE\u015aNICA","og_description":"NORWEGIA- podr\u00f3\u017c do serca fiord\u00f3wINFORMACJE OG\u00d3LNE Rodzaj imprezy: wycieczka promowo-autokarowa Kraj\/miejscowo\u015b\u0107: NORWEGIA\/Karlsktrona-Oslo-Bergen-Dolina Oddy-Stavanger-Preikestolen-Fiordy Ilo\u015b\u0107 dni: 7 Ilo\u015b\u0107 nocleg\u00f3w: 6 Termin: 22-28.08.2026 Wy\u017cywienie: HB Transport: Autokar + Prom Cena: 4290,00z\u0142+290,00Euro + TFG i TFP 20,00z\u0142 KOMUNIKAT Walut\u0105 obowi\u0105zuj\u0105c\u0105 w Norwegii jest korona norweska 1NOK=ok. 0,45PLN, w Szwecji- korona szwedzka 1SEK= ok. 0,43PLN. Prawie w ka\u017cdym miejscu mo\u017cna p\u0142aci\u0107 kart\u0105. W ...Czytaj wi\u0119cej...4 stolice BA\u0141TYCKIE PROMEM- Ryga-Tallin-Sztokholm-HelsinkiINFORMACJE OG\u00d3LNE Rodzaj imprezy: wycieczka promowo-autokarowa Kraj\/miejscowo\u015b\u0107: \u0141otwa-Estonia-Szwecja-Finlandia\/ Ryga-Tallin-Sztokholm-Helsinki Ilo\u015b\u0107 dni: [&hellip;]","og_url":"https:\/\/happybus.pl\/index.php\/wycieczki-promem\/","og_site_name":"HAPPY BUS - OLE\u015aNICA","article_modified_time":"2023-01-17T20:11:31+00:00","twitter_card":"summary_large_image","schema":{"@context":"https:\/\/schema.org","@graph":[{"@type":"WebPage","@id":"https:\/\/happybus.pl\/index.php\/wycieczki-promem\/","url":"https:\/\/happybus.pl\/index.php\/wycieczki-promem\/","name":"Wycieczki promem - HAPPY BUS - OLE\u015aNICA","isPartOf":{"@id":"https:\/\/happybus.pl\/#website"},"datePublished":"2023-01-12T12:11:59+00:00","dateModified":"2023-01-17T20:11:31+00:00","breadcrumb":{"@id":"https:\/\/happybus.pl\/index.php\/wycieczki-promem\/#breadcrumb"},"inLanguage":"pl-PL","potentialAction":[{"@type":"ReadAction","target":["https:\/\/happybus.pl\/index.php\/wycieczki-promem\/"]}]},{"@type":"BreadcrumbList","@id":"https:\/\/happybus.pl\/index.php\/wycieczki-promem\/#breadcrumb","itemListElement":[{"@type":"ListItem","position":1,"name":"Strona g\u0142\u00f3wna","item":"https:\/\/happybus.pl\/"},{"@type":"ListItem","position":2,"name":"Wycieczki promem"}]},{"@type":"WebSite","@id":"https:\/\/happybus.pl\/#website","url":"https:\/\/happybus.pl\/","name":"HAPPY BUS - OLE\u015aNICA","description":"Wycieczki Krajowe i Zgarniczne","potentialAction":[{"@type":"SearchAction","target":{"@type":"EntryPoint","urlTemplate":"https:\/\/happybus.pl\/?s={search_term_string}"},"query-input":"required name=search_term_string"}],"inLanguage":"pl-PL"}]}},"_links":{"self":[{"href":"https:\/\/happybus.pl\/index.php\/wp-json\/wp\/v2\/pages\/2073"}],"collection":[{"href":"https:\/\/happybus.pl\/index.php\/wp-json\/wp\/v2\/pages"}],"about":[{"href":"https:\/\/happybus.pl\/index.php\/wp-json\/wp\/v2\/types\/page"}],"author":[{"embeddable":true,"href":"https:\/\/happybus.pl\/index.php\/wp-json\/wp\/v2\/users\/3"}],"replies":[{"embeddable":true,"href":"https:\/\/happybus.pl\/index.php\/wp-json\/wp\/v2\/comments?post=2073"}],"version-history":[{"count":3,"href":"https:\/\/happybus.pl\/index.php\/wp-json\/wp\/v2\/pages\/2073\/revisions"}],"predecessor-version":[{"id":2076,"href":"https:\/\/happybus.pl\/index.php\/wp-json\/wp\/v2\/pages\/2073\/revisions\/2076"}],"wp:attachment":[{"href":"https:\/\/happybus.pl\/index.php\/wp-json\/wp\/v2\/media?parent=2073"}],"curies":[{"name":"wp","href":"https:\/\/api.w.org\/{rel}","templated":true}]}}