{"id":13,"date":"2019-03-31T18:39:43","date_gmt":"2019-03-31T16:39:43","guid":{"rendered":"http:\/\/happybus.pl\/?page_id=13"},"modified":"2019-04-01T00:29:37","modified_gmt":"2019-03-31T22:29:37","slug":"kontakt","status":"publish","type":"page","link":"https:\/\/happybus.pl\/index.php\/kontakt\/","title":{"rendered":"KONTAKT"},"content":{"rendered":"<div class=\"ui-row row\">\n <div   class=\"ui-column span6\"><div class=\"ui--title ui--animation ui--title-bordered text-left\"><div class=\"ui--title-holder\"><h3 class=\"ui--title-text\">FORMULARZ KONTAKTOWY<\/h3><div style=\"border-color: #0e7bdd !important;\" class=\"ui--title-borders ui--title-border-left\"><\/div><div style=\"border-color: #0e7bdd !important;\" class=\"ui--title-borders ui--title-border-right\"><\/div><\/div><\/div><div class=\"auto-format ui--animation\"><p><div role=\"form\" class=\"wpcf7\" id=\"wpcf7-f35-o1\" lang=\"pl-PL\" dir=\"ltr\">\n<div class=\"screen-reader-response\"><p role=\"status\" aria-live=\"polite\" aria-atomic=\"true\"><\/p> <ul><\/ul><\/div>\n<form action=\"\/index.php\/wp-json\/wp\/v2\/pages\/13#wpcf7-f35-o1\" method=\"post\" class=\"wpcf7-form init\" novalidate=\"novalidate\" data-status=\"init\">\n<div style=\"display: none;\">\n<input type=\"hidden\" name=\"_wpcf7\" value=\"35\" \/>\n<input type=\"hidden\" name=\"_wpcf7_version\" value=\"5.5.6\" \/>\n<input type=\"hidden\" name=\"_wpcf7_locale\" value=\"pl_PL\" \/>\n<input type=\"hidden\" name=\"_wpcf7_unit_tag\" value=\"wpcf7-f35-o1\" \/>\n<input type=\"hidden\" name=\"_wpcf7_container_post\" value=\"0\" \/>\n<input type=\"hidden\" name=\"_wpcf7_posted_data_hash\" value=\"\" \/>\n<input type=\"hidden\" name=\"_wpcf7_recaptcha_response\" value=\"\" \/>\n<\/div>\n<p><label> Imi\u0119<br \/>\n    <span class=\"wpcf7-form-control-wrap your-name\"><input type=\"text\" name=\"your-name\" value=\"\" size=\"40\" class=\"wpcf7-form-control wpcf7-text wpcf7-validates-as-required\" aria-required=\"true\" aria-invalid=\"false\" \/><\/span> <\/label><\/p>\n<p><label> Email<br \/>\n    <span class=\"wpcf7-form-control-wrap email-936\"><input type=\"email\" name=\"email-936\" value=\"\" size=\"40\" class=\"wpcf7-form-control wpcf7-text wpcf7-email wpcf7-validates-as-required wpcf7-validates-as-email\" aria-required=\"true\" aria-invalid=\"false\" \/><\/span><\/label><\/p>\n<p><label> Telefon<br \/>\n    <span class=\"wpcf7-form-control-wrap tel-364\"><input type=\"tel\" name=\"tel-364\" value=\"\" size=\"40\" class=\"wpcf7-form-control wpcf7-text wpcf7-tel wpcf7-validates-as-required wpcf7-validates-as-tel\" aria-required=\"true\" aria-invalid=\"false\" \/><\/span> <\/label><\/p>\n<p><label> Temat<br \/>\n    <span class=\"wpcf7-form-control-wrap your-subject\"><input type=\"text\" name=\"your-subject\" value=\"\" size=\"40\" class=\"wpcf7-form-control wpcf7-text wpcf7-validates-as-required\" aria-required=\"true\" aria-invalid=\"false\" \/><\/span> <\/label><\/p>\n<p><label> Wiadomo\u015b\u0107<br \/>\n    <span class=\"wpcf7-form-control-wrap your-message\"><textarea name=\"your-message\" cols=\"40\" rows=\"10\" class=\"wpcf7-form-control wpcf7-textarea wpcf7-validates-as-required\" aria-required=\"true\" aria-invalid=\"false\"><\/textarea><\/span> <\/label><\/p>\n<span class=\"wpcf7-form-control-wrap recaptcha\" data-name=\"recaptcha\"><span data-sitekey=\"6LdKotMZAAAAANwVHbKJZIJf3jNKsc9xL-GHcYG4\" class=\"wpcf7-form-control g-recaptcha wpcf7-recaptcha\"><\/span>\r\n<noscript>\r\n\t<div class=\"grecaptcha-noscript\">\r\n\t\t<iframe loading=\"lazy\" src=\"https:\/\/www.google.com\/recaptcha\/api\/fallback?k=6LdKotMZAAAAANwVHbKJZIJf3jNKsc9xL-GHcYG4\" frameborder=\"0\" scrolling=\"no\" width=\"310\" height=\"430\">\r\n\t\t<\/iframe>\r\n\t\t<textarea name=\"g-recaptcha-response\" rows=\"3\" cols=\"40\" placeholder=\"reCaptcha Response Here\">\r\n\t\t<\/textarea>\r\n\t<\/div>\r\n<\/noscript>\r\n<\/span>\n<p><input type=\"submit\" value=\"Wy\u015blij\" class=\"wpcf7-form-control has-spinner wpcf7-submit\" \/><\/p>\n<p style=\"display: none !important;\" class=\"akismet-fields-container\" data-prefix=\"_wpcf7_ak_\"><label>&#916;<textarea name=\"_wpcf7_ak_hp_textarea\" cols=\"45\" rows=\"8\" maxlength=\"100\"><\/textarea><\/label><input type=\"hidden\" id=\"ak_js_1\" name=\"_wpcf7_ak_js\" value=\"54\"\/><script>document.getElementById( \"ak_js_1\" ).setAttribute( \"value\", ( new Date() ).getTime() );<\/script><\/p><div class=\"wpcf7-response-output\" aria-hidden=\"true\"><\/div><\/form><\/div><\/p>\n<\/div><\/div> \n\n <div   class=\"ui-column span6\"><div class=\"ui--title ui--animation ui--title-bordered text-left\"><div class=\"ui--title-holder\"><h3 class=\"ui--title-text\">Transport Osobowy Mechanika Pojazdowa<\/h3><div style=\"border-color: #0e7bdd !important;\" class=\"ui--title-borders ui--title-border-left\"><\/div><div style=\"border-color: #0e7bdd !important;\" class=\"ui--title-borders ui--title-border-right\"><\/div><\/div><\/div><div class=\"auto-format ui--animation\"><p><strong>HAPPY BUS Marek Kieryk<\/strong><br \/>\n<strong>Adres:<\/strong> Cie\u015ble 14i, 56-400 Ole\u015bnica<br \/>\n<strong>NIP<\/strong> 911-102-62-43<br \/>\n<strong>REGON:<\/strong> 930335410<br \/>\n<strong>Organizator Turystyki nr zezwolenia 443\/33\/2010<\/strong><\/p>\n<p><strong>Konto bankowe:<\/strong><br \/>\nNEST BANK<br \/>\n80 2530 0008 2056 1064 4176 0001<\/p>\n<p><strong>Telefon, Email:<\/strong><br \/>\ntel. 601987675, tel.. 601760297<br \/>\ne-mail: <a href=\"mailto:biuro@happybus.pl\" target=\"\">biuro@happybus.pl<\/a><\/p>\n<\/div><\/div> \n\n<\/div> \n<div  class=\"fullwidth-content ui--section clearfix\"><div  class=\"ui--section-content\"><div class=\"container\">\n\t\t\t<div class=\"gmap-wrapper ui--animation gmap-fullwidth fullwidth-content clearfix\" style=\"margin-top: -20px;  height: 400px;\">\n\t\t\t\t<div class=\"gmap-wrap-holder\" style=\"height: 400px;\"><\/div>\n\t\t\t\t<div id=\"gmap-g6Ut\" class=\"gmap clearfix\" style=\"height: 400px;\" data-gmap-options=\"{&quot;zoom&quot;:15,&quot;maptype&quot;:&quot;ROADMAP&quot;,&quot;doubleclickzoom&quot;:true,&quot;scrollwheel&quot;:true,&quot;address&quot;:&quot;&quot;,&quot;latitude&quot;:51.22673,&quot;longitude&quot;:17.47667,&quot;markers&quot;:[{&quot;html&quot;:&quot;&quot;,&quot;address&quot;:&quot;&quot;,&quot;latitude&quot;:51.22673,&quot;longitude&quot;:17.47667,&quot;popup&quot;:false}],&quot;controls&quot;:false,&quot;stylers&quot;:[{&quot;stylers&quot;:[{&quot;hue&quot;:&quot;#0e7bdd&quot;}]},{&quot;featureType&quot;:&quot;road&quot;,&quot;elementType&quot;:&quot;geometry&quot;,&quot;stylers&quot;:[{&quot;visibility&quot;:&quot;simplified&quot;},{&quot;lightness&quot;:50}]},[],[],[]]}\"><\/div>\n\t\t\t\t\n\t\t\t<\/div>\n\t\t\t<\/div><\/div><\/div><!-- \/.fullwidth-container -->","protected":false},"excerpt":{"rendered":"<p>FORMULARZ KONTAKTOWY Imi\u0119 Email Telefon Temat Wiadomo\u015b\u0107 &#916; Transport Osobowy Mechanika PojazdowaHAPPY BUS Marek Kieryk Adres: Cie\u015ble 14i, 56-400 Ole\u015bnica NIP 911-102-62-43 REGON: 930335410 Organizator Turystyki nr zezwolenia 443\/33\/2010 Konto bankowe: NEST BANK 80 2530 0008 2056 1064 4176 0001 Telefon, Email: tel. 601987675, tel.. 601760297 e-mail: biuro@happybus.pl<\/p>\n","protected":false},"author":1,"featured_media":0,"parent":0,"menu_order":0,"comment_status":"closed","ping_status":"closed","template":"","meta":{"footnotes":""},"yoast_head":"<!-- This site is optimized with the Yoast SEO plugin v21.7 - https:\/\/yoast.com\/wordpress\/plugins\/seo\/ -->\n<title>KONTAKT - HAPPY BUS - OLE\u015aNICA<\/title>\n<meta name=\"robots\" content=\"index, follow, max-snippet:-1, max-image-preview:large, max-video-preview:-1\" \/>\n<link rel=\"canonical\" href=\"https:\/\/happybus.pl\/index.php\/kontakt\/\" \/>\n<meta property=\"og:locale\" content=\"pl_PL\" \/>\n<meta property=\"og:type\" content=\"article\" \/>\n<meta property=\"og:title\" content=\"KONTAKT - HAPPY BUS - OLE\u015aNICA\" \/>\n<meta property=\"og:description\" content=\"FORMULARZ KONTAKTOWY Imi\u0119 Email Telefon Temat Wiadomo\u015b\u0107 &#916; Transport Osobowy Mechanika PojazdowaHAPPY BUS Marek Kieryk Adres: Cie\u015ble 14i, 56-400 Ole\u015bnica NIP 911-102-62-43 REGON: 930335410 Organizator Turystyki nr zezwolenia 443\/33\/2010 Konto bankowe: NEST BANK 80 2530 0008 2056 1064 4176 0001 Telefon, Email: tel. 601987675, tel.. 601760297 e-mail: biuro@happybus.pl\" \/>\n<meta property=\"og:url\" content=\"https:\/\/happybus.pl\/index.php\/kontakt\/\" \/>\n<meta property=\"og:site_name\" content=\"HAPPY BUS - OLE\u015aNICA\" \/>\n<meta property=\"article:modified_time\" content=\"2019-03-31T22:29:37+00:00\" \/>\n<meta name=\"twitter:card\" content=\"summary_large_image\" \/>\n<script type=\"application\/ld+json\" class=\"yoast-schema-graph\">{\"@context\":\"https:\/\/schema.org\",\"@graph\":[{\"@type\":\"WebPage\",\"@id\":\"https:\/\/happybus.pl\/index.php\/kontakt\/\",\"url\":\"https:\/\/happybus.pl\/index.php\/kontakt\/\",\"name\":\"KONTAKT - HAPPY BUS - OLE\u015aNICA\",\"isPartOf\":{\"@id\":\"https:\/\/happybus.pl\/#website\"},\"datePublished\":\"2019-03-31T16:39:43+00:00\",\"dateModified\":\"2019-03-31T22:29:37+00:00\",\"breadcrumb\":{\"@id\":\"https:\/\/happybus.pl\/index.php\/kontakt\/#breadcrumb\"},\"inLanguage\":\"pl-PL\",\"potentialAction\":[{\"@type\":\"ReadAction\",\"target\":[\"https:\/\/happybus.pl\/index.php\/kontakt\/\"]}]},{\"@type\":\"BreadcrumbList\",\"@id\":\"https:\/\/happybus.pl\/index.php\/kontakt\/#breadcrumb\",\"itemListElement\":[{\"@type\":\"ListItem\",\"position\":1,\"name\":\"Strona g\u0142\u00f3wna\",\"item\":\"https:\/\/happybus.pl\/\"},{\"@type\":\"ListItem\",\"position\":2,\"name\":\"KONTAKT\"}]},{\"@type\":\"WebSite\",\"@id\":\"https:\/\/happybus.pl\/#website\",\"url\":\"https:\/\/happybus.pl\/\",\"name\":\"HAPPY BUS - OLE\u015aNICA\",\"description\":\"Wycieczki Krajowe i Zgarniczne\",\"potentialAction\":[{\"@type\":\"SearchAction\",\"target\":{\"@type\":\"EntryPoint\",\"urlTemplate\":\"https:\/\/happybus.pl\/?s={search_term_string}\"},\"query-input\":\"required name=search_term_string\"}],\"inLanguage\":\"pl-PL\"}]}<\/script>\n<!-- \/ Yoast SEO plugin. -->","yoast_head_json":{"title":"KONTAKT - HAPPY BUS - OLE\u015aNICA","robots":{"index":"index","follow":"follow","max-snippet":"max-snippet:-1","max-image-preview":"max-image-preview:large","max-video-preview":"max-video-preview:-1"},"canonical":"https:\/\/happybus.pl\/index.php\/kontakt\/","og_locale":"pl_PL","og_type":"article","og_title":"KONTAKT - HAPPY BUS - OLE\u015aNICA","og_description":"FORMULARZ KONTAKTOWY Imi\u0119 Email Telefon Temat Wiadomo\u015b\u0107 &#916; Transport Osobowy Mechanika PojazdowaHAPPY BUS Marek Kieryk Adres: Cie\u015ble 14i, 56-400 Ole\u015bnica NIP 911-102-62-43 REGON: 930335410 Organizator Turystyki nr zezwolenia 443\/33\/2010 Konto bankowe: NEST BANK 80 2530 0008 2056 1064 4176 0001 Telefon, Email: tel. 601987675, tel.. 601760297 e-mail: biuro@happybus.pl","og_url":"https:\/\/happybus.pl\/index.php\/kontakt\/","og_site_name":"HAPPY BUS - OLE\u015aNICA","article_modified_time":"2019-03-31T22:29:37+00:00","twitter_card":"summary_large_image","schema":{"@context":"https:\/\/schema.org","@graph":[{"@type":"WebPage","@id":"https:\/\/happybus.pl\/index.php\/kontakt\/","url":"https:\/\/happybus.pl\/index.php\/kontakt\/","name":"KONTAKT - HAPPY BUS - OLE\u015aNICA","isPartOf":{"@id":"https:\/\/happybus.pl\/#website"},"datePublished":"2019-03-31T16:39:43+00:00","dateModified":"2019-03-31T22:29:37+00:00","breadcrumb":{"@id":"https:\/\/happybus.pl\/index.php\/kontakt\/#breadcrumb"},"inLanguage":"pl-PL","potentialAction":[{"@type":"ReadAction","target":["https:\/\/happybus.pl\/index.php\/kontakt\/"]}]},{"@type":"BreadcrumbList","@id":"https:\/\/happybus.pl\/index.php\/kontakt\/#breadcrumb","itemListElement":[{"@type":"ListItem","position":1,"name":"Strona g\u0142\u00f3wna","item":"https:\/\/happybus.pl\/"},{"@type":"ListItem","position":2,"name":"KONTAKT"}]},{"@type":"WebSite","@id":"https:\/\/happybus.pl\/#website","url":"https:\/\/happybus.pl\/","name":"HAPPY BUS - OLE\u015aNICA","description":"Wycieczki Krajowe i Zgarniczne","potentialAction":[{"@type":"SearchAction","target":{"@type":"EntryPoint","urlTemplate":"https:\/\/happybus.pl\/?s={search_term_string}"},"query-input":"required name=search_term_string"}],"inLanguage":"pl-PL"}]}},"_links":{"self":[{"href":"https:\/\/happybus.pl\/index.php\/wp-json\/wp\/v2\/pages\/13"}],"collection":[{"href":"https:\/\/happybus.pl\/index.php\/wp-json\/wp\/v2\/pages"}],"about":[{"href":"https:\/\/happybus.pl\/index.php\/wp-json\/wp\/v2\/types\/page"}],"author":[{"embeddable":true,"href":"https:\/\/happybus.pl\/index.php\/wp-json\/wp\/v2\/users\/1"}],"replies":[{"embeddable":true,"href":"https:\/\/happybus.pl\/index.php\/wp-json\/wp\/v2\/comments?post=13"}],"version-history":[{"count":1,"href":"https:\/\/happybus.pl\/index.php\/wp-json\/wp\/v2\/pages\/13\/revisions"}],"predecessor-version":[{"id":20,"href":"https:\/\/happybus.pl\/index.php\/wp-json\/wp\/v2\/pages\/13\/revisions\/20"}],"wp:attachment":[{"href":"https:\/\/happybus.pl\/index.php\/wp-json\/wp\/v2\/media?parent=13"}],"curies":[{"name":"wp","href":"https:\/\/api.w.org\/{rel}","templated":true}]}}