{"id":11,"date":"2019-03-31T18:39:25","date_gmt":"2019-03-31T16:39:25","guid":{"rendered":"http:\/\/happybus.pl\/?page_id=11"},"modified":"2024-02-06T14:28:30","modified_gmt":"2024-02-06T13:28:30","slug":"jak-rezerwowac","status":"publish","type":"page","link":"https:\/\/happybus.pl\/index.php\/jak-rezerwowac\/","title":{"rendered":"JAK REZERWOWA\u0106"},"content":{"rendered":"<div class=\"ui-row row\">\n <div   class=\"ui-column span6\"><div class=\"ui--title ui--animation ui--title-bordered text-left\"><div class=\"ui--title-holder\"><h3 class=\"ui--title-text\">REZERWACJA IMPREZY TURYSTYCZNEJ<\/h3><div style=\"border-color: #0e7bdd !important;\" class=\"ui--title-borders ui--title-border-left\"><\/div><div style=\"border-color: #0e7bdd !important;\" class=\"ui--title-borders ui--title-border-right\"><\/div><\/div><\/div><div class=\"auto-format ui--animation\"><p>Rezerwacji  dokonuje si\u0119 automatycznie przez klikni\u0119cie przycisku \u201eRezerwuj\u201d przy wybranym terminie danej imprezy turystycznej i wype\u0142nienie pojawiaj\u0105cego si\u0119 formularza.  Nale\u017cy dok\u0142adnie przeczyta\u0107 i zaznaczy\u0107 odpowiednie pola wyboru przy dobrowolnych dop\u0142atach.<br \/>\nOWU i inne za\u0142\u0105czniki pobieraj\u0105 si\u0119 w formie PDF.<br \/>\nPo dokonaniu rezerwacji otrzymaj\u0105 Pa\u0144stwo natychmiast wiadomo\u015b\u0107  e-mail z systemu wraz z za\u0142\u0105cznikami , w tym z umow\u0105. Umowa jest szyfrowana. Prosz\u0119 najpierw przeczyta\u0107 otrzyman\u0105 wiadomo\u015b\u0107, aby otworzy\u0107 umow\u0119.<br \/>\nRezerwacje przyjmowane s\u0105 dla poszczeg\u00f3lnych pokoi. Ka\u017cda rezerwacja oznacza jeden pok\u00f3j. Je\u017celi system nie przyjmuje rezerwacji dla 3 lub 4 os\u00f3b, oznacza to, \u017ce pokoje 3  i  4-osobowe nie s\u0105 dost\u0119pne. Nale\u017cy wybra\u0107 inn\u0105 opcj\u0119, np. dokona\u0107 dw\u00f3ch rezerwacji po 2 osoby.<br \/>\n<em>To naprawd\u0119 jest bardzo proste!!!  Przekonaj si\u0119 i zarezerwuj swoj\u0105 wycieczk\u0119!<br \/>\n<strong>BARDZO WA\u017bNE- Pa\u0144stwa adres e-mail i daty urodzenia musz\u0105 by\u0107 wpisane poprawnie!<\/strong><br \/>\n<span style=\"color:#ff0000;\"> Wraz z umow\u0105 otrzymaj\u0105 Pa\u0144stwo indywidualny numer rachunku bankowego, na kt\u00f3ry nale\u017cy wp\u0142aci\u0107 zaliczk\u0119 w ci\u0105gu 72 godzin od dokonania rezerwacji. Termin wp\u0142aty oznacza dat\u0119 zaksi\u0119gowania wp\u0142aty na naszym koncie a nie dat\u0119 wykonania przelewu! Prosz\u0119 nie przesy\u0142a\u0107 potwierdzenia dokonania wp\u0142aty.<br \/>\nW przypadku braku wp\u0142aty na rachunku w wyznaczonym terminie system automatycznie anuluje rezerwacj\u0119 i miejsca wr\u00f3c\u0105 do sprzeda\u017cy, b\u0119d\u0105 mog\u0142y zosta\u0107 zarezerwowane przez inn\u0105 osob\u0119.<\/p>\n<p><strong>W celu uzyskania informacji na temat mo\u017cliwo\u015bci organizacji imprezy turystycznej dla grupy zorganizowanej<\/strong> prosimy o przes\u0142anie kr\u00f3tkiej wiadomo\u015bci e-mail na nasz adres <strong>biuro@happybus.pl<\/strong> z podaniem:<\/p>\n<ul>\n<li>rodzaju imprezy, kt\u00f3ra Pa\u0144stwa interesuje<\/li>\n<li>terminu wyjazdu<\/li>\n<li>liczby os\u00f3b<\/li>\n<li>dane kontaktowe<\/li>\n<li>wskaz\u00f3wek i wymaga\u0144 odno\u015bnie koszt\u00f3w lub dodatkowych \u015bwiadcze\u0144<\/li>\n<\/ul>\n<p>lub wype\u0142nienie formularza kontaktowego<\/p>\n<p>Po uzyskaniu takich danych skontaktujemy si\u0119 z Pa\u0144stwem i odpowiemy na wszystkie Pa\u0144stwa pytania!<br \/>\nWszelkie informacje mog\u0105 Pa\u0144stwo uzyska\u0107 tak\u017ce pod numerami telefon\u00f3w: <strong>601987675, 601760297<\/strong><br \/>\noraz po wcze\u015bniejszym um\u00f3wieniu w naszym biurze w Cie\u015blach 14i ko\u0142o Ole\u015bnicy (dojazd bezpo\u015brednio z S8)<\/p>\n<p style=\"text-align: right;\"><strong>Zapraszamy!<\/strong><\/p>\n<\/div><div class=\"ui--title ui--animation ui--title-bordered text-left\"><div class=\"ui--title-holder\"><h3 class=\"ui--title-text\">FORMULARZ<\/h3><div style=\"border-color: #0e7bdd !important;\" class=\"ui--title-borders ui--title-border-left\"><\/div><div style=\"border-color: #0e7bdd !important;\" class=\"ui--title-borders ui--title-border-right\"><\/div><\/div><\/div><div class=\"auto-format ui--animation\"><p><div role=\"form\" class=\"wpcf7\" id=\"wpcf7-f145-o1\" lang=\"pl-PL\" dir=\"ltr\">\n<div class=\"screen-reader-response\"><p role=\"status\" aria-live=\"polite\" aria-atomic=\"true\"><\/p> <ul><\/ul><\/div>\n<form action=\"\/index.php\/wp-json\/wp\/v2\/pages\/11#wpcf7-f145-o1\" method=\"post\" class=\"wpcf7-form init\" novalidate=\"novalidate\" data-status=\"init\">\n<div style=\"display: none;\">\n<input type=\"hidden\" name=\"_wpcf7\" value=\"145\" \/>\n<input type=\"hidden\" name=\"_wpcf7_version\" value=\"5.5.6\" \/>\n<input type=\"hidden\" name=\"_wpcf7_locale\" value=\"pl_PL\" \/>\n<input type=\"hidden\" name=\"_wpcf7_unit_tag\" value=\"wpcf7-f145-o1\" \/>\n<input type=\"hidden\" name=\"_wpcf7_container_post\" value=\"0\" \/>\n<input type=\"hidden\" name=\"_wpcf7_posted_data_hash\" value=\"\" \/>\n<input type=\"hidden\" name=\"_wpcf7_recaptcha_response\" value=\"\" \/>\n<\/div>\n<p><label> Imi\u0119 i nazwisko<br \/>\n    <span class=\"wpcf7-form-control-wrap your-name\"><input type=\"text\" name=\"your-name\" value=\"\" size=\"40\" class=\"wpcf7-form-control wpcf7-text wpcf7-validates-as-required\" aria-required=\"true\" aria-invalid=\"false\" \/><\/span> <\/label><\/p>\n<p><label> Telefon<br \/>\n    <span class=\"wpcf7-form-control-wrap tel-935\"><input type=\"tel\" name=\"tel-935\" value=\"\" size=\"40\" class=\"wpcf7-form-control wpcf7-text wpcf7-tel wpcf7-validates-as-required wpcf7-validates-as-tel\" aria-required=\"true\" aria-invalid=\"false\" \/><\/span> <\/label><\/p>\n<p><label> Nazwa Imprezy<br \/>\n    <span class=\"wpcf7-form-control-wrap your-subject\"><input type=\"text\" name=\"your-subject\" value=\"\" size=\"40\" class=\"wpcf7-form-control wpcf7-text wpcf7-validates-as-required\" aria-required=\"true\" aria-invalid=\"false\" \/><\/span> <\/label><\/p>\n<p><label> Nazwa Imprezy<br \/>\n   <span class=\"wpcf7-form-control-wrap email-430\"><input type=\"email\" name=\"email-430\" value=\"\" size=\"40\" class=\"wpcf7-form-control wpcf7-text wpcf7-email wpcf7-validates-as-required wpcf7-validates-as-email\" aria-required=\"true\" aria-invalid=\"false\" \/><\/span> <\/label><\/p>\n<p><label> Termin<br \/>\n    <span class=\"wpcf7-form-control-wrap date-348\"><input type=\"date\" name=\"date-348\" value=\"\" class=\"wpcf7-form-control wpcf7-date wpcf7-validates-as-required wpcf7-validates-as-date\" aria-required=\"true\" aria-invalid=\"false\" \/><\/span> <\/label><\/p>\n<p><label> Liczba os\u00f3b<br \/>\n    <span class=\"wpcf7-form-control-wrap number-297\"><input type=\"number\" name=\"number-297\" value=\"\" class=\"wpcf7-form-control wpcf7-number wpcf7-validates-as-required wpcf7-validates-as-number\" aria-required=\"true\" aria-invalid=\"false\" \/><\/span> <\/label><\/p>\n<p><label> Dodatkowe Informacje<br \/>\n    <span class=\"wpcf7-form-control-wrap your-message\"><textarea name=\"your-message\" cols=\"40\" rows=\"10\" class=\"wpcf7-form-control wpcf7-textarea wpcf7-validates-as-required\" aria-required=\"true\" aria-invalid=\"false\"><\/textarea><\/span> <\/label><\/p>\n<span class=\"wpcf7-form-control-wrap recaptcha\" data-name=\"recaptcha\"><span data-sitekey=\"6LdKotMZAAAAANwVHbKJZIJf3jNKsc9xL-GHcYG4\" class=\"wpcf7-form-control g-recaptcha wpcf7-recaptcha\"><\/span>\r\n<noscript>\r\n\t<div class=\"grecaptcha-noscript\">\r\n\t\t<iframe loading=\"lazy\" src=\"https:\/\/www.google.com\/recaptcha\/api\/fallback?k=6LdKotMZAAAAANwVHbKJZIJf3jNKsc9xL-GHcYG4\" frameborder=\"0\" scrolling=\"no\" width=\"310\" height=\"430\">\r\n\t\t<\/iframe>\r\n\t\t<textarea name=\"g-recaptcha-response\" rows=\"3\" cols=\"40\" placeholder=\"reCaptcha Response Here\">\r\n\t\t<\/textarea>\r\n\t<\/div>\r\n<\/noscript>\r\n<\/span>\n<p><input type=\"submit\" value=\"Wy\u015blij\" class=\"wpcf7-form-control has-spinner wpcf7-submit\" \/><\/p>\n<p style=\"display: none !important;\" class=\"akismet-fields-container\" data-prefix=\"_wpcf7_ak_\"><label>&#916;<textarea name=\"_wpcf7_ak_hp_textarea\" cols=\"45\" rows=\"8\" maxlength=\"100\"><\/textarea><\/label><input type=\"hidden\" id=\"ak_js_1\" name=\"_wpcf7_ak_js\" value=\"49\"\/><script>document.getElementById( \"ak_js_1\" ).setAttribute( \"value\", ( new Date() ).getTime() );<\/script><\/p><div class=\"wpcf7-response-output\" aria-hidden=\"true\"><\/div><\/form><\/div><\/p>\n<\/div><\/div> \n\n <div   class=\"ui-column span6\"><div class=\"ui--title ui--animation ui--title-bordered text-left\"><div class=\"ui--title-holder\"><h3 class=\"ui--title-text\">REZERWACJA AUTOKARU<\/h3><div style=\"border-color: #0e7bdd !important;\" class=\"ui--title-borders ui--title-border-left\"><\/div><div style=\"border-color: #0e7bdd !important;\" class=\"ui--title-borders ui--title-border-right\"><\/div><\/div><\/div><div class=\"auto-format ui--animation\"><p>W celu zam\u00f3wienia autokaru prosimy o przes\u0142anie kr\u00f3tkiej wiadomo\u015bci e-mail na nasz adres : <strong>biuro@happybus.pl<\/strong> z podaniem:<\/p>\n<ul>\n<li>terminu wyjazdu<\/li>\n<li>celu wyjazdu<\/li>\n<li>g\u0142\u00f3wnych punkt\u00f3w programu<\/li>\n<li>czasu trwania wyjazdu<\/li>\n<li>dane kontaktowe<\/li>\n<\/ul>\n<p>lub wype\u0142enienie formularza kontaktowego<\/p>\n<p>Po uzyskaniu powy\u017cszych danych skontaktujemy si\u0119 z Pa\u0144stwem i przedstawimy nasz\u0105 propozycj\u0119 cenow\u0105.<\/p>\n<p style=\"text-align: right;\"><strong>Zapraszamy!<\/strong><\/p>\n<\/div><div  class=\"ui--space clearfix\" data-responsive=\"{&quot;css&quot;:{&quot;height&quot;:{&quot;phone&quot;:null,&quot;tablet&quot;:null,&quot;widescreen&quot;:null}}}\"><\/div><div  class=\"ui--space clearfix\" data-responsive=\"{&quot;css&quot;:{&quot;height&quot;:{&quot;phone&quot;:null,&quot;tablet&quot;:null,&quot;widescreen&quot;:null}}}\"><\/div><div class=\"ui--title ui--animation ui--title-bordered text-left\"><div class=\"ui--title-holder\"><h3 class=\"ui--title-text\">FORMULARZ<\/h3><div style=\"border-color: #0e7bdd !important;\" class=\"ui--title-borders ui--title-border-left\"><\/div><div style=\"border-color: #0e7bdd !important;\" class=\"ui--title-borders ui--title-border-right\"><\/div><\/div><\/div><div class=\"auto-format ui--animation\"><p><div role=\"form\" class=\"wpcf7\" id=\"wpcf7-f146-o2\" lang=\"pl-PL\" dir=\"ltr\">\n<div class=\"screen-reader-response\"><p role=\"status\" aria-live=\"polite\" aria-atomic=\"true\"><\/p> <ul><\/ul><\/div>\n<form action=\"\/index.php\/wp-json\/wp\/v2\/pages\/11#wpcf7-f146-o2\" method=\"post\" class=\"wpcf7-form init\" novalidate=\"novalidate\" data-status=\"init\">\n<div style=\"display: none;\">\n<input type=\"hidden\" name=\"_wpcf7\" value=\"146\" \/>\n<input type=\"hidden\" name=\"_wpcf7_version\" value=\"5.5.6\" \/>\n<input type=\"hidden\" name=\"_wpcf7_locale\" value=\"pl_PL\" \/>\n<input type=\"hidden\" name=\"_wpcf7_unit_tag\" value=\"wpcf7-f146-o2\" \/>\n<input type=\"hidden\" name=\"_wpcf7_container_post\" value=\"0\" \/>\n<input type=\"hidden\" name=\"_wpcf7_posted_data_hash\" value=\"\" \/>\n<input type=\"hidden\" name=\"_wpcf7_recaptcha_response\" value=\"\" \/>\n<\/div>\n<p><label> Imi\u0119 i nazwisko<br \/>\n    <span class=\"wpcf7-form-control-wrap your-name\"><input type=\"text\" name=\"your-name\" value=\"\" size=\"40\" class=\"wpcf7-form-control wpcf7-text wpcf7-validates-as-required\" aria-required=\"true\" aria-invalid=\"false\" \/><\/span> <\/label><\/p>\n<p><label> Telefon<br \/>\n    <span class=\"wpcf7-form-control-wrap tel-935\"><input type=\"tel\" name=\"tel-935\" value=\"\" size=\"40\" class=\"wpcf7-form-control wpcf7-text wpcf7-tel wpcf7-validates-as-required wpcf7-validates-as-tel\" aria-required=\"true\" aria-invalid=\"false\" \/><\/span> <\/label><\/p>\n<p><label> Termin Wyjazdu<br \/>\n    <span class=\"wpcf7-form-control-wrap email-961\"><input type=\"email\" name=\"email-961\" value=\"\" size=\"40\" class=\"wpcf7-form-control wpcf7-text wpcf7-email wpcf7-validates-as-required wpcf7-validates-as-email\" aria-required=\"true\" aria-invalid=\"false\" \/><\/span> <\/label><\/p>\n<p><label> Termin Wyjazdu<br \/>\n    <span class=\"wpcf7-form-control-wrap date-348\"><input type=\"date\" name=\"date-348\" value=\"\" class=\"wpcf7-form-control wpcf7-date wpcf7-validates-as-required wpcf7-validates-as-date\" aria-required=\"true\" aria-invalid=\"false\" \/><\/span> <\/label><\/p>\n<p><label> Czas trwania wyjazdu<br \/>\n    <span class=\"wpcf7-form-control-wrap number-297\"><input type=\"number\" name=\"number-297\" value=\"\" class=\"wpcf7-form-control wpcf7-number wpcf7-validates-as-required wpcf7-validates-as-number\" aria-required=\"true\" aria-invalid=\"false\" \/><\/span> <\/label><\/p>\n<p><label> G\u0142owny cel programowy<br \/>\n    <span class=\"wpcf7-form-control-wrap text-845\"><input type=\"text\" name=\"text-845\" value=\"\" size=\"40\" class=\"wpcf7-form-control wpcf7-text wpcf7-validates-as-required\" aria-required=\"true\" aria-invalid=\"false\" \/><\/span> <\/label><\/p>\n<p><label> Dodatkowe Informacje<br \/>\n    <span class=\"wpcf7-form-control-wrap your-message\"><textarea name=\"your-message\" cols=\"40\" rows=\"10\" class=\"wpcf7-form-control wpcf7-textarea wpcf7-validates-as-required\" aria-required=\"true\" aria-invalid=\"false\"><\/textarea><\/span> <\/label><\/p>\n<span class=\"wpcf7-form-control-wrap recaptcha\" data-name=\"recaptcha\"><span data-sitekey=\"6LdKotMZAAAAANwVHbKJZIJf3jNKsc9xL-GHcYG4\" class=\"wpcf7-form-control g-recaptcha wpcf7-recaptcha\"><\/span>\r\n<noscript>\r\n\t<div class=\"grecaptcha-noscript\">\r\n\t\t<iframe loading=\"lazy\" src=\"https:\/\/www.google.com\/recaptcha\/api\/fallback?k=6LdKotMZAAAAANwVHbKJZIJf3jNKsc9xL-GHcYG4\" frameborder=\"0\" scrolling=\"no\" width=\"310\" height=\"430\">\r\n\t\t<\/iframe>\r\n\t\t<textarea name=\"g-recaptcha-response\" rows=\"3\" cols=\"40\" placeholder=\"reCaptcha Response Here\">\r\n\t\t<\/textarea>\r\n\t<\/div>\r\n<\/noscript>\r\n<\/span>\n<p><input type=\"submit\" value=\"Wy\u015blij\" class=\"wpcf7-form-control has-spinner wpcf7-submit\" \/><\/p>\n<p style=\"display: none !important;\" class=\"akismet-fields-container\" data-prefix=\"_wpcf7_ak_\"><label>&#916;<textarea name=\"_wpcf7_ak_hp_textarea\" cols=\"45\" rows=\"8\" maxlength=\"100\"><\/textarea><\/label><input type=\"hidden\" id=\"ak_js_2\" name=\"_wpcf7_ak_js\" value=\"55\"\/><script>document.getElementById( \"ak_js_2\" ).setAttribute( \"value\", ( new Date() ).getTime() );<\/script><\/p><div class=\"wpcf7-response-output\" aria-hidden=\"true\"><\/div><\/form><\/div><\/p>\n<\/div><\/div> \n\n<\/div> \n","protected":false},"excerpt":{"rendered":"<p>REZERWACJA IMPREZY TURYSTYCZNEJRezerwacji dokonuje si\u0119 automatycznie przez klikni\u0119cie przycisku \u201eRezerwuj\u201d przy wybranym terminie danej imprezy turystycznej i wype\u0142nienie pojawiaj\u0105cego si\u0119 formularza. Nale\u017cy dok\u0142adnie przeczyta\u0107 i zaznaczy\u0107 odpowiednie pola wyboru przy dobrowolnych dop\u0142atach. OWU i inne za\u0142\u0105czniki pobieraj\u0105 si\u0119 w formie PDF. Po dokonaniu rezerwacji otrzymaj\u0105 Pa\u0144stwo natychmiast wiadomo\u015b\u0107 e-mail z systemu wraz z za\u0142\u0105cznikami , w tym z umow\u0105. Umowa jest szyfrowana. Prosz\u0119 najpierw przeczyta\u0107 otrzyman\u0105 wiadomo\u015b\u0107, aby otworzy\u0107 umow\u0119. Rezerwacje przyjmowane s\u0105 dla poszczeg\u00f3lnych [&hellip;]<\/p>\n","protected":false},"author":1,"featured_media":0,"parent":0,"menu_order":0,"comment_status":"closed","ping_status":"closed","template":"","meta":{"footnotes":""},"yoast_head":"<!-- This site is optimized with the Yoast SEO plugin v21.7 - https:\/\/yoast.com\/wordpress\/plugins\/seo\/ -->\n<title>JAK REZERWOWA\u0106 - HAPPY BUS - OLE\u015aNICA<\/title>\n<meta name=\"robots\" content=\"index, follow, max-snippet:-1, max-image-preview:large, max-video-preview:-1\" \/>\n<link rel=\"canonical\" href=\"https:\/\/happybus.pl\/index.php\/jak-rezerwowac\/\" \/>\n<meta property=\"og:locale\" content=\"pl_PL\" \/>\n<meta property=\"og:type\" content=\"article\" \/>\n<meta property=\"og:title\" content=\"JAK REZERWOWA\u0106 - HAPPY BUS - OLE\u015aNICA\" \/>\n<meta property=\"og:description\" content=\"REZERWACJA IMPREZY TURYSTYCZNEJRezerwacji dokonuje si\u0119 automatycznie przez klikni\u0119cie przycisku \u201eRezerwuj\u201d przy wybranym terminie danej imprezy turystycznej i wype\u0142nienie pojawiaj\u0105cego si\u0119 formularza. Nale\u017cy dok\u0142adnie przeczyta\u0107 i zaznaczy\u0107 odpowiednie pola wyboru przy dobrowolnych dop\u0142atach. OWU i inne za\u0142\u0105czniki pobieraj\u0105 si\u0119 w formie PDF. Po dokonaniu rezerwacji otrzymaj\u0105 Pa\u0144stwo natychmiast wiadomo\u015b\u0107 e-mail z systemu wraz z za\u0142\u0105cznikami , w tym z umow\u0105. Umowa jest szyfrowana. Prosz\u0119 najpierw przeczyta\u0107 otrzyman\u0105 wiadomo\u015b\u0107, aby otworzy\u0107 umow\u0119. Rezerwacje przyjmowane s\u0105 dla poszczeg\u00f3lnych [&hellip;]\" \/>\n<meta property=\"og:url\" content=\"https:\/\/happybus.pl\/index.php\/jak-rezerwowac\/\" \/>\n<meta property=\"og:site_name\" content=\"HAPPY BUS - OLE\u015aNICA\" \/>\n<meta property=\"article:modified_time\" content=\"2024-02-06T13:28:30+00:00\" \/>\n<meta name=\"twitter:card\" content=\"summary_large_image\" \/>\n<meta name=\"twitter:label1\" content=\"Szacowany czas czytania\" \/>\n\t<meta name=\"twitter:data1\" content=\"1 minuta\" \/>\n<script type=\"application\/ld+json\" class=\"yoast-schema-graph\">{\"@context\":\"https:\/\/schema.org\",\"@graph\":[{\"@type\":\"WebPage\",\"@id\":\"https:\/\/happybus.pl\/index.php\/jak-rezerwowac\/\",\"url\":\"https:\/\/happybus.pl\/index.php\/jak-rezerwowac\/\",\"name\":\"JAK REZERWOWA\u0106 - HAPPY BUS - OLE\u015aNICA\",\"isPartOf\":{\"@id\":\"https:\/\/happybus.pl\/#website\"},\"datePublished\":\"2019-03-31T16:39:25+00:00\",\"dateModified\":\"2024-02-06T13:28:30+00:00\",\"breadcrumb\":{\"@id\":\"https:\/\/happybus.pl\/index.php\/jak-rezerwowac\/#breadcrumb\"},\"inLanguage\":\"pl-PL\",\"potentialAction\":[{\"@type\":\"ReadAction\",\"target\":[\"https:\/\/happybus.pl\/index.php\/jak-rezerwowac\/\"]}]},{\"@type\":\"BreadcrumbList\",\"@id\":\"https:\/\/happybus.pl\/index.php\/jak-rezerwowac\/#breadcrumb\",\"itemListElement\":[{\"@type\":\"ListItem\",\"position\":1,\"name\":\"Strona g\u0142\u00f3wna\",\"item\":\"https:\/\/happybus.pl\/\"},{\"@type\":\"ListItem\",\"position\":2,\"name\":\"JAK REZERWOWA\u0106\"}]},{\"@type\":\"WebSite\",\"@id\":\"https:\/\/happybus.pl\/#website\",\"url\":\"https:\/\/happybus.pl\/\",\"name\":\"HAPPY BUS - OLE\u015aNICA\",\"description\":\"Wycieczki Krajowe i Zgarniczne\",\"potentialAction\":[{\"@type\":\"SearchAction\",\"target\":{\"@type\":\"EntryPoint\",\"urlTemplate\":\"https:\/\/happybus.pl\/?s={search_term_string}\"},\"query-input\":\"required name=search_term_string\"}],\"inLanguage\":\"pl-PL\"}]}<\/script>\n<!-- \/ Yoast SEO plugin. -->","yoast_head_json":{"title":"JAK REZERWOWA\u0106 - HAPPY BUS - OLE\u015aNICA","robots":{"index":"index","follow":"follow","max-snippet":"max-snippet:-1","max-image-preview":"max-image-preview:large","max-video-preview":"max-video-preview:-1"},"canonical":"https:\/\/happybus.pl\/index.php\/jak-rezerwowac\/","og_locale":"pl_PL","og_type":"article","og_title":"JAK REZERWOWA\u0106 - HAPPY BUS - OLE\u015aNICA","og_description":"REZERWACJA IMPREZY TURYSTYCZNEJRezerwacji dokonuje si\u0119 automatycznie przez klikni\u0119cie przycisku \u201eRezerwuj\u201d przy wybranym terminie danej imprezy turystycznej i wype\u0142nienie pojawiaj\u0105cego si\u0119 formularza. Nale\u017cy dok\u0142adnie przeczyta\u0107 i zaznaczy\u0107 odpowiednie pola wyboru przy dobrowolnych dop\u0142atach. OWU i inne za\u0142\u0105czniki pobieraj\u0105 si\u0119 w formie PDF. Po dokonaniu rezerwacji otrzymaj\u0105 Pa\u0144stwo natychmiast wiadomo\u015b\u0107 e-mail z systemu wraz z za\u0142\u0105cznikami , w tym z umow\u0105. Umowa jest szyfrowana. Prosz\u0119 najpierw przeczyta\u0107 otrzyman\u0105 wiadomo\u015b\u0107, aby otworzy\u0107 umow\u0119. Rezerwacje przyjmowane s\u0105 dla poszczeg\u00f3lnych [&hellip;]","og_url":"https:\/\/happybus.pl\/index.php\/jak-rezerwowac\/","og_site_name":"HAPPY BUS - OLE\u015aNICA","article_modified_time":"2024-02-06T13:28:30+00:00","twitter_card":"summary_large_image","twitter_misc":{"Szacowany czas czytania":"1 minuta"},"schema":{"@context":"https:\/\/schema.org","@graph":[{"@type":"WebPage","@id":"https:\/\/happybus.pl\/index.php\/jak-rezerwowac\/","url":"https:\/\/happybus.pl\/index.php\/jak-rezerwowac\/","name":"JAK REZERWOWA\u0106 - HAPPY BUS - OLE\u015aNICA","isPartOf":{"@id":"https:\/\/happybus.pl\/#website"},"datePublished":"2019-03-31T16:39:25+00:00","dateModified":"2024-02-06T13:28:30+00:00","breadcrumb":{"@id":"https:\/\/happybus.pl\/index.php\/jak-rezerwowac\/#breadcrumb"},"inLanguage":"pl-PL","potentialAction":[{"@type":"ReadAction","target":["https:\/\/happybus.pl\/index.php\/jak-rezerwowac\/"]}]},{"@type":"BreadcrumbList","@id":"https:\/\/happybus.pl\/index.php\/jak-rezerwowac\/#breadcrumb","itemListElement":[{"@type":"ListItem","position":1,"name":"Strona g\u0142\u00f3wna","item":"https:\/\/happybus.pl\/"},{"@type":"ListItem","position":2,"name":"JAK REZERWOWA\u0106"}]},{"@type":"WebSite","@id":"https:\/\/happybus.pl\/#website","url":"https:\/\/happybus.pl\/","name":"HAPPY BUS - OLE\u015aNICA","description":"Wycieczki Krajowe i Zgarniczne","potentialAction":[{"@type":"SearchAction","target":{"@type":"EntryPoint","urlTemplate":"https:\/\/happybus.pl\/?s={search_term_string}"},"query-input":"required name=search_term_string"}],"inLanguage":"pl-PL"}]}},"_links":{"self":[{"href":"https:\/\/happybus.pl\/index.php\/wp-json\/wp\/v2\/pages\/11"}],"collection":[{"href":"https:\/\/happybus.pl\/index.php\/wp-json\/wp\/v2\/pages"}],"about":[{"href":"https:\/\/happybus.pl\/index.php\/wp-json\/wp\/v2\/types\/page"}],"author":[{"embeddable":true,"href":"https:\/\/happybus.pl\/index.php\/wp-json\/wp\/v2\/users\/1"}],"replies":[{"embeddable":true,"href":"https:\/\/happybus.pl\/index.php\/wp-json\/wp\/v2\/comments?post=11"}],"version-history":[{"count":2,"href":"https:\/\/happybus.pl\/index.php\/wp-json\/wp\/v2\/pages\/11\/revisions"}],"predecessor-version":[{"id":3126,"href":"https:\/\/happybus.pl\/index.php\/wp-json\/wp\/v2\/pages\/11\/revisions\/3126"}],"wp:attachment":[{"href":"https:\/\/happybus.pl\/index.php\/wp-json\/wp\/v2\/media?parent=11"}],"curies":[{"name":"wp","href":"https:\/\/api.w.org\/{rel}","templated":true}]}}