{"id":1008,"date":"2020-06-08T10:00:08","date_gmt":"2020-06-08T08:00:08","guid":{"rendered":"http:\/\/happybus.pl\/?page_id=1008"},"modified":"2025-10-08T19:55:15","modified_gmt":"2025-10-08T17:55:15","slug":"aktualnosci-komunikaty","status":"publish","type":"page","link":"https:\/\/happybus.pl\/index.php\/aktualnosci-komunikaty\/","title":{"rendered":"AKTUALNO\u015aCI \/ KOMUNIKATY"},"content":{"rendered":"<div class=\"pdfprnt-buttons pdfprnt-buttons-page pdfprnt-top-bottom-right\"><a href=\"https:\/\/happybus.pl\/index.php\/wp-json\/wp\/v2\/pages\/1008?print=pdf\" class=\"pdfprnt-button pdfprnt-button-pdf\" target=\"_blank\" ><img decoding=\"async\" src=\"https:\/\/happybus.pl\/wp-content\/plugins\/pdf-print\/images\/pdf.png\" alt=\"image_pdf\" title=\"View PDF\" \/><\/a><a href=\"https:\/\/happybus.pl\/index.php\/wp-json\/wp\/v2\/pages\/1008?print=print\" class=\"pdfprnt-button pdfprnt-button-print\" target=\"_blank\" ><img decoding=\"async\" src=\"https:\/\/happybus.pl\/wp-content\/plugins\/pdf-print\/images\/print.png\" alt=\"image_print\" title=\"Print Content\" \/><\/a><\/div>\n<p class=\"has-text-align-center\"><strong>DRODZY KLIENCI<\/strong><\/p>\n\n\n\n<p class=\"has-text-align-center\">W dniach <strong>20-28.10.2025<\/strong> przebywamy poza Europ\u0105, w innej strefie czasowej<\/p>\n\n\n\n<p class=\"has-text-align-center\"><strong>Nasze telefony b\u0119d\u0105 w tym czasie nieczynne.<\/strong><\/p>\n\n\n\n<p class=\"has-text-align-center\">W miar\u0119 mo\u017cliwo\u015bci odpowiemy na wiadomo\u015bci e-mail.<\/p>\n\n\n\n<p class=\"has-text-align-center\">System rezerwacji on-line jest niezmiennie aktywny, zapraszamy do rezerwacji naszych imprez.<\/p>\n\n\n\n<h3 class=\"wp-block-heading has-text-align-center\"><strong>Drodzy Klienci!<\/strong><\/h3>\n\n\n\n<h4 class=\"wp-block-heading has-text-align-center\">Od 01.01.2024 obowi\u0105zuj\u0105 nowe zasady rezerwacji naszych imprez turystycznych<\/h4>\n\n\n\n<h4 class=\"wp-block-heading has-text-align-center\">Przy ka\u017cdej ofercie podane s\u0105 terminy, ceny i aktywny przycisk &#8222;rezerwuj&#8221;, kt\u00f3ry przenosi do formularza rezerwacji wraz z wszystkimi informacjami o godzinach, miejscach wyjazdu, ewentualnych dop\u0142atach itp. <\/h4>\n\n\n\n<h4 class=\"wp-block-heading has-text-align-center\">Po dokonaniu rezerwacji otrzymaj\u0105 Pa\u0144stwo na podany adres e-mail umow\u0119 w wersji elektronicznej, ze wszystkimi niezb\u0119dnymi za\u0142\u0105cznikami oraz indywidualnym numerem rachunku , na kt\u00f3ry nale\u017cy dokonywa\u0107 wp\u0142at. <\/h4>\n\n\n\n<h4 class=\"wp-block-heading has-text-align-center\">Umowy &#8222;papierowe&#8221; przestaj\u0105 tym samy obowi\u0105zywa\u0107. Prosimy r\u00f3wnie\u017c nie dokonywa\u0107 wp\u0142at na og\u00f3lny rachunek bankowy. Jeste\u015bmy przekonani, \u017ce zautomatyzowany system rezerwacji b\u0119dzie u\u0142atwieniem dla Pa\u0144stwa i dla nas. <\/h4>\n\n\n\n<h4 class=\"wp-block-heading has-text-align-center\">Przy ka\u017cdej ofercie b\u0119d\u0105 Pa\u0144stwo widzieli czy miejsca jeszcze s\u0105 dost\u0119pne i rezerwacja jest mo\u017cliwa. W razie w\u0105tpliwo\u015bci lub niejasno\u015bci prosimy o kontakt<\/h4>\n\n\n\n<p class=\"has-text-align-center\"><strong>Jednocze\u015bnie informujemy \u017ce jedynym adresem mailowym do biura jest:  biuro@happybus.pl. Prosimy nie odpowiada\u0107 na wiadomo\u015bci wysy\u0142ane z automatu.<\/strong><\/p>\n\n\n\n<h4 class=\"wp-block-heading has-text-align-center\">Zapraszamy!<\/h4>\n<div class=\"pdfprnt-buttons pdfprnt-buttons-page pdfprnt-top-bottom-right\"><a href=\"https:\/\/happybus.pl\/index.php\/wp-json\/wp\/v2\/pages\/1008?print=pdf\" class=\"pdfprnt-button pdfprnt-button-pdf\" target=\"_blank\" ><img decoding=\"async\" src=\"https:\/\/happybus.pl\/wp-content\/plugins\/pdf-print\/images\/pdf.png\" alt=\"image_pdf\" title=\"View PDF\" \/><\/a><a href=\"https:\/\/happybus.pl\/index.php\/wp-json\/wp\/v2\/pages\/1008?print=print\" class=\"pdfprnt-button pdfprnt-button-print\" target=\"_blank\" ><img decoding=\"async\" src=\"https:\/\/happybus.pl\/wp-content\/plugins\/pdf-print\/images\/print.png\" alt=\"image_print\" title=\"Print Content\" \/><\/a><\/div>","protected":false},"excerpt":{"rendered":"<p>DRODZY KLIENCI W dniach 20-28.10.2025 przebywamy poza Europ\u0105, w innej strefie czasowej Nasze telefony b\u0119d\u0105 w tym czasie nieczynne. W miar\u0119 mo\u017cliwo\u015bci odpowiemy na wiadomo\u015bci e-mail. System rezerwacji on-line jest niezmiennie aktywny, zapraszamy do rezerwacji naszych imprez. Drodzy Klienci! Od 01.01.2024 obowi\u0105zuj\u0105 nowe zasady rezerwacji naszych imprez turystycznych Przy ka\u017cdej ofercie podane s\u0105 terminy, ceny i aktywny przycisk &#8222;rezerwuj&#8221;, kt\u00f3ry przenosi do formularza rezerwacji wraz z wszystkimi informacjami o godzinach, miejscach wyjazdu, ewentualnych dop\u0142atach itp. [&hellip;]<\/p>\n","protected":false},"author":1,"featured_media":0,"parent":0,"menu_order":0,"comment_status":"closed","ping_status":"closed","template":"","meta":{"footnotes":""},"yoast_head":"<!-- This site is optimized with the Yoast SEO plugin v21.7 - https:\/\/yoast.com\/wordpress\/plugins\/seo\/ -->\n<title>AKTUALNO\u015aCI \/ KOMUNIKATY - HAPPY BUS - OLE\u015aNICA<\/title>\n<meta name=\"robots\" content=\"index, follow, max-snippet:-1, max-image-preview:large, max-video-preview:-1\" \/>\n<link rel=\"canonical\" href=\"https:\/\/happybus.pl\/index.php\/aktualnosci-komunikaty\/\" \/>\n<meta property=\"og:locale\" content=\"pl_PL\" \/>\n<meta property=\"og:type\" content=\"article\" \/>\n<meta property=\"og:title\" content=\"AKTUALNO\u015aCI \/ KOMUNIKATY - HAPPY BUS - OLE\u015aNICA\" \/>\n<meta property=\"og:description\" content=\"DRODZY KLIENCI W dniach 20-28.10.2025 przebywamy poza Europ\u0105, w innej strefie czasowej Nasze telefony b\u0119d\u0105 w tym czasie nieczynne. W miar\u0119 mo\u017cliwo\u015bci odpowiemy na wiadomo\u015bci e-mail. System rezerwacji on-line jest niezmiennie aktywny, zapraszamy do rezerwacji naszych imprez. Drodzy Klienci! Od 01.01.2024 obowi\u0105zuj\u0105 nowe zasady rezerwacji naszych imprez turystycznych Przy ka\u017cdej ofercie podane s\u0105 terminy, ceny i aktywny przycisk &#8222;rezerwuj&#8221;, kt\u00f3ry przenosi do formularza rezerwacji wraz z wszystkimi informacjami o godzinach, miejscach wyjazdu, ewentualnych dop\u0142atach itp. [&hellip;]\" \/>\n<meta property=\"og:url\" content=\"https:\/\/happybus.pl\/index.php\/aktualnosci-komunikaty\/\" \/>\n<meta property=\"og:site_name\" content=\"HAPPY BUS - OLE\u015aNICA\" \/>\n<meta property=\"article:modified_time\" content=\"2025-10-08T17:55:15+00:00\" \/>\n<meta name=\"twitter:card\" content=\"summary_large_image\" \/>\n<meta name=\"twitter:label1\" content=\"Szacowany czas czytania\" \/>\n\t<meta name=\"twitter:data1\" content=\"2 minuty\" \/>\n<script type=\"application\/ld+json\" class=\"yoast-schema-graph\">{\"@context\":\"https:\/\/schema.org\",\"@graph\":[{\"@type\":\"WebPage\",\"@id\":\"https:\/\/happybus.pl\/index.php\/aktualnosci-komunikaty\/\",\"url\":\"https:\/\/happybus.pl\/index.php\/aktualnosci-komunikaty\/\",\"name\":\"AKTUALNO\u015aCI \/ KOMUNIKATY - HAPPY BUS - OLE\u015aNICA\",\"isPartOf\":{\"@id\":\"https:\/\/happybus.pl\/#website\"},\"datePublished\":\"2020-06-08T08:00:08+00:00\",\"dateModified\":\"2025-10-08T17:55:15+00:00\",\"breadcrumb\":{\"@id\":\"https:\/\/happybus.pl\/index.php\/aktualnosci-komunikaty\/#breadcrumb\"},\"inLanguage\":\"pl-PL\",\"potentialAction\":[{\"@type\":\"ReadAction\",\"target\":[\"https:\/\/happybus.pl\/index.php\/aktualnosci-komunikaty\/\"]}]},{\"@type\":\"BreadcrumbList\",\"@id\":\"https:\/\/happybus.pl\/index.php\/aktualnosci-komunikaty\/#breadcrumb\",\"itemListElement\":[{\"@type\":\"ListItem\",\"position\":1,\"name\":\"Strona g\u0142\u00f3wna\",\"item\":\"https:\/\/happybus.pl\/\"},{\"@type\":\"ListItem\",\"position\":2,\"name\":\"AKTUALNO\u015aCI \/ KOMUNIKATY\"}]},{\"@type\":\"WebSite\",\"@id\":\"https:\/\/happybus.pl\/#website\",\"url\":\"https:\/\/happybus.pl\/\",\"name\":\"HAPPY BUS - OLE\u015aNICA\",\"description\":\"Wycieczki Krajowe i Zgarniczne\",\"potentialAction\":[{\"@type\":\"SearchAction\",\"target\":{\"@type\":\"EntryPoint\",\"urlTemplate\":\"https:\/\/happybus.pl\/?s={search_term_string}\"},\"query-input\":\"required name=search_term_string\"}],\"inLanguage\":\"pl-PL\"}]}<\/script>\n<!-- \/ Yoast SEO plugin. -->","yoast_head_json":{"title":"AKTUALNO\u015aCI \/ KOMUNIKATY - HAPPY BUS - OLE\u015aNICA","robots":{"index":"index","follow":"follow","max-snippet":"max-snippet:-1","max-image-preview":"max-image-preview:large","max-video-preview":"max-video-preview:-1"},"canonical":"https:\/\/happybus.pl\/index.php\/aktualnosci-komunikaty\/","og_locale":"pl_PL","og_type":"article","og_title":"AKTUALNO\u015aCI \/ KOMUNIKATY - HAPPY BUS - OLE\u015aNICA","og_description":"DRODZY KLIENCI W dniach 20-28.10.2025 przebywamy poza Europ\u0105, w innej strefie czasowej Nasze telefony b\u0119d\u0105 w tym czasie nieczynne. W miar\u0119 mo\u017cliwo\u015bci odpowiemy na wiadomo\u015bci e-mail. System rezerwacji on-line jest niezmiennie aktywny, zapraszamy do rezerwacji naszych imprez. Drodzy Klienci! Od 01.01.2024 obowi\u0105zuj\u0105 nowe zasady rezerwacji naszych imprez turystycznych Przy ka\u017cdej ofercie podane s\u0105 terminy, ceny i aktywny przycisk &#8222;rezerwuj&#8221;, kt\u00f3ry przenosi do formularza rezerwacji wraz z wszystkimi informacjami o godzinach, miejscach wyjazdu, ewentualnych dop\u0142atach itp. [&hellip;]","og_url":"https:\/\/happybus.pl\/index.php\/aktualnosci-komunikaty\/","og_site_name":"HAPPY BUS - OLE\u015aNICA","article_modified_time":"2025-10-08T17:55:15+00:00","twitter_card":"summary_large_image","twitter_misc":{"Szacowany czas czytania":"2 minuty"},"schema":{"@context":"https:\/\/schema.org","@graph":[{"@type":"WebPage","@id":"https:\/\/happybus.pl\/index.php\/aktualnosci-komunikaty\/","url":"https:\/\/happybus.pl\/index.php\/aktualnosci-komunikaty\/","name":"AKTUALNO\u015aCI \/ KOMUNIKATY - HAPPY BUS - OLE\u015aNICA","isPartOf":{"@id":"https:\/\/happybus.pl\/#website"},"datePublished":"2020-06-08T08:00:08+00:00","dateModified":"2025-10-08T17:55:15+00:00","breadcrumb":{"@id":"https:\/\/happybus.pl\/index.php\/aktualnosci-komunikaty\/#breadcrumb"},"inLanguage":"pl-PL","potentialAction":[{"@type":"ReadAction","target":["https:\/\/happybus.pl\/index.php\/aktualnosci-komunikaty\/"]}]},{"@type":"BreadcrumbList","@id":"https:\/\/happybus.pl\/index.php\/aktualnosci-komunikaty\/#breadcrumb","itemListElement":[{"@type":"ListItem","position":1,"name":"Strona g\u0142\u00f3wna","item":"https:\/\/happybus.pl\/"},{"@type":"ListItem","position":2,"name":"AKTUALNO\u015aCI \/ KOMUNIKATY"}]},{"@type":"WebSite","@id":"https:\/\/happybus.pl\/#website","url":"https:\/\/happybus.pl\/","name":"HAPPY BUS - OLE\u015aNICA","description":"Wycieczki Krajowe i Zgarniczne","potentialAction":[{"@type":"SearchAction","target":{"@type":"EntryPoint","urlTemplate":"https:\/\/happybus.pl\/?s={search_term_string}"},"query-input":"required name=search_term_string"}],"inLanguage":"pl-PL"}]}},"_links":{"self":[{"href":"https:\/\/happybus.pl\/index.php\/wp-json\/wp\/v2\/pages\/1008"}],"collection":[{"href":"https:\/\/happybus.pl\/index.php\/wp-json\/wp\/v2\/pages"}],"about":[{"href":"https:\/\/happybus.pl\/index.php\/wp-json\/wp\/v2\/types\/page"}],"author":[{"embeddable":true,"href":"https:\/\/happybus.pl\/index.php\/wp-json\/wp\/v2\/users\/1"}],"replies":[{"embeddable":true,"href":"https:\/\/happybus.pl\/index.php\/wp-json\/wp\/v2\/comments?post=1008"}],"version-history":[{"count":58,"href":"https:\/\/happybus.pl\/index.php\/wp-json\/wp\/v2\/pages\/1008\/revisions"}],"predecessor-version":[{"id":4088,"href":"https:\/\/happybus.pl\/index.php\/wp-json\/wp\/v2\/pages\/1008\/revisions\/4088"}],"wp:attachment":[{"href":"https:\/\/happybus.pl\/index.php\/wp-json\/wp\/v2\/media?parent=1008"}],"curies":[{"name":"wp","href":"https:\/\/api.w.org\/{rel}","templated":true}]}}